{"id":2487,"date":"2023-11-01T08:40:40","date_gmt":"2023-11-01T07:40:40","guid":{"rendered":"https:\/\/simplesmile.com\/produkt\/simplesmile-multifunctional-super-white-toothpaste-75-ml\/"},"modified":"2023-11-13T17:14:23","modified_gmt":"2023-11-13T16:14:23","slug":"simplesmile-multifunctional-super-white-toothpaste-75-ml","status":"publish","type":"product","link":"https:\/\/simplesmile.com\/da\/produkt\/simplesmile-multifunctional-super-white-toothpaste-75-ml\/","title":{"rendered":"SimpleSmile\u00ae Multifunctional SUPER WHITE TOOTHPASTE, 75 ml"},"content":{"rendered":"<p>Superwhite tandpastaen er fyldt med mange nye ingredienser, som ingen nogensinde har inkluderet i en tandpasta f\u00f8r &#8211; som unikt hvidt tr\u00e6kul til at absorbere toksiner og d\u00e5rlige lugte, hyaluronsyre til anti-inflammatorisk tandk\u00f8dssundhed og C-vitamin for generel styrke for blot at n\u00e6vne nogle f\u00e5 . Den absolut vigtigste ingrediens til hvidere t\u00e6nder er PAP, som vi skriver mere om nedenfor.<\/p>\n<p>PAP er et nyt peroxid godkendt af Eu til mundplejeprodukter. Det er en OTC blegegel, der indeholder phthalimidoperoxycapronsyre (PAP) og granat\u00e6blefrugtekstrakt som aktive ingredienser og har et h\u00f8jt potentiale for oxidation med frigivelse af aktivt oxygen. i overensstemmelse med EU Cosmetic PAP er i overensstemmelse med forordning (EF) 1223\/2009. Vi har lang erfaring med phthalimidoperoxycapronsyre (PAP) i vores tandblegningsgeler, som er b\u00e5de effektiv og sk\u00e5nsom. I vores tandpasta har vi 4%, hvilket er et h\u00f8jt indhold.<\/p>\n<p>PAP er meget sikkert at bruge. Har vist sig effektivt at blege uden at for\u00e5rsage skade p\u00e5 den indre eller ydre struktur af tanden.<\/p>\n<p>Til yderligere blegning af t\u00e6nder er der Calcium Peroxide. Det opl\u00f8ser proteinet p\u00e5 tandoverfladen(-erne), der tiltr\u00e6kker pletter til tandoverfladen og holder dem indkapslet. N\u00e5r protein er opl\u00f8st, f\u00f8lger alle pletter og farvestoffer med og l\u00f8snes forsigtigt fra t\u00e6nderne. Dette uden skrappe ingredienser som brintoverilte. Calciumperoxids langsomme iltfrigivende egenskaber g\u00f8r det ogs\u00e5 til en ideel, omkostningseffektiv naturlig tandblegningsmulighed. Daglig brug af Simplesmile SuperWhite tandpasta i uger og m\u00e5neder. Daglig brug har en stabil blegende effekt uden skrappe slibemidler eller st\u00e6rke reng\u00f8ringsmidler.<\/p>\n<p>Derudover har vi en h\u00f8j koncentration af phthalimidoperoxycapronsyre (PAP), som er et mere sikkert alternativ til traditionelle blegeingredienser og det aktive blegemiddel.<\/p>\n<p>(PAP), en organisk persyre, der indeholder et h\u00f8jt potentiale for oxidation p\u00e5 grund af tilg\u00e6ngeligheden af \u200b\u200boxygensidek\u00e6der, der kan spaltes i n\u00e6rv\u00e6r af orale og frugtenzymer. Oxidation er n\u00f8dvendig for blegningsprocessen, fordi den neutraliserer organiske dobbeltbindinger. Derudover er vores Super White &amp; Fresh tandpasta ikke testet p\u00e5 dyr (cruelty free), sulfatfri, 98% naturlig og vegansk.<\/p>\n<p><strong>Supersmile Superwhite er:<\/strong><\/p>\n<ul>\n<li>Sulfat Fi<\/li>\n<li>Parabenfri<\/li>\n<li>Ikke testet p\u00e5 dyr<\/li>\n<li>Vegansk<\/li>\n<li>97% naturlige ingredienser<\/li>\n<li>Helt fri for Microplaster<\/li>\n<\/ul>\n","protected":false},"excerpt":{"rendered":"<p>It ensures clean, visibly whiter teeth, strengthens the enamel, freshens the breath, and protects against plaque and cavities. Uses the purest and safest ingredients. This is Your toothpaste.<\/p>\n<p>This is a toothpaste for every taste, need and moment; it comes flavored in fresh real Spearmint<\/p>\n","protected":false},"featured_media":2467,"comment_status":"open","ping_status":"closed","template":"","meta":{"_acf_changed":false,"om_disable_all_campaigns":false,"_monsterinsights_skip_tracking":false,"_monsterinsights_sitenote_active":false,"_monsterinsights_sitenote_note":"","_monsterinsights_sitenote_category":0},"product_brand":[],"product_cat":[54,48],"product_tag":[],"class_list":{"0":"post-2487","1":"product","2":"type-product","3":"status-publish","4":"has-post-thumbnail","6":"product_cat-kompletta-kit-da","7":"product_cat-ovrigt-da","9":"first","10":"instock","11":"taxable","12":"shipping-taxable","13":"purchasable","14":"product-type-simple"},"acf":[],"aioseo_notices":[],"shsp-ext":{"main":{},"variations":[]},"yoast_head":"<!-- This site is optimized with the Yoast SEO plugin v27.2 - https:\/\/yoast.com\/product\/yoast-seo-wordpress\/ -->\n<title>SimpleSmile\u00ae Multifunctional SUPER WHITE TOOTHPASTE, 75 ml - SimpleSmile<\/title>\n<meta name=\"robots\" content=\"index, follow, max-snippet:-1, max-image-preview:large, max-video-preview:-1\" \/>\n<link rel=\"canonical\" href=\"https:\/\/simplesmile.com\/da\/produkt\/simplesmile-multifunctional-super-white-toothpaste-75-ml\/\" \/>\n<meta property=\"og:locale\" content=\"da_DK\" \/>\n<meta property=\"og:type\" content=\"article\" \/>\n<meta property=\"og:title\" content=\"SimpleSmile\u00ae Multifunctional SUPER WHITE TOOTHPASTE, 75 ml - SimpleSmile\" \/>\n<meta property=\"og:description\" content=\"It ensures clean, visibly whiter teeth, strengthens the enamel, freshens the breath, and protects against plaque and cavities. Uses the purest and safest ingredients. This is Your toothpaste.  This is a toothpaste for every taste, need and moment; it comes flavored in fresh real Spearmint\" \/>\n<meta property=\"og:url\" content=\"https:\/\/simplesmile.com\/da\/produkt\/simplesmile-multifunctional-super-white-toothpaste-75-ml\/\" \/>\n<meta property=\"og:site_name\" content=\"SimpleSmile\" \/>\n<meta property=\"article:modified_time\" content=\"2023-11-13T16:14:23+00:00\" \/>\n<meta property=\"og:image\" content=\"https:\/\/simplesmile.com\/wp-content\/uploads\/2023\/11\/SimpleSmile\u00ae-SUPERWHITE-box-tube.jpeg\" \/>\n\t<meta property=\"og:image:width\" content=\"480\" \/>\n\t<meta property=\"og:image:height\" content=\"640\" \/>\n\t<meta property=\"og:image:type\" content=\"image\/jpeg\" \/>\n<meta name=\"twitter:card\" content=\"summary_large_image\" \/>\n<meta name=\"twitter:label1\" content=\"Estimeret l\u00e6setid\" \/>\n\t<meta name=\"twitter:data1\" content=\"2 minutter\" \/>\n<script type=\"application\/ld+json\" class=\"yoast-schema-graph\">{\"@context\":\"https:\/\/schema.org\",\"@graph\":[{\"@type\":\"WebPage\",\"@id\":\"https:\/\/simplesmile.com\/da\/produkt\/simplesmile-multifunctional-super-white-toothpaste-75-ml\/\",\"url\":\"https:\/\/simplesmile.com\/da\/produkt\/simplesmile-multifunctional-super-white-toothpaste-75-ml\/\",\"name\":\"SimpleSmile\u00ae Multifunctional SUPER WHITE TOOTHPASTE, 75 ml - SimpleSmile\",\"isPartOf\":{\"@id\":\"https:\/\/simplesmile.com\/sv\/#website\"},\"primaryImageOfPage\":{\"@id\":\"https:\/\/simplesmile.com\/da\/produkt\/simplesmile-multifunctional-super-white-toothpaste-75-ml\/#primaryimage\"},\"image\":{\"@id\":\"https:\/\/simplesmile.com\/da\/produkt\/simplesmile-multifunctional-super-white-toothpaste-75-ml\/#primaryimage\"},\"thumbnailUrl\":\"https:\/\/simplesmile.com\/wp-content\/uploads\/2023\/11\/SimpleSmile\u00ae-SUPERWHITE-box-tube.jpeg\",\"datePublished\":\"2023-11-01T07:40:40+00:00\",\"dateModified\":\"2023-11-13T16:14:23+00:00\",\"breadcrumb\":{\"@id\":\"https:\/\/simplesmile.com\/da\/produkt\/simplesmile-multifunctional-super-white-toothpaste-75-ml\/#breadcrumb\"},\"inLanguage\":\"da-DK\",\"potentialAction\":[{\"@type\":\"ReadAction\",\"target\":[\"https:\/\/simplesmile.com\/da\/produkt\/simplesmile-multifunctional-super-white-toothpaste-75-ml\/\"]}]},{\"@type\":\"ImageObject\",\"inLanguage\":\"da-DK\",\"@id\":\"https:\/\/simplesmile.com\/da\/produkt\/simplesmile-multifunctional-super-white-toothpaste-75-ml\/#primaryimage\",\"url\":\"https:\/\/simplesmile.com\/wp-content\/uploads\/2023\/11\/SimpleSmile\u00ae-SUPERWHITE-box-tube.jpeg\",\"contentUrl\":\"https:\/\/simplesmile.com\/wp-content\/uploads\/2023\/11\/SimpleSmile\u00ae-SUPERWHITE-box-tube.jpeg\",\"width\":480,\"height\":640},{\"@type\":\"BreadcrumbList\",\"@id\":\"https:\/\/simplesmile.com\/da\/produkt\/simplesmile-multifunctional-super-white-toothpaste-75-ml\/#breadcrumb\",\"itemListElement\":[{\"@type\":\"ListItem\",\"position\":1,\"name\":\"Home\",\"item\":\"https:\/\/simplesmile.com\/da\/\"},{\"@type\":\"ListItem\",\"position\":2,\"name\":\"Webbutik\",\"item\":\"https:\/\/simplesmile.com\/sv\/butik\/\"},{\"@type\":\"ListItem\",\"position\":3,\"name\":\"SimpleSmile\u00ae Multifunctional SUPER WHITE TOOTHPASTE, 75 ml\"}]},{\"@type\":\"WebSite\",\"@id\":\"https:\/\/simplesmile.com\/sv\/#website\",\"url\":\"https:\/\/simplesmile.com\/sv\/\",\"name\":\"SimpleSmile\",\"description\":\"Vitare t\u00e4nder med garanterat resultat\",\"potentialAction\":[{\"@type\":\"SearchAction\",\"target\":{\"@type\":\"EntryPoint\",\"urlTemplate\":\"https:\/\/simplesmile.com\/sv\/?s={search_term_string}\"},\"query-input\":{\"@type\":\"PropertyValueSpecification\",\"valueRequired\":true,\"valueName\":\"search_term_string\"}}],\"inLanguage\":\"da-DK\"}]}<\/script>\n<!-- \/ Yoast SEO plugin. -->","yoast_head_json":{"title":"SimpleSmile\u00ae Multifunctional SUPER WHITE TOOTHPASTE, 75 ml - SimpleSmile","robots":{"index":"index","follow":"follow","max-snippet":"max-snippet:-1","max-image-preview":"max-image-preview:large","max-video-preview":"max-video-preview:-1"},"canonical":"https:\/\/simplesmile.com\/da\/produkt\/simplesmile-multifunctional-super-white-toothpaste-75-ml\/","og_locale":"da_DK","og_type":"article","og_title":"SimpleSmile\u00ae Multifunctional SUPER WHITE TOOTHPASTE, 75 ml - SimpleSmile","og_description":"It ensures clean, visibly whiter teeth, strengthens the enamel, freshens the breath, and protects against plaque and cavities. Uses the purest and safest ingredients. This is Your toothpaste.  This is a toothpaste for every taste, need and moment; it comes flavored in fresh real Spearmint","og_url":"https:\/\/simplesmile.com\/da\/produkt\/simplesmile-multifunctional-super-white-toothpaste-75-ml\/","og_site_name":"SimpleSmile","article_modified_time":"2023-11-13T16:14:23+00:00","og_image":[{"width":480,"height":640,"url":"https:\/\/simplesmile.com\/wp-content\/uploads\/2023\/11\/SimpleSmile\u00ae-SUPERWHITE-box-tube.jpeg","type":"image\/jpeg"}],"twitter_card":"summary_large_image","twitter_misc":{"Estimeret l\u00e6setid":"2 minutter"},"schema":{"@context":"https:\/\/schema.org","@graph":[{"@type":"WebPage","@id":"https:\/\/simplesmile.com\/da\/produkt\/simplesmile-multifunctional-super-white-toothpaste-75-ml\/","url":"https:\/\/simplesmile.com\/da\/produkt\/simplesmile-multifunctional-super-white-toothpaste-75-ml\/","name":"SimpleSmile\u00ae Multifunctional SUPER WHITE TOOTHPASTE, 75 ml - SimpleSmile","isPartOf":{"@id":"https:\/\/simplesmile.com\/sv\/#website"},"primaryImageOfPage":{"@id":"https:\/\/simplesmile.com\/da\/produkt\/simplesmile-multifunctional-super-white-toothpaste-75-ml\/#primaryimage"},"image":{"@id":"https:\/\/simplesmile.com\/da\/produkt\/simplesmile-multifunctional-super-white-toothpaste-75-ml\/#primaryimage"},"thumbnailUrl":"https:\/\/simplesmile.com\/wp-content\/uploads\/2023\/11\/SimpleSmile\u00ae-SUPERWHITE-box-tube.jpeg","datePublished":"2023-11-01T07:40:40+00:00","dateModified":"2023-11-13T16:14:23+00:00","breadcrumb":{"@id":"https:\/\/simplesmile.com\/da\/produkt\/simplesmile-multifunctional-super-white-toothpaste-75-ml\/#breadcrumb"},"inLanguage":"da-DK","potentialAction":[{"@type":"ReadAction","target":["https:\/\/simplesmile.com\/da\/produkt\/simplesmile-multifunctional-super-white-toothpaste-75-ml\/"]}]},{"@type":"ImageObject","inLanguage":"da-DK","@id":"https:\/\/simplesmile.com\/da\/produkt\/simplesmile-multifunctional-super-white-toothpaste-75-ml\/#primaryimage","url":"https:\/\/simplesmile.com\/wp-content\/uploads\/2023\/11\/SimpleSmile\u00ae-SUPERWHITE-box-tube.jpeg","contentUrl":"https:\/\/simplesmile.com\/wp-content\/uploads\/2023\/11\/SimpleSmile\u00ae-SUPERWHITE-box-tube.jpeg","width":480,"height":640},{"@type":"BreadcrumbList","@id":"https:\/\/simplesmile.com\/da\/produkt\/simplesmile-multifunctional-super-white-toothpaste-75-ml\/#breadcrumb","itemListElement":[{"@type":"ListItem","position":1,"name":"Home","item":"https:\/\/simplesmile.com\/da\/"},{"@type":"ListItem","position":2,"name":"Webbutik","item":"https:\/\/simplesmile.com\/sv\/butik\/"},{"@type":"ListItem","position":3,"name":"SimpleSmile\u00ae Multifunctional SUPER WHITE TOOTHPASTE, 75 ml"}]},{"@type":"WebSite","@id":"https:\/\/simplesmile.com\/sv\/#website","url":"https:\/\/simplesmile.com\/sv\/","name":"SimpleSmile","description":"Vitare t\u00e4nder med garanterat resultat","potentialAction":[{"@type":"SearchAction","target":{"@type":"EntryPoint","urlTemplate":"https:\/\/simplesmile.com\/sv\/?s={search_term_string}"},"query-input":{"@type":"PropertyValueSpecification","valueRequired":true,"valueName":"search_term_string"}}],"inLanguage":"da-DK"}]}},"_links":{"self":[{"href":"https:\/\/simplesmile.com\/da\/wp-json\/wp\/v2\/product\/2487","targetHints":{"allow":["GET"]}}],"collection":[{"href":"https:\/\/simplesmile.com\/da\/wp-json\/wp\/v2\/product"}],"about":[{"href":"https:\/\/simplesmile.com\/da\/wp-json\/wp\/v2\/types\/product"}],"replies":[{"embeddable":true,"href":"https:\/\/simplesmile.com\/da\/wp-json\/wp\/v2\/comments?post=2487"}],"wp:featuredmedia":[{"embeddable":true,"href":"https:\/\/simplesmile.com\/da\/wp-json\/wp\/v2\/media\/2467"}],"wp:attachment":[{"href":"https:\/\/simplesmile.com\/da\/wp-json\/wp\/v2\/media?parent=2487"}],"wp:term":[{"taxonomy":"product_brand","embeddable":true,"href":"https:\/\/simplesmile.com\/da\/wp-json\/wp\/v2\/product_brand?post=2487"},{"taxonomy":"product_cat","embeddable":true,"href":"https:\/\/simplesmile.com\/da\/wp-json\/wp\/v2\/product_cat?post=2487"},{"taxonomy":"product_tag","embeddable":true,"href":"https:\/\/simplesmile.com\/da\/wp-json\/wp\/v2\/product_tag?post=2487"}],"curies":[{"name":"wp","href":"https:\/\/api.w.org\/{rel}","templated":true}]}}