{"id":954,"date":"2020-10-20T15:12:46","date_gmt":"2020-10-20T13:12:46","guid":{"rendered":"https:\/\/simplesmile.hemsida.eu\/produkt\/simplesmile-start-kit\/"},"modified":"2025-12-29T16:45:11","modified_gmt":"2025-12-29T15:45:11","slug":"simplesmile-start-kit","status":"publish","type":"product","link":"https:\/\/simplesmile.com\/da\/produkt\/simplesmile-start-kit\/","title":{"rendered":"SIMPLESMILE\u00ae Start Kit"},"content":{"rendered":"<p>Tandblegningsgelen i startpakken er baseret p\u00e5 en teknologi med en aktiv hvidtekomponent (32% bicarbonat), som sammen med reng\u00f8ringsstofferne fjerner misfarvning og giver en hvidere tandoverflade.<br \/>\nDe medf\u00f8lgende mundskinner er tilpasset den respektive r\u00e6kke af t\u00e6nder og giver optimal kontakt mellem tandblegningsgel og t\u00e6nderne for den bedste effekt.<\/p>\n<p>Behandlingen tager kun 15 minutter, og gelen er tilstr\u00e6kkelig til ca. 10 applikationer. Vi anbefaler, at du gennemf\u00f8rer hele behandlingen, indtil gelen er f\u00e6rdig, og gentager om n\u00f8dvendigt vores anbefaling er at gennemf\u00f8re et komplet behandlingsregime ca. hver tredje m\u00e5ned. Skinnerne kan reng\u00f8res og gemmes til n\u00e6ste gang.<\/p>\n<p>Pakken indeholder tandblegningsgel med en frisk melonsmag (10 ml), 3 formbare mundskinner, en skyggevejledning og brugsanvisning.<\/p>\n<p>Simplesmile\u00ae er et sikkert og velpr\u00f8vet produkt, der overholder alle regler og love vedr\u00f8rende tandblegningsprodukter. Testet og godkendt af tandl\u00e6ge.<\/p>\n","protected":false},"excerpt":{"rendered":"<p>Simplesmile\u00ae Start Kit er vores popul\u00e6re starts\u00e6t med alt hvad du beh\u00f8ver for hurtigt, nemt og effektivt at f\u00e5 et hvidere smil. Du f\u00e5r Start Kit tandblegningsgel med frisk melonsmag (10 ml), 3 formbare mundskinner, skyggevejledning og brugsanvisning.<\/p>\n","protected":false},"featured_media":1248,"comment_status":"open","ping_status":"closed","template":"","meta":{"_acf_changed":false,"om_disable_all_campaigns":false,"_monsterinsights_skip_tracking":false,"_monsterinsights_sitenote_active":false,"_monsterinsights_sitenote_note":"","_monsterinsights_sitenote_category":0},"product_brand":[],"product_cat":[54],"product_tag":[],"class_list":{"0":"post-954","1":"product","2":"type-product","3":"status-publish","4":"has-post-thumbnail","6":"product_cat-kompletta-kit-da","8":"first","9":"instock","10":"taxable","11":"shipping-taxable","12":"purchasable","13":"product-type-simple"},"acf":[],"aioseo_notices":[],"shsp-ext":{"main":{},"variations":[]},"yoast_head":"<!-- This site is optimized with the Yoast SEO plugin v27.2 - https:\/\/yoast.com\/product\/yoast-seo-wordpress\/ -->\n<title>SIMPLESMILE\u00ae Start Kit - SimpleSmile<\/title>\n<meta name=\"robots\" content=\"index, follow, max-snippet:-1, max-image-preview:large, max-video-preview:-1\" \/>\n<link rel=\"canonical\" href=\"https:\/\/simplesmile.com\/da\/produkt\/simplesmile-start-kit\/\" \/>\n<meta property=\"og:locale\" content=\"da_DK\" \/>\n<meta property=\"og:type\" content=\"article\" \/>\n<meta property=\"og:title\" content=\"SIMPLESMILE\u00ae Start Kit - SimpleSmile\" \/>\n<meta property=\"og:description\" content=\"Simplesmile\u00ae Start Kit er vores popul\u00e6re starts\u00e6t med alt hvad du beh\u00f8ver for hurtigt, nemt og effektivt at f\u00e5 et hvidere smil. Du f\u00e5r Start Kit tandblegningsgel med frisk melonsmag (10 ml), 3 formbare mundskinner, skyggevejledning og brugsanvisning.\" \/>\n<meta property=\"og:url\" content=\"https:\/\/simplesmile.com\/da\/produkt\/simplesmile-start-kit\/\" \/>\n<meta property=\"og:site_name\" content=\"SimpleSmile\" \/>\n<meta property=\"article:modified_time\" content=\"2025-12-29T15:45:11+00:00\" \/>\n<meta property=\"og:image\" content=\"https:\/\/simplesmile.com\/wp-content\/uploads\/2020\/10\/SS1200_start_kit-3.jpg\" \/>\n\t<meta property=\"og:image:width\" content=\"1026\" \/>\n\t<meta property=\"og:image:height\" content=\"769\" \/>\n\t<meta property=\"og:image:type\" content=\"image\/jpeg\" \/>\n<meta name=\"twitter:card\" content=\"summary_large_image\" \/>\n<meta name=\"twitter:label1\" content=\"Estimeret l\u00e6setid\" \/>\n\t<meta name=\"twitter:data1\" content=\"1 minut\" \/>\n<script type=\"application\/ld+json\" class=\"yoast-schema-graph\">{\"@context\":\"https:\/\/schema.org\",\"@graph\":[{\"@type\":\"WebPage\",\"@id\":\"https:\/\/simplesmile.com\/da\/produkt\/simplesmile-start-kit\/\",\"url\":\"https:\/\/simplesmile.com\/da\/produkt\/simplesmile-start-kit\/\",\"name\":\"SIMPLESMILE\u00ae Start Kit - SimpleSmile\",\"isPartOf\":{\"@id\":\"https:\/\/simplesmile.com\/sv\/#website\"},\"primaryImageOfPage\":{\"@id\":\"https:\/\/simplesmile.com\/da\/produkt\/simplesmile-start-kit\/#primaryimage\"},\"image\":{\"@id\":\"https:\/\/simplesmile.com\/da\/produkt\/simplesmile-start-kit\/#primaryimage\"},\"thumbnailUrl\":\"https:\/\/simplesmile.com\/wp-content\/uploads\/2020\/10\/SS1200_start_kit-3.jpg\",\"datePublished\":\"2020-10-20T13:12:46+00:00\",\"dateModified\":\"2025-12-29T15:45:11+00:00\",\"breadcrumb\":{\"@id\":\"https:\/\/simplesmile.com\/da\/produkt\/simplesmile-start-kit\/#breadcrumb\"},\"inLanguage\":\"da-DK\",\"potentialAction\":[{\"@type\":\"ReadAction\",\"target\":[\"https:\/\/simplesmile.com\/da\/produkt\/simplesmile-start-kit\/\"]}]},{\"@type\":\"ImageObject\",\"inLanguage\":\"da-DK\",\"@id\":\"https:\/\/simplesmile.com\/da\/produkt\/simplesmile-start-kit\/#primaryimage\",\"url\":\"https:\/\/simplesmile.com\/wp-content\/uploads\/2020\/10\/SS1200_start_kit-3.jpg\",\"contentUrl\":\"https:\/\/simplesmile.com\/wp-content\/uploads\/2020\/10\/SS1200_start_kit-3.jpg\",\"width\":1026,\"height\":769},{\"@type\":\"BreadcrumbList\",\"@id\":\"https:\/\/simplesmile.com\/da\/produkt\/simplesmile-start-kit\/#breadcrumb\",\"itemListElement\":[{\"@type\":\"ListItem\",\"position\":1,\"name\":\"Home\",\"item\":\"https:\/\/simplesmile.com\/da\/\"},{\"@type\":\"ListItem\",\"position\":2,\"name\":\"Webbutik\",\"item\":\"https:\/\/simplesmile.com\/sv\/butik\/\"},{\"@type\":\"ListItem\",\"position\":3,\"name\":\"SIMPLESMILE\u00ae Start Kit\"}]},{\"@type\":\"WebSite\",\"@id\":\"https:\/\/simplesmile.com\/sv\/#website\",\"url\":\"https:\/\/simplesmile.com\/sv\/\",\"name\":\"SimpleSmile\",\"description\":\"Vitare t\u00e4nder med garanterat resultat\",\"potentialAction\":[{\"@type\":\"SearchAction\",\"target\":{\"@type\":\"EntryPoint\",\"urlTemplate\":\"https:\/\/simplesmile.com\/sv\/?s={search_term_string}\"},\"query-input\":{\"@type\":\"PropertyValueSpecification\",\"valueRequired\":true,\"valueName\":\"search_term_string\"}}],\"inLanguage\":\"da-DK\"}]}<\/script>\n<!-- \/ Yoast SEO plugin. -->","yoast_head_json":{"title":"SIMPLESMILE\u00ae Start Kit - SimpleSmile","robots":{"index":"index","follow":"follow","max-snippet":"max-snippet:-1","max-image-preview":"max-image-preview:large","max-video-preview":"max-video-preview:-1"},"canonical":"https:\/\/simplesmile.com\/da\/produkt\/simplesmile-start-kit\/","og_locale":"da_DK","og_type":"article","og_title":"SIMPLESMILE\u00ae Start Kit - SimpleSmile","og_description":"Simplesmile\u00ae Start Kit er vores popul\u00e6re starts\u00e6t med alt hvad du beh\u00f8ver for hurtigt, nemt og effektivt at f\u00e5 et hvidere smil. Du f\u00e5r Start Kit tandblegningsgel med frisk melonsmag (10 ml), 3 formbare mundskinner, skyggevejledning og brugsanvisning.","og_url":"https:\/\/simplesmile.com\/da\/produkt\/simplesmile-start-kit\/","og_site_name":"SimpleSmile","article_modified_time":"2025-12-29T15:45:11+00:00","og_image":[{"width":1026,"height":769,"url":"https:\/\/simplesmile.com\/wp-content\/uploads\/2020\/10\/SS1200_start_kit-3.jpg","type":"image\/jpeg"}],"twitter_card":"summary_large_image","twitter_misc":{"Estimeret l\u00e6setid":"1 minut"},"schema":{"@context":"https:\/\/schema.org","@graph":[{"@type":"WebPage","@id":"https:\/\/simplesmile.com\/da\/produkt\/simplesmile-start-kit\/","url":"https:\/\/simplesmile.com\/da\/produkt\/simplesmile-start-kit\/","name":"SIMPLESMILE\u00ae Start Kit - SimpleSmile","isPartOf":{"@id":"https:\/\/simplesmile.com\/sv\/#website"},"primaryImageOfPage":{"@id":"https:\/\/simplesmile.com\/da\/produkt\/simplesmile-start-kit\/#primaryimage"},"image":{"@id":"https:\/\/simplesmile.com\/da\/produkt\/simplesmile-start-kit\/#primaryimage"},"thumbnailUrl":"https:\/\/simplesmile.com\/wp-content\/uploads\/2020\/10\/SS1200_start_kit-3.jpg","datePublished":"2020-10-20T13:12:46+00:00","dateModified":"2025-12-29T15:45:11+00:00","breadcrumb":{"@id":"https:\/\/simplesmile.com\/da\/produkt\/simplesmile-start-kit\/#breadcrumb"},"inLanguage":"da-DK","potentialAction":[{"@type":"ReadAction","target":["https:\/\/simplesmile.com\/da\/produkt\/simplesmile-start-kit\/"]}]},{"@type":"ImageObject","inLanguage":"da-DK","@id":"https:\/\/simplesmile.com\/da\/produkt\/simplesmile-start-kit\/#primaryimage","url":"https:\/\/simplesmile.com\/wp-content\/uploads\/2020\/10\/SS1200_start_kit-3.jpg","contentUrl":"https:\/\/simplesmile.com\/wp-content\/uploads\/2020\/10\/SS1200_start_kit-3.jpg","width":1026,"height":769},{"@type":"BreadcrumbList","@id":"https:\/\/simplesmile.com\/da\/produkt\/simplesmile-start-kit\/#breadcrumb","itemListElement":[{"@type":"ListItem","position":1,"name":"Home","item":"https:\/\/simplesmile.com\/da\/"},{"@type":"ListItem","position":2,"name":"Webbutik","item":"https:\/\/simplesmile.com\/sv\/butik\/"},{"@type":"ListItem","position":3,"name":"SIMPLESMILE\u00ae Start Kit"}]},{"@type":"WebSite","@id":"https:\/\/simplesmile.com\/sv\/#website","url":"https:\/\/simplesmile.com\/sv\/","name":"SimpleSmile","description":"Vitare t\u00e4nder med garanterat resultat","potentialAction":[{"@type":"SearchAction","target":{"@type":"EntryPoint","urlTemplate":"https:\/\/simplesmile.com\/sv\/?s={search_term_string}"},"query-input":{"@type":"PropertyValueSpecification","valueRequired":true,"valueName":"search_term_string"}}],"inLanguage":"da-DK"}]}},"_links":{"self":[{"href":"https:\/\/simplesmile.com\/da\/wp-json\/wp\/v2\/product\/954","targetHints":{"allow":["GET"]}}],"collection":[{"href":"https:\/\/simplesmile.com\/da\/wp-json\/wp\/v2\/product"}],"about":[{"href":"https:\/\/simplesmile.com\/da\/wp-json\/wp\/v2\/types\/product"}],"replies":[{"embeddable":true,"href":"https:\/\/simplesmile.com\/da\/wp-json\/wp\/v2\/comments?post=954"}],"wp:featuredmedia":[{"embeddable":true,"href":"https:\/\/simplesmile.com\/da\/wp-json\/wp\/v2\/media\/1248"}],"wp:attachment":[{"href":"https:\/\/simplesmile.com\/da\/wp-json\/wp\/v2\/media?parent=954"}],"wp:term":[{"taxonomy":"product_brand","embeddable":true,"href":"https:\/\/simplesmile.com\/da\/wp-json\/wp\/v2\/product_brand?post=954"},{"taxonomy":"product_cat","embeddable":true,"href":"https:\/\/simplesmile.com\/da\/wp-json\/wp\/v2\/product_cat?post=954"},{"taxonomy":"product_tag","embeddable":true,"href":"https:\/\/simplesmile.com\/da\/wp-json\/wp\/v2\/product_tag?post=954"}],"curies":[{"name":"wp","href":"https:\/\/api.w.org\/{rel}","templated":true}]}}