{"id":956,"date":"2020-10-22T14:45:39","date_gmt":"2020-10-22T12:45:39","guid":{"rendered":"https:\/\/simplesmile.hemsida.eu\/produkt\/simplesmile-touch-up-pen\/"},"modified":"2026-03-03T13:07:53","modified_gmt":"2026-03-03T12:07:53","slug":"simplesmile-touch-up-pen","status":"publish","type":"product","link":"https:\/\/simplesmile.com\/da\/produkt\/simplesmile-touch-up-pen\/","title":{"rendered":"SIMPLESMILE\u00ae Touch-Up Pen"},"content":{"rendered":"<p>Simplesmile\u00ae Touch-up Pen tilbyder en glat og hurtig m\u00e5de at opretholde t\u00e6ndernes hvidhed som et supplement til Simplesmile\u00ae komplette tandblegningss\u00e6t. Det er let at tage med, blidt mod t\u00e6nder og tandk\u00f8d og kan p\u00e5f\u00f8res s\u00e5 ofte du vil &#8211; n\u00e5r som helst og hvor som helst.<\/p>\n<p>Et perfekt produkt til at opretholde t\u00e6ndernes hvidhed mellem behandlingssessioner. Du b\u00f8rster blot blegegelen j\u00e6vnt over tandoverfladen for at forbedre resultatet. Det er ogs\u00e5 fremragende at blegge en eller flere ved hj\u00e6lp af pennen t\u00e6nder lidt ekstra.<\/p>\n<p>Tandblegningsgel i Touch-Up pen er baseret p\u00e5 den samme teknologi som i X1 Start Kit med den aktive ingrediens 32% bicarbonat. Gelen indeholder ogs\u00e5 Aloe Vera, der er beroligende for tandk\u00f8det og fluor til at modvirke karies.<\/p>\n<p>Pakken indeholder Touch-Up pen (2 ml), som er nok til ca. 25 behandlinger, skyggevejledning og brugsanvisning.<\/p>\n","protected":false},"excerpt":{"rendered":"<p>Simplesmile\u00ae Touch-up Pen tilbyder en glat og hurtig m\u00e5de at opretholde t\u00e6ndernes hvidhed, n\u00e5r som helst og hvor som helst. Pakken indeholder Touch-Up Pen (2 ml), som er nok til ca. 25 behandlinger, skyggevejledning og brugsanvisning.<\/p>\n","protected":false},"featured_media":1232,"comment_status":"open","ping_status":"closed","template":"","meta":{"_acf_changed":false,"om_disable_all_campaigns":false,"_monsterinsights_skip_tracking":false,"_monsterinsights_sitenote_active":false,"_monsterinsights_sitenote_note":"","_monsterinsights_sitenote_category":0},"product_brand":[],"product_cat":[48],"product_tag":[],"class_list":{"0":"post-956","1":"product","2":"type-product","3":"status-publish","4":"has-post-thumbnail","6":"product_cat-ovrigt-da","8":"first","9":"outofstock","10":"taxable","11":"shipping-taxable","12":"purchasable","13":"product-type-simple"},"acf":[],"aioseo_notices":[],"shsp-ext":{"main":{},"variations":[]},"yoast_head":"<!-- This site is optimized with the Yoast SEO plugin v27.2 - https:\/\/yoast.com\/product\/yoast-seo-wordpress\/ -->\n<title>SIMPLESMILE\u00ae Touch-Up Pen - SimpleSmile<\/title>\n<meta name=\"robots\" content=\"index, follow, max-snippet:-1, max-image-preview:large, max-video-preview:-1\" \/>\n<link rel=\"canonical\" href=\"https:\/\/simplesmile.com\/sv\/produkt\/teeth-whitening-touch-up-pen\/\" \/>\n<meta property=\"og:locale\" content=\"da_DK\" \/>\n<meta property=\"og:type\" content=\"article\" \/>\n<meta property=\"og:title\" content=\"SIMPLESMILE\u00ae Touch-Up Pen - SimpleSmile\" \/>\n<meta property=\"og:description\" content=\"Simplesmile\u00ae Touch-up Pen tilbyder en glat og hurtig m\u00e5de at opretholde t\u00e6ndernes hvidhed, n\u00e5r som helst og hvor som helst. Pakken indeholder Touch-Up Pen (2 ml), som er nok til ca. 25 behandlinger, skyggevejledning og brugsanvisning.\" \/>\n<meta property=\"og:url\" content=\"https:\/\/simplesmile.com\/sv\/produkt\/teeth-whitening-touch-up-pen\/\" \/>\n<meta property=\"og:site_name\" content=\"SimpleSmile\" \/>\n<meta property=\"article:modified_time\" content=\"2026-03-03T12:07:53+00:00\" \/>\n<meta property=\"og:image\" content=\"https:\/\/simplesmile.com\/wp-content\/uploads\/2020\/10\/SS1202_Touchup_pen_Simplesmile.jpg\" \/>\n\t<meta property=\"og:image:width\" content=\"850\" \/>\n\t<meta property=\"og:image:height\" content=\"1134\" \/>\n\t<meta property=\"og:image:type\" content=\"image\/jpeg\" \/>\n<meta name=\"twitter:card\" content=\"summary_large_image\" \/>\n<meta name=\"twitter:label1\" content=\"Estimeret l\u00e6setid\" \/>\n\t<meta name=\"twitter:data1\" content=\"1 minut\" \/>\n<script type=\"application\/ld+json\" class=\"yoast-schema-graph\">{\"@context\":\"https:\/\/schema.org\",\"@graph\":[{\"@type\":\"WebPage\",\"@id\":\"https:\/\/simplesmile.com\/sv\/produkt\/teeth-whitening-touch-up-pen\/\",\"url\":\"https:\/\/simplesmile.com\/sv\/produkt\/teeth-whitening-touch-up-pen\/\",\"name\":\"SIMPLESMILE\u00ae Touch-Up Pen - SimpleSmile\",\"isPartOf\":{\"@id\":\"https:\/\/simplesmile.com\/sv\/#website\"},\"primaryImageOfPage\":{\"@id\":\"https:\/\/simplesmile.com\/sv\/produkt\/teeth-whitening-touch-up-pen\/#primaryimage\"},\"image\":{\"@id\":\"https:\/\/simplesmile.com\/sv\/produkt\/teeth-whitening-touch-up-pen\/#primaryimage\"},\"thumbnailUrl\":\"https:\/\/simplesmile.com\/wp-content\/uploads\/2020\/10\/SS1202_Touchup_pen_Simplesmile.jpg\",\"datePublished\":\"2020-10-22T12:45:39+00:00\",\"dateModified\":\"2026-03-03T12:07:53+00:00\",\"breadcrumb\":{\"@id\":\"https:\/\/simplesmile.com\/sv\/produkt\/teeth-whitening-touch-up-pen\/#breadcrumb\"},\"inLanguage\":\"da-DK\",\"potentialAction\":[{\"@type\":\"ReadAction\",\"target\":[\"https:\/\/simplesmile.com\/sv\/produkt\/teeth-whitening-touch-up-pen\/\"]}]},{\"@type\":\"ImageObject\",\"inLanguage\":\"da-DK\",\"@id\":\"https:\/\/simplesmile.com\/sv\/produkt\/teeth-whitening-touch-up-pen\/#primaryimage\",\"url\":\"https:\/\/simplesmile.com\/wp-content\/uploads\/2020\/10\/SS1202_Touchup_pen_Simplesmile.jpg\",\"contentUrl\":\"https:\/\/simplesmile.com\/wp-content\/uploads\/2020\/10\/SS1202_Touchup_pen_Simplesmile.jpg\",\"width\":850,\"height\":1134},{\"@type\":\"BreadcrumbList\",\"@id\":\"https:\/\/simplesmile.com\/sv\/produkt\/teeth-whitening-touch-up-pen\/#breadcrumb\",\"itemListElement\":[{\"@type\":\"ListItem\",\"position\":1,\"name\":\"Home\",\"item\":\"https:\/\/simplesmile.com\/da\/\"},{\"@type\":\"ListItem\",\"position\":2,\"name\":\"Webbutik\",\"item\":\"https:\/\/simplesmile.com\/sv\/butik\/\"},{\"@type\":\"ListItem\",\"position\":3,\"name\":\"SIMPLESMILE\u00ae Touch-Up Pen\"}]},{\"@type\":\"WebSite\",\"@id\":\"https:\/\/simplesmile.com\/sv\/#website\",\"url\":\"https:\/\/simplesmile.com\/sv\/\",\"name\":\"SimpleSmile\",\"description\":\"Vitare t\u00e4nder med garanterat resultat\",\"potentialAction\":[{\"@type\":\"SearchAction\",\"target\":{\"@type\":\"EntryPoint\",\"urlTemplate\":\"https:\/\/simplesmile.com\/sv\/?s={search_term_string}\"},\"query-input\":{\"@type\":\"PropertyValueSpecification\",\"valueRequired\":true,\"valueName\":\"search_term_string\"}}],\"inLanguage\":\"da-DK\"}]}<\/script>\n<!-- \/ Yoast SEO plugin. -->","yoast_head_json":{"title":"SIMPLESMILE\u00ae Touch-Up Pen - SimpleSmile","robots":{"index":"index","follow":"follow","max-snippet":"max-snippet:-1","max-image-preview":"max-image-preview:large","max-video-preview":"max-video-preview:-1"},"canonical":"https:\/\/simplesmile.com\/sv\/produkt\/teeth-whitening-touch-up-pen\/","og_locale":"da_DK","og_type":"article","og_title":"SIMPLESMILE\u00ae Touch-Up Pen - SimpleSmile","og_description":"Simplesmile\u00ae Touch-up Pen tilbyder en glat og hurtig m\u00e5de at opretholde t\u00e6ndernes hvidhed, n\u00e5r som helst og hvor som helst. Pakken indeholder Touch-Up Pen (2 ml), som er nok til ca. 25 behandlinger, skyggevejledning og brugsanvisning.","og_url":"https:\/\/simplesmile.com\/sv\/produkt\/teeth-whitening-touch-up-pen\/","og_site_name":"SimpleSmile","article_modified_time":"2026-03-03T12:07:53+00:00","og_image":[{"width":850,"height":1134,"url":"https:\/\/simplesmile.com\/wp-content\/uploads\/2020\/10\/SS1202_Touchup_pen_Simplesmile.jpg","type":"image\/jpeg"}],"twitter_card":"summary_large_image","twitter_misc":{"Estimeret l\u00e6setid":"1 minut"},"schema":{"@context":"https:\/\/schema.org","@graph":[{"@type":"WebPage","@id":"https:\/\/simplesmile.com\/sv\/produkt\/teeth-whitening-touch-up-pen\/","url":"https:\/\/simplesmile.com\/sv\/produkt\/teeth-whitening-touch-up-pen\/","name":"SIMPLESMILE\u00ae Touch-Up Pen - SimpleSmile","isPartOf":{"@id":"https:\/\/simplesmile.com\/sv\/#website"},"primaryImageOfPage":{"@id":"https:\/\/simplesmile.com\/sv\/produkt\/teeth-whitening-touch-up-pen\/#primaryimage"},"image":{"@id":"https:\/\/simplesmile.com\/sv\/produkt\/teeth-whitening-touch-up-pen\/#primaryimage"},"thumbnailUrl":"https:\/\/simplesmile.com\/wp-content\/uploads\/2020\/10\/SS1202_Touchup_pen_Simplesmile.jpg","datePublished":"2020-10-22T12:45:39+00:00","dateModified":"2026-03-03T12:07:53+00:00","breadcrumb":{"@id":"https:\/\/simplesmile.com\/sv\/produkt\/teeth-whitening-touch-up-pen\/#breadcrumb"},"inLanguage":"da-DK","potentialAction":[{"@type":"ReadAction","target":["https:\/\/simplesmile.com\/sv\/produkt\/teeth-whitening-touch-up-pen\/"]}]},{"@type":"ImageObject","inLanguage":"da-DK","@id":"https:\/\/simplesmile.com\/sv\/produkt\/teeth-whitening-touch-up-pen\/#primaryimage","url":"https:\/\/simplesmile.com\/wp-content\/uploads\/2020\/10\/SS1202_Touchup_pen_Simplesmile.jpg","contentUrl":"https:\/\/simplesmile.com\/wp-content\/uploads\/2020\/10\/SS1202_Touchup_pen_Simplesmile.jpg","width":850,"height":1134},{"@type":"BreadcrumbList","@id":"https:\/\/simplesmile.com\/sv\/produkt\/teeth-whitening-touch-up-pen\/#breadcrumb","itemListElement":[{"@type":"ListItem","position":1,"name":"Home","item":"https:\/\/simplesmile.com\/da\/"},{"@type":"ListItem","position":2,"name":"Webbutik","item":"https:\/\/simplesmile.com\/sv\/butik\/"},{"@type":"ListItem","position":3,"name":"SIMPLESMILE\u00ae Touch-Up Pen"}]},{"@type":"WebSite","@id":"https:\/\/simplesmile.com\/sv\/#website","url":"https:\/\/simplesmile.com\/sv\/","name":"SimpleSmile","description":"Vitare t\u00e4nder med garanterat resultat","potentialAction":[{"@type":"SearchAction","target":{"@type":"EntryPoint","urlTemplate":"https:\/\/simplesmile.com\/sv\/?s={search_term_string}"},"query-input":{"@type":"PropertyValueSpecification","valueRequired":true,"valueName":"search_term_string"}}],"inLanguage":"da-DK"}]}},"_links":{"self":[{"href":"https:\/\/simplesmile.com\/da\/wp-json\/wp\/v2\/product\/956","targetHints":{"allow":["GET"]}}],"collection":[{"href":"https:\/\/simplesmile.com\/da\/wp-json\/wp\/v2\/product"}],"about":[{"href":"https:\/\/simplesmile.com\/da\/wp-json\/wp\/v2\/types\/product"}],"replies":[{"embeddable":true,"href":"https:\/\/simplesmile.com\/da\/wp-json\/wp\/v2\/comments?post=956"}],"wp:featuredmedia":[{"embeddable":true,"href":"https:\/\/simplesmile.com\/da\/wp-json\/wp\/v2\/media\/1232"}],"wp:attachment":[{"href":"https:\/\/simplesmile.com\/da\/wp-json\/wp\/v2\/media?parent=956"}],"wp:term":[{"taxonomy":"product_brand","embeddable":true,"href":"https:\/\/simplesmile.com\/da\/wp-json\/wp\/v2\/product_brand?post=956"},{"taxonomy":"product_cat","embeddable":true,"href":"https:\/\/simplesmile.com\/da\/wp-json\/wp\/v2\/product_cat?post=956"},{"taxonomy":"product_tag","embeddable":true,"href":"https:\/\/simplesmile.com\/da\/wp-json\/wp\/v2\/product_tag?post=956"}],"curies":[{"name":"wp","href":"https:\/\/api.w.org\/{rel}","templated":true}]}}