{"id":957,"date":"2020-11-19T11:21:17","date_gmt":"2020-11-19T10:21:17","guid":{"rendered":"https:\/\/simplesmile.hemsida.eu\/produkt\/simplesmile-teeth-whitening-x4-expert-kit\/"},"modified":"2024-07-29T13:20:27","modified_gmt":"2024-07-29T11:20:27","slug":"simplesmile-teeth-whitening-x4-expert-kit","status":"publish","type":"product","link":"https:\/\/simplesmile.com\/da\/produkt\/simplesmile-teeth-whitening-x4-expert-kit\/","title":{"rendered":"SIMPLESMILE\u00ae Expert Kit"},"content":{"rendered":"<p>Expert Kit er et komplet tandblegningss\u00e6t til effektiv hvidning af t\u00e6nder derhjemme hurtigt, nemt og blidt. Den indeholder 10 ml Triple Boost Max tandblegningsgel, der bruges sammen med de medf\u00f8lgende mundskinner, der er designet individuelt ved hj\u00e6lp af varmt vand.<\/p>\n<p>Gelen indeholder flere aktive ingredienser, herunder PAP, natriumbicarbonat og kokossulfat, der arbejder sammen for effektivt at rense og g\u00f8re t\u00e6nderne lysere. PAP er en organisk ingrediens, der resulterer i en h\u00f8j grad af oxidation. Oxidation er n\u00f8dvendig for blegningsprocessen, fordi den neutraliserer organiske bindinger, der for\u00e5rsager misfarvning i t\u00e6nderne.<\/p>\n<p>Expert Kit tandblegningsgel er 100% peroxidfri, ingen irritationer eller andre ubehagelige bivirkninger i t\u00e6nder eller tandk\u00f8d.<\/p>\n<p>Pakken indeholder Expert Kit X4 tandblegningsgel (10 ml), 3 x b\u00f8jelige mundskinner, applikator og brugsanvisning.<\/p>\n<p>*Phthalimidoperoxycaproic acid<\/p>\n","protected":false},"excerpt":{"rendered":"<p>Simplesmile\u00ae Expert Kit indeholder vores mest effektive tandblegningsgel for maksimale resultater i din tandblegning. Pakken indeholder Expert Kit X4 tandblegningsgel (10 ml), 3 x b\u00f8jelige mundskinner, applikator og brugsanvisning.<\/p>\n","protected":false},"featured_media":1201,"comment_status":"open","ping_status":"closed","template":"","meta":{"_acf_changed":false,"om_disable_all_campaigns":false,"_monsterinsights_skip_tracking":false,"_monsterinsights_sitenote_active":false,"_monsterinsights_sitenote_note":"","_monsterinsights_sitenote_category":0},"product_brand":[],"product_cat":[54],"product_tag":[],"class_list":{"0":"post-957","1":"product","2":"type-product","3":"status-publish","4":"has-post-thumbnail","6":"product_cat-kompletta-kit-da","8":"first","9":"instock","10":"sale","11":"taxable","12":"shipping-taxable","13":"purchasable","14":"product-type-simple"},"acf":[],"aioseo_notices":[],"shsp-ext":{"main":{},"variations":[]},"yoast_head":"<!-- This site is optimized with the Yoast SEO plugin v27.2 - https:\/\/yoast.com\/product\/yoast-seo-wordpress\/ -->\n<title>SIMPLESMILE\u00ae Expert Kit - SimpleSmile<\/title>\n<meta name=\"robots\" content=\"index, follow, max-snippet:-1, max-image-preview:large, max-video-preview:-1\" \/>\n<link rel=\"canonical\" href=\"https:\/\/simplesmile.com\/da\/produkt\/simplesmile-teeth-whitening-x4-expert-kit\/\" \/>\n<meta property=\"og:locale\" content=\"da_DK\" \/>\n<meta property=\"og:type\" content=\"article\" \/>\n<meta property=\"og:title\" content=\"SIMPLESMILE\u00ae Expert Kit - SimpleSmile\" \/>\n<meta property=\"og:description\" content=\"Simplesmile\u00ae Expert Kit indeholder vores mest effektive tandblegningsgel for maksimale resultater i din tandblegning. Pakken indeholder Expert Kit X4 tandblegningsgel (10 ml), 3 x b\u00f8jelige mundskinner, applikator og brugsanvisning.\" \/>\n<meta property=\"og:url\" content=\"https:\/\/simplesmile.com\/da\/produkt\/simplesmile-teeth-whitening-x4-expert-kit\/\" \/>\n<meta property=\"og:site_name\" content=\"SimpleSmile\" \/>\n<meta property=\"article:modified_time\" content=\"2024-07-29T11:20:27+00:00\" \/>\n<meta property=\"og:image\" content=\"https:\/\/simplesmile.com\/wp-content\/uploads\/2020\/11\/Simplesmile-Expert-Kit.jpg\" \/>\n\t<meta property=\"og:image:width\" content=\"1417\" \/>\n\t<meta property=\"og:image:height\" content=\"1063\" \/>\n\t<meta property=\"og:image:type\" content=\"image\/jpeg\" \/>\n<meta name=\"twitter:card\" content=\"summary_large_image\" \/>\n<meta name=\"twitter:label1\" content=\"Estimeret l\u00e6setid\" \/>\n\t<meta name=\"twitter:data1\" content=\"1 minut\" \/>\n<script type=\"application\/ld+json\" class=\"yoast-schema-graph\">{\"@context\":\"https:\/\/schema.org\",\"@graph\":[{\"@type\":\"WebPage\",\"@id\":\"https:\/\/simplesmile.com\/da\/produkt\/simplesmile-teeth-whitening-x4-expert-kit\/\",\"url\":\"https:\/\/simplesmile.com\/da\/produkt\/simplesmile-teeth-whitening-x4-expert-kit\/\",\"name\":\"SIMPLESMILE\u00ae Expert Kit - SimpleSmile\",\"isPartOf\":{\"@id\":\"https:\/\/simplesmile.com\/sv\/#website\"},\"primaryImageOfPage\":{\"@id\":\"https:\/\/simplesmile.com\/da\/produkt\/simplesmile-teeth-whitening-x4-expert-kit\/#primaryimage\"},\"image\":{\"@id\":\"https:\/\/simplesmile.com\/da\/produkt\/simplesmile-teeth-whitening-x4-expert-kit\/#primaryimage\"},\"thumbnailUrl\":\"https:\/\/simplesmile.com\/wp-content\/uploads\/2020\/11\/Simplesmile-Expert-Kit.jpg\",\"datePublished\":\"2020-11-19T10:21:17+00:00\",\"dateModified\":\"2024-07-29T11:20:27+00:00\",\"breadcrumb\":{\"@id\":\"https:\/\/simplesmile.com\/da\/produkt\/simplesmile-teeth-whitening-x4-expert-kit\/#breadcrumb\"},\"inLanguage\":\"da-DK\",\"potentialAction\":[{\"@type\":\"ReadAction\",\"target\":[\"https:\/\/simplesmile.com\/da\/produkt\/simplesmile-teeth-whitening-x4-expert-kit\/\"]}]},{\"@type\":\"ImageObject\",\"inLanguage\":\"da-DK\",\"@id\":\"https:\/\/simplesmile.com\/da\/produkt\/simplesmile-teeth-whitening-x4-expert-kit\/#primaryimage\",\"url\":\"https:\/\/simplesmile.com\/wp-content\/uploads\/2020\/11\/Simplesmile-Expert-Kit.jpg\",\"contentUrl\":\"https:\/\/simplesmile.com\/wp-content\/uploads\/2020\/11\/Simplesmile-Expert-Kit.jpg\",\"width\":1417,\"height\":1063},{\"@type\":\"BreadcrumbList\",\"@id\":\"https:\/\/simplesmile.com\/da\/produkt\/simplesmile-teeth-whitening-x4-expert-kit\/#breadcrumb\",\"itemListElement\":[{\"@type\":\"ListItem\",\"position\":1,\"name\":\"Home\",\"item\":\"https:\/\/simplesmile.com\/da\/\"},{\"@type\":\"ListItem\",\"position\":2,\"name\":\"Webbutik\",\"item\":\"https:\/\/simplesmile.com\/sv\/butik\/\"},{\"@type\":\"ListItem\",\"position\":3,\"name\":\"SIMPLESMILE\u00ae Expert Kit\"}]},{\"@type\":\"WebSite\",\"@id\":\"https:\/\/simplesmile.com\/sv\/#website\",\"url\":\"https:\/\/simplesmile.com\/sv\/\",\"name\":\"SimpleSmile\",\"description\":\"Vitare t\u00e4nder med garanterat resultat\",\"potentialAction\":[{\"@type\":\"SearchAction\",\"target\":{\"@type\":\"EntryPoint\",\"urlTemplate\":\"https:\/\/simplesmile.com\/sv\/?s={search_term_string}\"},\"query-input\":{\"@type\":\"PropertyValueSpecification\",\"valueRequired\":true,\"valueName\":\"search_term_string\"}}],\"inLanguage\":\"da-DK\"}]}<\/script>\n<!-- \/ Yoast SEO plugin. -->","yoast_head_json":{"title":"SIMPLESMILE\u00ae Expert Kit - SimpleSmile","robots":{"index":"index","follow":"follow","max-snippet":"max-snippet:-1","max-image-preview":"max-image-preview:large","max-video-preview":"max-video-preview:-1"},"canonical":"https:\/\/simplesmile.com\/da\/produkt\/simplesmile-teeth-whitening-x4-expert-kit\/","og_locale":"da_DK","og_type":"article","og_title":"SIMPLESMILE\u00ae Expert Kit - SimpleSmile","og_description":"Simplesmile\u00ae Expert Kit indeholder vores mest effektive tandblegningsgel for maksimale resultater i din tandblegning. Pakken indeholder Expert Kit X4 tandblegningsgel (10 ml), 3 x b\u00f8jelige mundskinner, applikator og brugsanvisning.","og_url":"https:\/\/simplesmile.com\/da\/produkt\/simplesmile-teeth-whitening-x4-expert-kit\/","og_site_name":"SimpleSmile","article_modified_time":"2024-07-29T11:20:27+00:00","og_image":[{"width":1417,"height":1063,"url":"https:\/\/simplesmile.com\/wp-content\/uploads\/2020\/11\/Simplesmile-Expert-Kit.jpg","type":"image\/jpeg"}],"twitter_card":"summary_large_image","twitter_misc":{"Estimeret l\u00e6setid":"1 minut"},"schema":{"@context":"https:\/\/schema.org","@graph":[{"@type":"WebPage","@id":"https:\/\/simplesmile.com\/da\/produkt\/simplesmile-teeth-whitening-x4-expert-kit\/","url":"https:\/\/simplesmile.com\/da\/produkt\/simplesmile-teeth-whitening-x4-expert-kit\/","name":"SIMPLESMILE\u00ae Expert Kit - SimpleSmile","isPartOf":{"@id":"https:\/\/simplesmile.com\/sv\/#website"},"primaryImageOfPage":{"@id":"https:\/\/simplesmile.com\/da\/produkt\/simplesmile-teeth-whitening-x4-expert-kit\/#primaryimage"},"image":{"@id":"https:\/\/simplesmile.com\/da\/produkt\/simplesmile-teeth-whitening-x4-expert-kit\/#primaryimage"},"thumbnailUrl":"https:\/\/simplesmile.com\/wp-content\/uploads\/2020\/11\/Simplesmile-Expert-Kit.jpg","datePublished":"2020-11-19T10:21:17+00:00","dateModified":"2024-07-29T11:20:27+00:00","breadcrumb":{"@id":"https:\/\/simplesmile.com\/da\/produkt\/simplesmile-teeth-whitening-x4-expert-kit\/#breadcrumb"},"inLanguage":"da-DK","potentialAction":[{"@type":"ReadAction","target":["https:\/\/simplesmile.com\/da\/produkt\/simplesmile-teeth-whitening-x4-expert-kit\/"]}]},{"@type":"ImageObject","inLanguage":"da-DK","@id":"https:\/\/simplesmile.com\/da\/produkt\/simplesmile-teeth-whitening-x4-expert-kit\/#primaryimage","url":"https:\/\/simplesmile.com\/wp-content\/uploads\/2020\/11\/Simplesmile-Expert-Kit.jpg","contentUrl":"https:\/\/simplesmile.com\/wp-content\/uploads\/2020\/11\/Simplesmile-Expert-Kit.jpg","width":1417,"height":1063},{"@type":"BreadcrumbList","@id":"https:\/\/simplesmile.com\/da\/produkt\/simplesmile-teeth-whitening-x4-expert-kit\/#breadcrumb","itemListElement":[{"@type":"ListItem","position":1,"name":"Home","item":"https:\/\/simplesmile.com\/da\/"},{"@type":"ListItem","position":2,"name":"Webbutik","item":"https:\/\/simplesmile.com\/sv\/butik\/"},{"@type":"ListItem","position":3,"name":"SIMPLESMILE\u00ae Expert Kit"}]},{"@type":"WebSite","@id":"https:\/\/simplesmile.com\/sv\/#website","url":"https:\/\/simplesmile.com\/sv\/","name":"SimpleSmile","description":"Vitare t\u00e4nder med garanterat resultat","potentialAction":[{"@type":"SearchAction","target":{"@type":"EntryPoint","urlTemplate":"https:\/\/simplesmile.com\/sv\/?s={search_term_string}"},"query-input":{"@type":"PropertyValueSpecification","valueRequired":true,"valueName":"search_term_string"}}],"inLanguage":"da-DK"}]}},"_links":{"self":[{"href":"https:\/\/simplesmile.com\/da\/wp-json\/wp\/v2\/product\/957","targetHints":{"allow":["GET"]}}],"collection":[{"href":"https:\/\/simplesmile.com\/da\/wp-json\/wp\/v2\/product"}],"about":[{"href":"https:\/\/simplesmile.com\/da\/wp-json\/wp\/v2\/types\/product"}],"replies":[{"embeddable":true,"href":"https:\/\/simplesmile.com\/da\/wp-json\/wp\/v2\/comments?post=957"}],"wp:featuredmedia":[{"embeddable":true,"href":"https:\/\/simplesmile.com\/da\/wp-json\/wp\/v2\/media\/1201"}],"wp:attachment":[{"href":"https:\/\/simplesmile.com\/da\/wp-json\/wp\/v2\/media?parent=957"}],"wp:term":[{"taxonomy":"product_brand","embeddable":true,"href":"https:\/\/simplesmile.com\/da\/wp-json\/wp\/v2\/product_brand?post=957"},{"taxonomy":"product_cat","embeddable":true,"href":"https:\/\/simplesmile.com\/da\/wp-json\/wp\/v2\/product_cat?post=957"},{"taxonomy":"product_tag","embeddable":true,"href":"https:\/\/simplesmile.com\/da\/wp-json\/wp\/v2\/product_tag?post=957"}],"curies":[{"name":"wp","href":"https:\/\/api.w.org\/{rel}","templated":true}]}}