{"id":958,"date":"2020-11-19T11:33:06","date_gmt":"2020-11-19T10:33:06","guid":{"rendered":"https:\/\/simplesmile.hemsida.eu\/produkt\/simplesmile-teeth-whitening-x4-expert-refill\/"},"modified":"2024-07-29T13:21:44","modified_gmt":"2024-07-29T11:21:44","slug":"simplesmile-teeth-whitening-x4-expert-refill","status":"publish","type":"product","link":"https:\/\/simplesmile.com\/da\/produkt\/simplesmile-teeth-whitening-x4-expert-refill\/","title":{"rendered":"SIMPLESMILE\u00ae Expert Refill"},"content":{"rendered":"<p><span data-sheets-value=\"{&quot;1&quot;:2,&quot;2&quot;:&quot;Simplesmile\u00ae Expert Refill indeholder tandblegningsgel med Triple Boost Max-teknologi, der renser med aktive pletfjerner og blegemidler med natriumbicarbonat og PAP * for \u00f8get effektivitet. Expert Kit er et komplet tandblegningss\u00e6t til effektiv hvidning af t\u00e6nder derhjemme hurtigt, nemt og blidt. Den indeholder 10 ml Triple Boost Max tandblegningsgel, der bruges sammen med de medf\u00f8lgende mundskinner, der er designet individuelt ved hj\u00e6lp af varmt vand. Gelen indeholder flere aktive ingredienser, herunder PAP, natriumbicarbonat og kokossulfat, der arbejder sammen for effektivt at rense og g\u00f8re t\u00e6nderne lysere. PAP er en organisk ingrediens, der resulterer i en h\u00f8j grad af oxidation. Oxidation er n\u00f8dvendig for blegningsprocessen, fordi den neutraliserer organiske bindinger, der for\u00e5rsager misfarvning i t\u00e6nderne. Expert Kit tandblegningsgel er 100% peroxidfri, ingen irritationer eller andre ubehagelige bivirkninger i t\u00e6nder eller tandk\u00f8d. Pakken indeholder Expert Kit X4 tandblegningsgel (10 ml) og brugsanvisning. *Phthalimidoperoxycaproic acid &quot;}\" data-sheets-userformat=\"{&quot;2&quot;:15297,&quot;3&quot;:{&quot;1&quot;:0},&quot;9&quot;:0,&quot;10&quot;:0,&quot;11&quot;:4,&quot;12&quot;:0,&quot;14&quot;:{&quot;1&quot;:2,&quot;2&quot;:0},&quot;15&quot;:&quot;Work Sans&quot;,&quot;16&quot;:10}\">Simplesmile\u00ae Expert Refill indeholder tandblegningsgel med Triple Boost Max-teknologi, der renser med aktive pletfjerner og blegemidler med natriumbicarbonat og PAP * for \u00f8get effektivitet. Expert Kit er et komplet tandblegningss\u00e6t til effektiv hvidning af t\u00e6nder derhjemme hurtigt, nemt og blidt. Den indeholder 10 ml Triple Boost Max tandblegningsgel, der bruges sammen med de medf\u00f8lgende mundskinner, der er designet individuelt ved hj\u00e6lp af varmt vand. <\/span><\/p>\n<p><span data-sheets-value=\"{&quot;1&quot;:2,&quot;2&quot;:&quot;Simplesmile\u00ae Expert Refill indeholder tandblegningsgel med Triple Boost Max-teknologi, der renser med aktive pletfjerner og blegemidler med natriumbicarbonat og PAP * for \u00f8get effektivitet. Expert Kit er et komplet tandblegningss\u00e6t til effektiv hvidning af t\u00e6nder derhjemme hurtigt, nemt og blidt. Den indeholder 10 ml Triple Boost Max tandblegningsgel, der bruges sammen med de medf\u00f8lgende mundskinner, der er designet individuelt ved hj\u00e6lp af varmt vand. Gelen indeholder flere aktive ingredienser, herunder PAP, natriumbicarbonat og kokossulfat, der arbejder sammen for effektivt at rense og g\u00f8re t\u00e6nderne lysere. PAP er en organisk ingrediens, der resulterer i en h\u00f8j grad af oxidation. Oxidation er n\u00f8dvendig for blegningsprocessen, fordi den neutraliserer organiske bindinger, der for\u00e5rsager misfarvning i t\u00e6nderne. Expert Kit tandblegningsgel er 100% peroxidfri, ingen irritationer eller andre ubehagelige bivirkninger i t\u00e6nder eller tandk\u00f8d. Pakken indeholder Expert Kit X4 tandblegningsgel (10 ml) og brugsanvisning. *Phthalimidoperoxycaproic acid &quot;}\" data-sheets-userformat=\"{&quot;2&quot;:15297,&quot;3&quot;:{&quot;1&quot;:0},&quot;9&quot;:0,&quot;10&quot;:0,&quot;11&quot;:4,&quot;12&quot;:0,&quot;14&quot;:{&quot;1&quot;:2,&quot;2&quot;:0},&quot;15&quot;:&quot;Work Sans&quot;,&quot;16&quot;:10}\">Gelen indeholder flere aktive ingredienser, herunder PAP, natriumbicarbonat og kokossulfat, der arbejder sammen for effektivt at rense og g\u00f8re t\u00e6nderne lysere. PAP er en organisk ingrediens, der resulterer i en h\u00f8j grad af oxidation. Oxidation er n\u00f8dvendig for blegningsprocessen, fordi den neutraliserer organiske bindinger, der for\u00e5rsager misfarvning i t\u00e6nderne. <\/span><\/p>\n<p><span data-sheets-value=\"{&quot;1&quot;:2,&quot;2&quot;:&quot;Simplesmile\u00ae Expert Refill indeholder tandblegningsgel med Triple Boost Max-teknologi, der renser med aktive pletfjerner og blegemidler med natriumbicarbonat og PAP * for \u00f8get effektivitet. Expert Kit er et komplet tandblegningss\u00e6t til effektiv hvidning af t\u00e6nder derhjemme hurtigt, nemt og blidt. Den indeholder 10 ml Triple Boost Max tandblegningsgel, der bruges sammen med de medf\u00f8lgende mundskinner, der er designet individuelt ved hj\u00e6lp af varmt vand. Gelen indeholder flere aktive ingredienser, herunder PAP, natriumbicarbonat og kokossulfat, der arbejder sammen for effektivt at rense og g\u00f8re t\u00e6nderne lysere. PAP er en organisk ingrediens, der resulterer i en h\u00f8j grad af oxidation. Oxidation er n\u00f8dvendig for blegningsprocessen, fordi den neutraliserer organiske bindinger, der for\u00e5rsager misfarvning i t\u00e6nderne. Expert Kit tandblegningsgel er 100% peroxidfri, ingen irritationer eller andre ubehagelige bivirkninger i t\u00e6nder eller tandk\u00f8d. Pakken indeholder Expert Kit X4 tandblegningsgel (10 ml) og brugsanvisning. *Phthalimidoperoxycaproic acid &quot;}\" data-sheets-userformat=\"{&quot;2&quot;:15297,&quot;3&quot;:{&quot;1&quot;:0},&quot;9&quot;:0,&quot;10&quot;:0,&quot;11&quot;:4,&quot;12&quot;:0,&quot;14&quot;:{&quot;1&quot;:2,&quot;2&quot;:0},&quot;15&quot;:&quot;Work Sans&quot;,&quot;16&quot;:10}\">Expert Kit tandblegningsgel er 100% peroxidfri, ingen irritationer eller andre ubehagelige bivirkninger i t\u00e6nder eller tandk\u00f8d. <\/span><\/p>\n<p><span data-sheets-value=\"{&quot;1&quot;:2,&quot;2&quot;:&quot;Simplesmile\u00ae Expert Refill indeholder tandblegningsgel med Triple Boost Max-teknologi, der renser med aktive pletfjerner og blegemidler med natriumbicarbonat og PAP * for \u00f8get effektivitet. Expert Kit er et komplet tandblegningss\u00e6t til effektiv hvidning af t\u00e6nder derhjemme hurtigt, nemt og blidt. Den indeholder 10 ml Triple Boost Max tandblegningsgel, der bruges sammen med de medf\u00f8lgende mundskinner, der er designet individuelt ved hj\u00e6lp af varmt vand. Gelen indeholder flere aktive ingredienser, herunder PAP, natriumbicarbonat og kokossulfat, der arbejder sammen for effektivt at rense og g\u00f8re t\u00e6nderne lysere. PAP er en organisk ingrediens, der resulterer i en h\u00f8j grad af oxidation. Oxidation er n\u00f8dvendig for blegningsprocessen, fordi den neutraliserer organiske bindinger, der for\u00e5rsager misfarvning i t\u00e6nderne. Expert Kit tandblegningsgel er 100% peroxidfri, ingen irritationer eller andre ubehagelige bivirkninger i t\u00e6nder eller tandk\u00f8d. Pakken indeholder Expert Kit X4 tandblegningsgel (10 ml) og brugsanvisning. *Phthalimidoperoxycaproic acid &quot;}\" data-sheets-userformat=\"{&quot;2&quot;:15297,&quot;3&quot;:{&quot;1&quot;:0},&quot;9&quot;:0,&quot;10&quot;:0,&quot;11&quot;:4,&quot;12&quot;:0,&quot;14&quot;:{&quot;1&quot;:2,&quot;2&quot;:0},&quot;15&quot;:&quot;Work Sans&quot;,&quot;16&quot;:10}\">Pakken indeholder Expert Kit tandblegningsgel (10 ml) og brugsanvisning. <\/span><\/p>\n<p><span data-sheets-value=\"{&quot;1&quot;:2,&quot;2&quot;:&quot;Simplesmile\u00ae Expert Refill indeholder tandblegningsgel med Triple Boost Max-teknologi, der renser med aktive pletfjerner og blegemidler med natriumbicarbonat og PAP * for \u00f8get effektivitet. Expert Kit er et komplet tandblegningss\u00e6t til effektiv hvidning af t\u00e6nder derhjemme hurtigt, nemt og blidt. Den indeholder 10 ml Triple Boost Max tandblegningsgel, der bruges sammen med de medf\u00f8lgende mundskinner, der er designet individuelt ved hj\u00e6lp af varmt vand. Gelen indeholder flere aktive ingredienser, herunder PAP, natriumbicarbonat og kokossulfat, der arbejder sammen for effektivt at rense og g\u00f8re t\u00e6nderne lysere. PAP er en organisk ingrediens, der resulterer i en h\u00f8j grad af oxidation. Oxidation er n\u00f8dvendig for blegningsprocessen, fordi den neutraliserer organiske bindinger, der for\u00e5rsager misfarvning i t\u00e6nderne. Expert Kit tandblegningsgel er 100% peroxidfri, ingen irritationer eller andre ubehagelige bivirkninger i t\u00e6nder eller tandk\u00f8d. Pakken indeholder Expert Kit X4 tandblegningsgel (10 ml) og brugsanvisning. *Phthalimidoperoxycaproic acid &quot;}\" data-sheets-userformat=\"{&quot;2&quot;:15297,&quot;3&quot;:{&quot;1&quot;:0},&quot;9&quot;:0,&quot;10&quot;:0,&quot;11&quot;:4,&quot;12&quot;:0,&quot;14&quot;:{&quot;1&quot;:2,&quot;2&quot;:0},&quot;15&quot;:&quot;Work Sans&quot;,&quot;16&quot;:10}\">*Phthalimidoperoxycaproic acid <\/span><\/p>\n","protected":false},"excerpt":{"rendered":"<p><span data-sheets-value=\"{&quot;1&quot;:2,&quot;2&quot;:&quot;Simplesmile\u00ae Expert Refill indeholder tandblegningsgel med Triple Boost Max-teknologi, der renser med aktive pletfjerner og blegemidler med natriumbicarbonat og PAP * for \u00f8get effektivitet. Expert Kit er et komplet tandblegningss\u00e6t til effektiv hvidning af t\u00e6nder derhjemme hurtigt, nemt og blidt. Den indeholder 10 ml Triple Boost Max tandblegningsgel, der bruges sammen med de medf\u00f8lgende mundskinner, der er designet individuelt ved hj\u00e6lp af varmt vand. Gelen indeholder flere aktive ingredienser, herunder PAP, natriumbicarbonat og kokossulfat, der arbejder sammen for effektivt at rense og g\u00f8re t\u00e6nderne lysere. PAP er en organisk ingrediens, der resulterer i en h\u00f8j grad af oxidation. Oxidation er n\u00f8dvendig for blegningsprocessen, fordi den neutraliserer organiske bindinger, der for\u00e5rsager misfarvning i t\u00e6nderne. Expert Kit tandblegningsgel er 100% peroxidfri, ingen irritationer eller andre ubehagelige bivirkninger i t\u00e6nder eller tandk\u00f8d. Pakken indeholder Expert Kit X4 tandblegningsgel (10 ml) og brugsanvisning. *Phthalimidoperoxycaproic acid &quot;}\" data-sheets-userformat=\"{&quot;2&quot;:15297,&quot;3&quot;:{&quot;1&quot;:0},&quot;9&quot;:0,&quot;10&quot;:0,&quot;11&quot;:4,&quot;12&quot;:0,&quot;14&quot;:{&quot;1&quot;:2,&quot;2&quot;:0},&quot;15&quot;:&quot;Work Sans&quot;,&quot;16&quot;:10}\">Simplesmile\u00ae Expert Refill indeholder vores mest effektive tandblegningsgel for maksimale resultater i din tandblegning.\u00a0<\/span><span data-sheets-value=\"{&quot;1&quot;:2,&quot;2&quot;:&quot;Simplesmile\u00ae Expert Refill indeholder tandblegningsgel med Triple Boost Max-teknologi, der renser med aktive pletfjerner og blegemidler med natriumbicarbonat og PAP * for \u00f8get effektivitet. Expert Kit er et komplet tandblegningss\u00e6t til effektiv hvidning af t\u00e6nder derhjemme hurtigt, nemt og blidt. Den indeholder 10 ml Triple Boost Max tandblegningsgel, der bruges sammen med de medf\u00f8lgende mundskinner, der er designet individuelt ved hj\u00e6lp af varmt vand. Gelen indeholder flere aktive ingredienser, herunder PAP, natriumbicarbonat og kokossulfat, der arbejder sammen for effektivt at rense og g\u00f8re t\u00e6nderne lysere. PAP er en organisk ingrediens, der resulterer i en h\u00f8j grad af oxidation. Oxidation er n\u00f8dvendig for blegningsprocessen, fordi den neutraliserer organiske bindinger, der for\u00e5rsager misfarvning i t\u00e6nderne. Expert Kit tandblegningsgel er 100% peroxidfri, ingen irritationer eller andre ubehagelige bivirkninger i t\u00e6nder eller tandk\u00f8d. Pakken indeholder Expert Kit X4 tandblegningsgel (10 ml) og brugsanvisning. *Phthalimidoperoxycaproic acid &quot;}\" data-sheets-userformat=\"{&quot;2&quot;:15297,&quot;3&quot;:{&quot;1&quot;:0},&quot;9&quot;:0,&quot;10&quot;:0,&quot;11&quot;:4,&quot;12&quot;:0,&quot;14&quot;:{&quot;1&quot;:2,&quot;2&quot;:0},&quot;15&quot;:&quot;Work Sans&quot;,&quot;16&quot;:10}\">Pakken indeholder Expert Kit tandblegningsgel (10 ml) og brugsanvisning.<\/span><\/p>\n","protected":false},"featured_media":1185,"comment_status":"open","ping_status":"closed","template":"","meta":{"_acf_changed":false,"om_disable_all_campaigns":false,"_monsterinsights_skip_tracking":false,"_monsterinsights_sitenote_active":false,"_monsterinsights_sitenote_note":"","_monsterinsights_sitenote_category":0},"product_brand":[],"product_cat":[51],"product_tag":[],"class_list":{"0":"post-958","1":"product","2":"type-product","3":"status-publish","4":"has-post-thumbnail","6":"product_cat-refillers-da","8":"first","9":"instock","10":"taxable","11":"shipping-taxable","12":"purchasable","13":"product-type-simple"},"acf":[],"aioseo_notices":[],"shsp-ext":{"main":{},"variations":[]},"yoast_head":"<!-- This site is optimized with the Yoast SEO plugin v27.2 - https:\/\/yoast.com\/product\/yoast-seo-wordpress\/ -->\n<title>SIMPLESMILE\u00ae Expert Refill - SimpleSmile<\/title>\n<meta name=\"robots\" content=\"index, follow, max-snippet:-1, max-image-preview:large, max-video-preview:-1\" \/>\n<link rel=\"canonical\" href=\"https:\/\/simplesmile.com\/da\/produkt\/simplesmile-teeth-whitening-x4-expert-refill\/\" \/>\n<meta property=\"og:locale\" content=\"da_DK\" \/>\n<meta property=\"og:type\" content=\"article\" \/>\n<meta property=\"og:title\" content=\"SIMPLESMILE\u00ae Expert Refill - SimpleSmile\" \/>\n<meta property=\"og:description\" content=\"Simplesmile\u00ae Expert Refill indeholder vores mest effektive tandblegningsgel for maksimale resultater i din tandblegning.\u00a0Pakken indeholder Expert Kit tandblegningsgel (10 ml) og brugsanvisning.\" \/>\n<meta property=\"og:url\" content=\"https:\/\/simplesmile.com\/da\/produkt\/simplesmile-teeth-whitening-x4-expert-refill\/\" \/>\n<meta property=\"og:site_name\" content=\"SimpleSmile\" \/>\n<meta property=\"article:modified_time\" content=\"2024-07-29T11:21:44+00:00\" \/>\n<meta property=\"og:image\" content=\"https:\/\/simplesmile.com\/wp-content\/uploads\/2020\/11\/Simplesmile-Expert-Refill.jpg\" \/>\n\t<meta property=\"og:image:width\" content=\"1417\" \/>\n\t<meta property=\"og:image:height\" content=\"1063\" \/>\n\t<meta property=\"og:image:type\" content=\"image\/jpeg\" \/>\n<meta name=\"twitter:card\" content=\"summary_large_image\" \/>\n<meta name=\"twitter:label1\" content=\"Estimeret l\u00e6setid\" \/>\n\t<meta name=\"twitter:data1\" content=\"1 minut\" \/>\n<script type=\"application\/ld+json\" class=\"yoast-schema-graph\">{\"@context\":\"https:\/\/schema.org\",\"@graph\":[{\"@type\":\"WebPage\",\"@id\":\"https:\/\/simplesmile.com\/da\/produkt\/simplesmile-teeth-whitening-x4-expert-refill\/\",\"url\":\"https:\/\/simplesmile.com\/da\/produkt\/simplesmile-teeth-whitening-x4-expert-refill\/\",\"name\":\"SIMPLESMILE\u00ae Expert Refill - SimpleSmile\",\"isPartOf\":{\"@id\":\"https:\/\/simplesmile.com\/sv\/#website\"},\"primaryImageOfPage\":{\"@id\":\"https:\/\/simplesmile.com\/da\/produkt\/simplesmile-teeth-whitening-x4-expert-refill\/#primaryimage\"},\"image\":{\"@id\":\"https:\/\/simplesmile.com\/da\/produkt\/simplesmile-teeth-whitening-x4-expert-refill\/#primaryimage\"},\"thumbnailUrl\":\"https:\/\/simplesmile.com\/wp-content\/uploads\/2020\/11\/Simplesmile-Expert-Refill.jpg\",\"datePublished\":\"2020-11-19T10:33:06+00:00\",\"dateModified\":\"2024-07-29T11:21:44+00:00\",\"breadcrumb\":{\"@id\":\"https:\/\/simplesmile.com\/da\/produkt\/simplesmile-teeth-whitening-x4-expert-refill\/#breadcrumb\"},\"inLanguage\":\"da-DK\",\"potentialAction\":[{\"@type\":\"ReadAction\",\"target\":[\"https:\/\/simplesmile.com\/da\/produkt\/simplesmile-teeth-whitening-x4-expert-refill\/\"]}]},{\"@type\":\"ImageObject\",\"inLanguage\":\"da-DK\",\"@id\":\"https:\/\/simplesmile.com\/da\/produkt\/simplesmile-teeth-whitening-x4-expert-refill\/#primaryimage\",\"url\":\"https:\/\/simplesmile.com\/wp-content\/uploads\/2020\/11\/Simplesmile-Expert-Refill.jpg\",\"contentUrl\":\"https:\/\/simplesmile.com\/wp-content\/uploads\/2020\/11\/Simplesmile-Expert-Refill.jpg\",\"width\":1417,\"height\":1063},{\"@type\":\"BreadcrumbList\",\"@id\":\"https:\/\/simplesmile.com\/da\/produkt\/simplesmile-teeth-whitening-x4-expert-refill\/#breadcrumb\",\"itemListElement\":[{\"@type\":\"ListItem\",\"position\":1,\"name\":\"Home\",\"item\":\"https:\/\/simplesmile.com\/da\/\"},{\"@type\":\"ListItem\",\"position\":2,\"name\":\"Webbutik\",\"item\":\"https:\/\/simplesmile.com\/sv\/butik\/\"},{\"@type\":\"ListItem\",\"position\":3,\"name\":\"SIMPLESMILE\u00ae Expert Refill\"}]},{\"@type\":\"WebSite\",\"@id\":\"https:\/\/simplesmile.com\/sv\/#website\",\"url\":\"https:\/\/simplesmile.com\/sv\/\",\"name\":\"SimpleSmile\",\"description\":\"Vitare t\u00e4nder med garanterat resultat\",\"potentialAction\":[{\"@type\":\"SearchAction\",\"target\":{\"@type\":\"EntryPoint\",\"urlTemplate\":\"https:\/\/simplesmile.com\/sv\/?s={search_term_string}\"},\"query-input\":{\"@type\":\"PropertyValueSpecification\",\"valueRequired\":true,\"valueName\":\"search_term_string\"}}],\"inLanguage\":\"da-DK\"}]}<\/script>\n<!-- \/ Yoast SEO plugin. -->","yoast_head_json":{"title":"SIMPLESMILE\u00ae Expert Refill - SimpleSmile","robots":{"index":"index","follow":"follow","max-snippet":"max-snippet:-1","max-image-preview":"max-image-preview:large","max-video-preview":"max-video-preview:-1"},"canonical":"https:\/\/simplesmile.com\/da\/produkt\/simplesmile-teeth-whitening-x4-expert-refill\/","og_locale":"da_DK","og_type":"article","og_title":"SIMPLESMILE\u00ae Expert Refill - SimpleSmile","og_description":"Simplesmile\u00ae Expert Refill indeholder vores mest effektive tandblegningsgel for maksimale resultater i din tandblegning.\u00a0Pakken indeholder Expert Kit tandblegningsgel (10 ml) og brugsanvisning.","og_url":"https:\/\/simplesmile.com\/da\/produkt\/simplesmile-teeth-whitening-x4-expert-refill\/","og_site_name":"SimpleSmile","article_modified_time":"2024-07-29T11:21:44+00:00","og_image":[{"width":1417,"height":1063,"url":"https:\/\/simplesmile.com\/wp-content\/uploads\/2020\/11\/Simplesmile-Expert-Refill.jpg","type":"image\/jpeg"}],"twitter_card":"summary_large_image","twitter_misc":{"Estimeret l\u00e6setid":"1 minut"},"schema":{"@context":"https:\/\/schema.org","@graph":[{"@type":"WebPage","@id":"https:\/\/simplesmile.com\/da\/produkt\/simplesmile-teeth-whitening-x4-expert-refill\/","url":"https:\/\/simplesmile.com\/da\/produkt\/simplesmile-teeth-whitening-x4-expert-refill\/","name":"SIMPLESMILE\u00ae Expert Refill - SimpleSmile","isPartOf":{"@id":"https:\/\/simplesmile.com\/sv\/#website"},"primaryImageOfPage":{"@id":"https:\/\/simplesmile.com\/da\/produkt\/simplesmile-teeth-whitening-x4-expert-refill\/#primaryimage"},"image":{"@id":"https:\/\/simplesmile.com\/da\/produkt\/simplesmile-teeth-whitening-x4-expert-refill\/#primaryimage"},"thumbnailUrl":"https:\/\/simplesmile.com\/wp-content\/uploads\/2020\/11\/Simplesmile-Expert-Refill.jpg","datePublished":"2020-11-19T10:33:06+00:00","dateModified":"2024-07-29T11:21:44+00:00","breadcrumb":{"@id":"https:\/\/simplesmile.com\/da\/produkt\/simplesmile-teeth-whitening-x4-expert-refill\/#breadcrumb"},"inLanguage":"da-DK","potentialAction":[{"@type":"ReadAction","target":["https:\/\/simplesmile.com\/da\/produkt\/simplesmile-teeth-whitening-x4-expert-refill\/"]}]},{"@type":"ImageObject","inLanguage":"da-DK","@id":"https:\/\/simplesmile.com\/da\/produkt\/simplesmile-teeth-whitening-x4-expert-refill\/#primaryimage","url":"https:\/\/simplesmile.com\/wp-content\/uploads\/2020\/11\/Simplesmile-Expert-Refill.jpg","contentUrl":"https:\/\/simplesmile.com\/wp-content\/uploads\/2020\/11\/Simplesmile-Expert-Refill.jpg","width":1417,"height":1063},{"@type":"BreadcrumbList","@id":"https:\/\/simplesmile.com\/da\/produkt\/simplesmile-teeth-whitening-x4-expert-refill\/#breadcrumb","itemListElement":[{"@type":"ListItem","position":1,"name":"Home","item":"https:\/\/simplesmile.com\/da\/"},{"@type":"ListItem","position":2,"name":"Webbutik","item":"https:\/\/simplesmile.com\/sv\/butik\/"},{"@type":"ListItem","position":3,"name":"SIMPLESMILE\u00ae Expert Refill"}]},{"@type":"WebSite","@id":"https:\/\/simplesmile.com\/sv\/#website","url":"https:\/\/simplesmile.com\/sv\/","name":"SimpleSmile","description":"Vitare t\u00e4nder med garanterat resultat","potentialAction":[{"@type":"SearchAction","target":{"@type":"EntryPoint","urlTemplate":"https:\/\/simplesmile.com\/sv\/?s={search_term_string}"},"query-input":{"@type":"PropertyValueSpecification","valueRequired":true,"valueName":"search_term_string"}}],"inLanguage":"da-DK"}]}},"_links":{"self":[{"href":"https:\/\/simplesmile.com\/da\/wp-json\/wp\/v2\/product\/958","targetHints":{"allow":["GET"]}}],"collection":[{"href":"https:\/\/simplesmile.com\/da\/wp-json\/wp\/v2\/product"}],"about":[{"href":"https:\/\/simplesmile.com\/da\/wp-json\/wp\/v2\/types\/product"}],"replies":[{"embeddable":true,"href":"https:\/\/simplesmile.com\/da\/wp-json\/wp\/v2\/comments?post=958"}],"wp:featuredmedia":[{"embeddable":true,"href":"https:\/\/simplesmile.com\/da\/wp-json\/wp\/v2\/media\/1185"}],"wp:attachment":[{"href":"https:\/\/simplesmile.com\/da\/wp-json\/wp\/v2\/media?parent=958"}],"wp:term":[{"taxonomy":"product_brand","embeddable":true,"href":"https:\/\/simplesmile.com\/da\/wp-json\/wp\/v2\/product_brand?post=958"},{"taxonomy":"product_cat","embeddable":true,"href":"https:\/\/simplesmile.com\/da\/wp-json\/wp\/v2\/product_cat?post=958"},{"taxonomy":"product_tag","embeddable":true,"href":"https:\/\/simplesmile.com\/da\/wp-json\/wp\/v2\/product_tag?post=958"}],"curies":[{"name":"wp","href":"https:\/\/api.w.org\/{rel}","templated":true}]}}