{"id":961,"date":"2020-11-24T09:49:50","date_gmt":"2020-11-24T08:49:50","guid":{"rendered":"https:\/\/simplesmile.hemsida.eu\/produkt\/simplesmile-dual-foam\/"},"modified":"2024-03-17T19:57:22","modified_gmt":"2024-03-17T18:57:22","slug":"simplesmile-dual-foam","status":"publish","type":"product","link":"https:\/\/simplesmile.com\/da\/produkt\/simplesmile-dual-foam\/","title":{"rendered":"SIMPLESMILE\u00ae Dual Foam"},"content":{"rendered":"<p>Simplesmile\u00ae Dual Foam er et tandblegende skum, der bruges som tandpasta. Under behandlingen erstatter Dual Foam din almindelige tandpasta. Behandlingen best\u00e5r af to trin, der b\u00e5de renser og g\u00f8r t\u00e6nderne lysere og er et perfekt alternativ til dem, der ikke \u00f8nsker eller kan h\u00e5ndter tandblegning med tandblegende gel og mundstykke. B\u00f8rst t\u00e6nderne som normalt med Dual Foam i 3 minutter b\u00e5de morgen og aften.<\/p>\n<p>Trin 1 Reng\u00f8ring: B\u00f8rst t\u00e6nderne i 1 minut, s\u00e5 de er rene og friske med reng\u00f8ringsskummet. Du f\u00e5r en rigtig dejlig f\u00f8lelse af virkelig skinnende og rene t\u00e6nder. Skylle.<\/p>\n<p>Trin 2 Blegning: B\u00f8rst t\u00e6nderne igen i 2 minutter med en let h\u00e5nd, s\u00e5 tandblegningsskum fungerer. Skyl ikke.<\/p>\n<p>Dual Foam er nok til to b\u00f8rster om dagen i cirka tre uger, og i l\u00f8bet af denne periode skal du helst ikke bruge almindelig tandpasta. Dual Foam indeholder ingen slibemidler og kan bruges med b\u00e5de elektrisk tandb\u00f8rste og manuel tandb\u00f8rste.<\/p>\n<p>Pakken indeholder 1 x Cleaning Foam (50 ml), 1 x Whitening Foam (50 ml), skyggevejledning og brugsanvisning.<\/p>\n","protected":false},"excerpt":{"rendered":"<p>Simplesmile\u00ae Dual Foam er et tandblegende skum, der bruges som tandpasta. Under behandlingen erstatter Dual Foam din almindelige tandpasta. Behandlingen best\u00e5r af to trin, der b\u00e5de renser og g\u00f8r t\u00e6nderne lysere og er et perfekt alternativ til dem, der ikke \u00f8nsker eller kan h\u00e5ndter tandblegning med tandblegende gel og mundstykke. B\u00f8rst t\u00e6nderne som normalt med [&hellip;]<\/p>\n","protected":false},"featured_media":1154,"comment_status":"open","ping_status":"closed","template":"","meta":{"_acf_changed":false,"om_disable_all_campaigns":false,"_monsterinsights_skip_tracking":false,"_monsterinsights_sitenote_active":false,"_monsterinsights_sitenote_note":"","_monsterinsights_sitenote_category":0},"product_brand":[],"product_cat":[48],"product_tag":[],"class_list":{"0":"post-961","1":"product","2":"type-product","3":"status-publish","4":"has-post-thumbnail","6":"product_cat-ovrigt-da","8":"first","9":"outofstock","10":"taxable","11":"shipping-taxable","12":"purchasable","13":"product-type-simple"},"acf":[],"aioseo_notices":[],"shsp-ext":{"main":{},"variations":[]},"yoast_head":"<!-- This site is optimized with the Yoast SEO plugin v27.2 - https:\/\/yoast.com\/product\/yoast-seo-wordpress\/ -->\n<title>SIMPLESMILE\u00ae Dual Foam - SimpleSmile<\/title>\n<meta name=\"robots\" content=\"index, follow, max-snippet:-1, max-image-preview:large, max-video-preview:-1\" \/>\n<link rel=\"canonical\" href=\"https:\/\/simplesmile.com\/da\/produkt\/simplesmile-dual-foam\/\" \/>\n<meta property=\"og:locale\" content=\"da_DK\" \/>\n<meta property=\"og:type\" content=\"article\" \/>\n<meta property=\"og:title\" content=\"SIMPLESMILE\u00ae Dual Foam - SimpleSmile\" \/>\n<meta property=\"og:description\" content=\"Simplesmile\u00ae Dual Foam er et tandblegende skum, der bruges som tandpasta. Under behandlingen erstatter Dual Foam din almindelige tandpasta. Behandlingen best\u00e5r af to trin, der b\u00e5de renser og g\u00f8r t\u00e6nderne lysere og er et perfekt alternativ til dem, der ikke \u00f8nsker eller kan h\u00e5ndter tandblegning med tandblegende gel og mundstykke. B\u00f8rst t\u00e6nderne som normalt med [&hellip;]\" \/>\n<meta property=\"og:url\" content=\"https:\/\/simplesmile.com\/da\/produkt\/simplesmile-dual-foam\/\" \/>\n<meta property=\"og:site_name\" content=\"SimpleSmile\" \/>\n<meta property=\"article:modified_time\" content=\"2024-03-17T18:57:22+00:00\" \/>\n<meta property=\"og:image\" content=\"https:\/\/simplesmile.com\/wp-content\/uploads\/2020\/10\/SS1310_Dual_Foam_Simplesmile-1.jpg\" \/>\n\t<meta property=\"og:image:width\" content=\"1134\" \/>\n\t<meta property=\"og:image:height\" content=\"850\" \/>\n\t<meta property=\"og:image:type\" content=\"image\/jpeg\" \/>\n<meta name=\"twitter:card\" content=\"summary_large_image\" \/>\n<meta name=\"twitter:label1\" content=\"Estimeret l\u00e6setid\" \/>\n\t<meta name=\"twitter:data1\" content=\"1 minut\" \/>\n<script type=\"application\/ld+json\" class=\"yoast-schema-graph\">{\"@context\":\"https:\/\/schema.org\",\"@graph\":[{\"@type\":\"WebPage\",\"@id\":\"https:\/\/simplesmile.com\/da\/produkt\/simplesmile-dual-foam\/\",\"url\":\"https:\/\/simplesmile.com\/da\/produkt\/simplesmile-dual-foam\/\",\"name\":\"SIMPLESMILE\u00ae Dual Foam - SimpleSmile\",\"isPartOf\":{\"@id\":\"https:\/\/simplesmile.com\/sv\/#website\"},\"primaryImageOfPage\":{\"@id\":\"https:\/\/simplesmile.com\/da\/produkt\/simplesmile-dual-foam\/#primaryimage\"},\"image\":{\"@id\":\"https:\/\/simplesmile.com\/da\/produkt\/simplesmile-dual-foam\/#primaryimage\"},\"thumbnailUrl\":\"https:\/\/simplesmile.com\/wp-content\/uploads\/2020\/10\/SS1310_Dual_Foam_Simplesmile-1.jpg\",\"datePublished\":\"2020-11-24T08:49:50+00:00\",\"dateModified\":\"2024-03-17T18:57:22+00:00\",\"breadcrumb\":{\"@id\":\"https:\/\/simplesmile.com\/da\/produkt\/simplesmile-dual-foam\/#breadcrumb\"},\"inLanguage\":\"da-DK\",\"potentialAction\":[{\"@type\":\"ReadAction\",\"target\":[\"https:\/\/simplesmile.com\/da\/produkt\/simplesmile-dual-foam\/\"]}]},{\"@type\":\"ImageObject\",\"inLanguage\":\"da-DK\",\"@id\":\"https:\/\/simplesmile.com\/da\/produkt\/simplesmile-dual-foam\/#primaryimage\",\"url\":\"https:\/\/simplesmile.com\/wp-content\/uploads\/2020\/10\/SS1310_Dual_Foam_Simplesmile-1.jpg\",\"contentUrl\":\"https:\/\/simplesmile.com\/wp-content\/uploads\/2020\/10\/SS1310_Dual_Foam_Simplesmile-1.jpg\",\"width\":1134,\"height\":850},{\"@type\":\"BreadcrumbList\",\"@id\":\"https:\/\/simplesmile.com\/da\/produkt\/simplesmile-dual-foam\/#breadcrumb\",\"itemListElement\":[{\"@type\":\"ListItem\",\"position\":1,\"name\":\"Home\",\"item\":\"https:\/\/simplesmile.com\/da\/\"},{\"@type\":\"ListItem\",\"position\":2,\"name\":\"Webbutik\",\"item\":\"https:\/\/simplesmile.com\/sv\/butik\/\"},{\"@type\":\"ListItem\",\"position\":3,\"name\":\"SIMPLESMILE\u00ae Dual Foam\"}]},{\"@type\":\"WebSite\",\"@id\":\"https:\/\/simplesmile.com\/sv\/#website\",\"url\":\"https:\/\/simplesmile.com\/sv\/\",\"name\":\"SimpleSmile\",\"description\":\"Vitare t\u00e4nder med garanterat resultat\",\"potentialAction\":[{\"@type\":\"SearchAction\",\"target\":{\"@type\":\"EntryPoint\",\"urlTemplate\":\"https:\/\/simplesmile.com\/sv\/?s={search_term_string}\"},\"query-input\":{\"@type\":\"PropertyValueSpecification\",\"valueRequired\":true,\"valueName\":\"search_term_string\"}}],\"inLanguage\":\"da-DK\"}]}<\/script>\n<!-- \/ Yoast SEO plugin. -->","yoast_head_json":{"title":"SIMPLESMILE\u00ae Dual Foam - SimpleSmile","robots":{"index":"index","follow":"follow","max-snippet":"max-snippet:-1","max-image-preview":"max-image-preview:large","max-video-preview":"max-video-preview:-1"},"canonical":"https:\/\/simplesmile.com\/da\/produkt\/simplesmile-dual-foam\/","og_locale":"da_DK","og_type":"article","og_title":"SIMPLESMILE\u00ae Dual Foam - SimpleSmile","og_description":"Simplesmile\u00ae Dual Foam er et tandblegende skum, der bruges som tandpasta. Under behandlingen erstatter Dual Foam din almindelige tandpasta. Behandlingen best\u00e5r af to trin, der b\u00e5de renser og g\u00f8r t\u00e6nderne lysere og er et perfekt alternativ til dem, der ikke \u00f8nsker eller kan h\u00e5ndter tandblegning med tandblegende gel og mundstykke. B\u00f8rst t\u00e6nderne som normalt med [&hellip;]","og_url":"https:\/\/simplesmile.com\/da\/produkt\/simplesmile-dual-foam\/","og_site_name":"SimpleSmile","article_modified_time":"2024-03-17T18:57:22+00:00","og_image":[{"width":1134,"height":850,"url":"https:\/\/simplesmile.com\/wp-content\/uploads\/2020\/10\/SS1310_Dual_Foam_Simplesmile-1.jpg","type":"image\/jpeg"}],"twitter_card":"summary_large_image","twitter_misc":{"Estimeret l\u00e6setid":"1 minut"},"schema":{"@context":"https:\/\/schema.org","@graph":[{"@type":"WebPage","@id":"https:\/\/simplesmile.com\/da\/produkt\/simplesmile-dual-foam\/","url":"https:\/\/simplesmile.com\/da\/produkt\/simplesmile-dual-foam\/","name":"SIMPLESMILE\u00ae Dual Foam - SimpleSmile","isPartOf":{"@id":"https:\/\/simplesmile.com\/sv\/#website"},"primaryImageOfPage":{"@id":"https:\/\/simplesmile.com\/da\/produkt\/simplesmile-dual-foam\/#primaryimage"},"image":{"@id":"https:\/\/simplesmile.com\/da\/produkt\/simplesmile-dual-foam\/#primaryimage"},"thumbnailUrl":"https:\/\/simplesmile.com\/wp-content\/uploads\/2020\/10\/SS1310_Dual_Foam_Simplesmile-1.jpg","datePublished":"2020-11-24T08:49:50+00:00","dateModified":"2024-03-17T18:57:22+00:00","breadcrumb":{"@id":"https:\/\/simplesmile.com\/da\/produkt\/simplesmile-dual-foam\/#breadcrumb"},"inLanguage":"da-DK","potentialAction":[{"@type":"ReadAction","target":["https:\/\/simplesmile.com\/da\/produkt\/simplesmile-dual-foam\/"]}]},{"@type":"ImageObject","inLanguage":"da-DK","@id":"https:\/\/simplesmile.com\/da\/produkt\/simplesmile-dual-foam\/#primaryimage","url":"https:\/\/simplesmile.com\/wp-content\/uploads\/2020\/10\/SS1310_Dual_Foam_Simplesmile-1.jpg","contentUrl":"https:\/\/simplesmile.com\/wp-content\/uploads\/2020\/10\/SS1310_Dual_Foam_Simplesmile-1.jpg","width":1134,"height":850},{"@type":"BreadcrumbList","@id":"https:\/\/simplesmile.com\/da\/produkt\/simplesmile-dual-foam\/#breadcrumb","itemListElement":[{"@type":"ListItem","position":1,"name":"Home","item":"https:\/\/simplesmile.com\/da\/"},{"@type":"ListItem","position":2,"name":"Webbutik","item":"https:\/\/simplesmile.com\/sv\/butik\/"},{"@type":"ListItem","position":3,"name":"SIMPLESMILE\u00ae Dual Foam"}]},{"@type":"WebSite","@id":"https:\/\/simplesmile.com\/sv\/#website","url":"https:\/\/simplesmile.com\/sv\/","name":"SimpleSmile","description":"Vitare t\u00e4nder med garanterat resultat","potentialAction":[{"@type":"SearchAction","target":{"@type":"EntryPoint","urlTemplate":"https:\/\/simplesmile.com\/sv\/?s={search_term_string}"},"query-input":{"@type":"PropertyValueSpecification","valueRequired":true,"valueName":"search_term_string"}}],"inLanguage":"da-DK"}]}},"_links":{"self":[{"href":"https:\/\/simplesmile.com\/da\/wp-json\/wp\/v2\/product\/961","targetHints":{"allow":["GET"]}}],"collection":[{"href":"https:\/\/simplesmile.com\/da\/wp-json\/wp\/v2\/product"}],"about":[{"href":"https:\/\/simplesmile.com\/da\/wp-json\/wp\/v2\/types\/product"}],"replies":[{"embeddable":true,"href":"https:\/\/simplesmile.com\/da\/wp-json\/wp\/v2\/comments?post=961"}],"wp:featuredmedia":[{"embeddable":true,"href":"https:\/\/simplesmile.com\/da\/wp-json\/wp\/v2\/media\/1154"}],"wp:attachment":[{"href":"https:\/\/simplesmile.com\/da\/wp-json\/wp\/v2\/media?parent=961"}],"wp:term":[{"taxonomy":"product_brand","embeddable":true,"href":"https:\/\/simplesmile.com\/da\/wp-json\/wp\/v2\/product_brand?post=961"},{"taxonomy":"product_cat","embeddable":true,"href":"https:\/\/simplesmile.com\/da\/wp-json\/wp\/v2\/product_cat?post=961"},{"taxonomy":"product_tag","embeddable":true,"href":"https:\/\/simplesmile.com\/da\/wp-json\/wp\/v2\/product_tag?post=961"}],"curies":[{"name":"wp","href":"https:\/\/api.w.org\/{rel}","templated":true}]}}