{"id":1106,"date":"2020-10-22T14:45:25","date_gmt":"2020-10-22T12:45:25","guid":{"rendered":"https:\/\/simplesmile.hemsida.eu\/produkt\/simplesmile-refill\/"},"modified":"2021-04-13T09:16:18","modified_gmt":"2021-04-13T07:16:18","slug":"simplesmile-refill","status":"publish","type":"product","link":"https:\/\/simplesmile.com\/fi\/produkt\/simplesmile-refill\/","title":{"rendered":"SIMPLESMILE\u00ae Refill"},"content":{"rendered":"<p>Hampaiden valkaisugeeli perustuu tekniikkaan, jossa on aktiivinen valkaisuainetta (32% bikarbonaattia), joka yhdess\u00e4 puhdistusaineiden kanssa poistaa v\u00e4rimuutokset ja valkaisee hampaat. 100% peroksiditon hampaiden valkaisu ilman \u00e4rsytyst\u00e4 tai muita hampaiden ja ikenien sivuvaikutuksia. Mukana toimitettavat suun kiinnikkeet on s\u00e4\u00e4detty kullekin hampaiden riville ja tarjoavat optimaalisen kosketuksen hampaiden valkaisugeelin ja hampaiden v\u00e4lill\u00e4 parhaan mahdollisen vaikutuksen saavuttamiseksi.<\/p>\n<p>Hoito kest\u00e4\u00e4 vain 15 minuuttia ja mukana toimitettu hampaidenvalkaisugeeli riitt\u00e4\u00e4 noin 10 k\u00e4ytt\u00f6kertaan. Suosittelemme, ett\u00e4 suoritat koko hoidon, kunnes geeli on tyhj\u00e4, ja toista sitten tarvittaessa. Suosittelemme, ett\u00e4 toistat hoidon noin kolmen kuukauden v\u00e4lein.<\/p>\n<p>Pakkauksessa on melonin makuinen hampaidenvalkaisugeeli (10 ml), varjo-opas ja k\u00e4ytt\u00f6ohjeet.<\/p>\n<p>Simplesmile\u00ae on turvallinen ja todistettu tuote, joka noudattaa kaikkia hampaiden valkaisutuotteita koskevia s\u00e4\u00e4nt\u00f6j\u00e4 ja lakeja. Testattu ja hyv\u00e4ksynyt hammasl\u00e4\u00e4k\u00e4ri.<\/p>\n","protected":false},"excerpt":{"rendered":"<p>Hampaiden valkaisugeeli perustuu tekniikkaan, jossa on aktiivinen valkaisuainetta (32% bikarbonaattia), joka yhdess\u00e4 puhdistusaineiden kanssa poistaa v\u00e4rimuutokset ja valkaisee hampaat. 100% peroksiditon hampaiden valkaisu ilman \u00e4rsytyst\u00e4 tai muita hampaiden ja ikenien sivuvaikutuksia. Mukana toimitettavat suun kiinnikkeet on s\u00e4\u00e4detty kullekin hampaiden riville ja tarjoavat optimaalisen kosketuksen hampaiden valkaisugeelin ja hampaiden v\u00e4lill\u00e4 parhaan mahdollisen vaikutuksen saavuttamiseksi. Hoito kest\u00e4\u00e4 [&hellip;]<\/p>\n","protected":false},"featured_media":1445,"comment_status":"open","ping_status":"closed","template":"","meta":{"_acf_changed":false,"om_disable_all_campaigns":false,"_monsterinsights_skip_tracking":false,"_monsterinsights_sitenote_active":false,"_monsterinsights_sitenote_note":"","_monsterinsights_sitenote_category":0},"product_brand":[],"product_cat":[52],"product_tag":[],"class_list":{"0":"post-1106","1":"product","2":"type-product","3":"status-publish","4":"has-post-thumbnail","6":"product_cat-refillers-fi","8":"first","9":"instock","10":"taxable","11":"shipping-taxable","12":"purchasable","13":"product-type-simple"},"acf":[],"aioseo_notices":[],"shsp-ext":{"main":{},"variations":[]},"yoast_head":"<!-- This site is optimized with the Yoast SEO plugin v27.2 - https:\/\/yoast.com\/product\/yoast-seo-wordpress\/ -->\n<title>SIMPLESMILE\u00ae Refill - SimpleSmile<\/title>\n<meta name=\"robots\" content=\"index, follow, max-snippet:-1, max-image-preview:large, max-video-preview:-1\" \/>\n<link rel=\"canonical\" href=\"https:\/\/simplesmile.com\/fi\/produkt\/simplesmile-refill\/\" \/>\n<meta property=\"og:locale\" content=\"fi_FI\" \/>\n<meta property=\"og:type\" content=\"article\" \/>\n<meta property=\"og:title\" content=\"SIMPLESMILE\u00ae Refill - SimpleSmile\" \/>\n<meta property=\"og:description\" content=\"Hampaiden valkaisugeeli perustuu tekniikkaan, jossa on aktiivinen valkaisuainetta (32% bikarbonaattia), joka yhdess\u00e4 puhdistusaineiden kanssa poistaa v\u00e4rimuutokset ja valkaisee hampaat. 100% peroksiditon hampaiden valkaisu ilman \u00e4rsytyst\u00e4 tai muita hampaiden ja ikenien sivuvaikutuksia. Mukana toimitettavat suun kiinnikkeet on s\u00e4\u00e4detty kullekin hampaiden riville ja tarjoavat optimaalisen kosketuksen hampaiden valkaisugeelin ja hampaiden v\u00e4lill\u00e4 parhaan mahdollisen vaikutuksen saavuttamiseksi. Hoito kest\u00e4\u00e4 [&hellip;]\" \/>\n<meta property=\"og:url\" content=\"https:\/\/simplesmile.com\/fi\/produkt\/simplesmile-refill\/\" \/>\n<meta property=\"og:site_name\" content=\"SimpleSmile\" \/>\n<meta property=\"article:modified_time\" content=\"2021-04-13T07:16:18+00:00\" \/>\n<meta property=\"og:image\" content=\"https:\/\/simplesmile.com\/wp-content\/uploads\/2020\/10\/SS1201_Refill_Simplesmile-1.jpg\" \/>\n\t<meta property=\"og:image:width\" content=\"850\" \/>\n\t<meta property=\"og:image:height\" content=\"1134\" \/>\n\t<meta property=\"og:image:type\" content=\"image\/jpeg\" \/>\n<meta name=\"twitter:card\" content=\"summary_large_image\" \/>\n<meta name=\"twitter:label1\" content=\"Arvioitu lukuaika\" \/>\n\t<meta name=\"twitter:data1\" content=\"1 minuutti\" \/>\n<script type=\"application\/ld+json\" class=\"yoast-schema-graph\">{\"@context\":\"https:\/\/schema.org\",\"@graph\":[{\"@type\":\"WebPage\",\"@id\":\"https:\/\/simplesmile.com\/fi\/produkt\/simplesmile-refill\/\",\"url\":\"https:\/\/simplesmile.com\/fi\/produkt\/simplesmile-refill\/\",\"name\":\"SIMPLESMILE\u00ae Refill - SimpleSmile\",\"isPartOf\":{\"@id\":\"https:\/\/simplesmile.com\/sv\/#website\"},\"primaryImageOfPage\":{\"@id\":\"https:\/\/simplesmile.com\/fi\/produkt\/simplesmile-refill\/#primaryimage\"},\"image\":{\"@id\":\"https:\/\/simplesmile.com\/fi\/produkt\/simplesmile-refill\/#primaryimage\"},\"thumbnailUrl\":\"https:\/\/simplesmile.com\/wp-content\/uploads\/2020\/10\/SS1201_Refill_Simplesmile-1.jpg\",\"datePublished\":\"2020-10-22T12:45:25+00:00\",\"dateModified\":\"2021-04-13T07:16:18+00:00\",\"breadcrumb\":{\"@id\":\"https:\/\/simplesmile.com\/fi\/produkt\/simplesmile-refill\/#breadcrumb\"},\"inLanguage\":\"fi\",\"potentialAction\":[{\"@type\":\"ReadAction\",\"target\":[\"https:\/\/simplesmile.com\/fi\/produkt\/simplesmile-refill\/\"]}]},{\"@type\":\"ImageObject\",\"inLanguage\":\"fi\",\"@id\":\"https:\/\/simplesmile.com\/fi\/produkt\/simplesmile-refill\/#primaryimage\",\"url\":\"https:\/\/simplesmile.com\/wp-content\/uploads\/2020\/10\/SS1201_Refill_Simplesmile-1.jpg\",\"contentUrl\":\"https:\/\/simplesmile.com\/wp-content\/uploads\/2020\/10\/SS1201_Refill_Simplesmile-1.jpg\",\"width\":850,\"height\":1134},{\"@type\":\"BreadcrumbList\",\"@id\":\"https:\/\/simplesmile.com\/fi\/produkt\/simplesmile-refill\/#breadcrumb\",\"itemListElement\":[{\"@type\":\"ListItem\",\"position\":1,\"name\":\"Home\",\"item\":\"https:\/\/simplesmile.com\/fi\/\"},{\"@type\":\"ListItem\",\"position\":2,\"name\":\"Webbutik\",\"item\":\"https:\/\/simplesmile.com\/sv\/butik\/\"},{\"@type\":\"ListItem\",\"position\":3,\"name\":\"SIMPLESMILE\u00ae Refill\"}]},{\"@type\":\"WebSite\",\"@id\":\"https:\/\/simplesmile.com\/sv\/#website\",\"url\":\"https:\/\/simplesmile.com\/sv\/\",\"name\":\"SimpleSmile\",\"description\":\"Vitare t\u00e4nder med garanterat resultat\",\"potentialAction\":[{\"@type\":\"SearchAction\",\"target\":{\"@type\":\"EntryPoint\",\"urlTemplate\":\"https:\/\/simplesmile.com\/sv\/?s={search_term_string}\"},\"query-input\":{\"@type\":\"PropertyValueSpecification\",\"valueRequired\":true,\"valueName\":\"search_term_string\"}}],\"inLanguage\":\"fi\"}]}<\/script>\n<!-- \/ Yoast SEO plugin. -->","yoast_head_json":{"title":"SIMPLESMILE\u00ae Refill - SimpleSmile","robots":{"index":"index","follow":"follow","max-snippet":"max-snippet:-1","max-image-preview":"max-image-preview:large","max-video-preview":"max-video-preview:-1"},"canonical":"https:\/\/simplesmile.com\/fi\/produkt\/simplesmile-refill\/","og_locale":"fi_FI","og_type":"article","og_title":"SIMPLESMILE\u00ae Refill - SimpleSmile","og_description":"Hampaiden valkaisugeeli perustuu tekniikkaan, jossa on aktiivinen valkaisuainetta (32% bikarbonaattia), joka yhdess\u00e4 puhdistusaineiden kanssa poistaa v\u00e4rimuutokset ja valkaisee hampaat. 100% peroksiditon hampaiden valkaisu ilman \u00e4rsytyst\u00e4 tai muita hampaiden ja ikenien sivuvaikutuksia. Mukana toimitettavat suun kiinnikkeet on s\u00e4\u00e4detty kullekin hampaiden riville ja tarjoavat optimaalisen kosketuksen hampaiden valkaisugeelin ja hampaiden v\u00e4lill\u00e4 parhaan mahdollisen vaikutuksen saavuttamiseksi. Hoito kest\u00e4\u00e4 [&hellip;]","og_url":"https:\/\/simplesmile.com\/fi\/produkt\/simplesmile-refill\/","og_site_name":"SimpleSmile","article_modified_time":"2021-04-13T07:16:18+00:00","og_image":[{"width":850,"height":1134,"url":"https:\/\/simplesmile.com\/wp-content\/uploads\/2020\/10\/SS1201_Refill_Simplesmile-1.jpg","type":"image\/jpeg"}],"twitter_card":"summary_large_image","twitter_misc":{"Arvioitu lukuaika":"1 minuutti"},"schema":{"@context":"https:\/\/schema.org","@graph":[{"@type":"WebPage","@id":"https:\/\/simplesmile.com\/fi\/produkt\/simplesmile-refill\/","url":"https:\/\/simplesmile.com\/fi\/produkt\/simplesmile-refill\/","name":"SIMPLESMILE\u00ae Refill - SimpleSmile","isPartOf":{"@id":"https:\/\/simplesmile.com\/sv\/#website"},"primaryImageOfPage":{"@id":"https:\/\/simplesmile.com\/fi\/produkt\/simplesmile-refill\/#primaryimage"},"image":{"@id":"https:\/\/simplesmile.com\/fi\/produkt\/simplesmile-refill\/#primaryimage"},"thumbnailUrl":"https:\/\/simplesmile.com\/wp-content\/uploads\/2020\/10\/SS1201_Refill_Simplesmile-1.jpg","datePublished":"2020-10-22T12:45:25+00:00","dateModified":"2021-04-13T07:16:18+00:00","breadcrumb":{"@id":"https:\/\/simplesmile.com\/fi\/produkt\/simplesmile-refill\/#breadcrumb"},"inLanguage":"fi","potentialAction":[{"@type":"ReadAction","target":["https:\/\/simplesmile.com\/fi\/produkt\/simplesmile-refill\/"]}]},{"@type":"ImageObject","inLanguage":"fi","@id":"https:\/\/simplesmile.com\/fi\/produkt\/simplesmile-refill\/#primaryimage","url":"https:\/\/simplesmile.com\/wp-content\/uploads\/2020\/10\/SS1201_Refill_Simplesmile-1.jpg","contentUrl":"https:\/\/simplesmile.com\/wp-content\/uploads\/2020\/10\/SS1201_Refill_Simplesmile-1.jpg","width":850,"height":1134},{"@type":"BreadcrumbList","@id":"https:\/\/simplesmile.com\/fi\/produkt\/simplesmile-refill\/#breadcrumb","itemListElement":[{"@type":"ListItem","position":1,"name":"Home","item":"https:\/\/simplesmile.com\/fi\/"},{"@type":"ListItem","position":2,"name":"Webbutik","item":"https:\/\/simplesmile.com\/sv\/butik\/"},{"@type":"ListItem","position":3,"name":"SIMPLESMILE\u00ae Refill"}]},{"@type":"WebSite","@id":"https:\/\/simplesmile.com\/sv\/#website","url":"https:\/\/simplesmile.com\/sv\/","name":"SimpleSmile","description":"Vitare t\u00e4nder med garanterat resultat","potentialAction":[{"@type":"SearchAction","target":{"@type":"EntryPoint","urlTemplate":"https:\/\/simplesmile.com\/sv\/?s={search_term_string}"},"query-input":{"@type":"PropertyValueSpecification","valueRequired":true,"valueName":"search_term_string"}}],"inLanguage":"fi"}]}},"_links":{"self":[{"href":"https:\/\/simplesmile.com\/fi\/wp-json\/wp\/v2\/product\/1106","targetHints":{"allow":["GET"]}}],"collection":[{"href":"https:\/\/simplesmile.com\/fi\/wp-json\/wp\/v2\/product"}],"about":[{"href":"https:\/\/simplesmile.com\/fi\/wp-json\/wp\/v2\/types\/product"}],"replies":[{"embeddable":true,"href":"https:\/\/simplesmile.com\/fi\/wp-json\/wp\/v2\/comments?post=1106"}],"wp:featuredmedia":[{"embeddable":true,"href":"https:\/\/simplesmile.com\/fi\/wp-json\/wp\/v2\/media\/1445"}],"wp:attachment":[{"href":"https:\/\/simplesmile.com\/fi\/wp-json\/wp\/v2\/media?parent=1106"}],"wp:term":[{"taxonomy":"product_brand","embeddable":true,"href":"https:\/\/simplesmile.com\/fi\/wp-json\/wp\/v2\/product_brand?post=1106"},{"taxonomy":"product_cat","embeddable":true,"href":"https:\/\/simplesmile.com\/fi\/wp-json\/wp\/v2\/product_cat?post=1106"},{"taxonomy":"product_tag","embeddable":true,"href":"https:\/\/simplesmile.com\/fi\/wp-json\/wp\/v2\/product_tag?post=1106"}],"curies":[{"name":"wp","href":"https:\/\/api.w.org\/{rel}","templated":true}]}}