{"id":1108,"date":"2020-11-19T11:21:17","date_gmt":"2020-11-19T10:21:17","guid":{"rendered":"https:\/\/simplesmile.hemsida.eu\/produkt\/simplesmile-teeth-whitening-x4-expert-kit\/"},"modified":"2024-07-29T13:20:26","modified_gmt":"2024-07-29T11:20:26","slug":"simplesmile-teeth-whitening-x4-expert-kit","status":"publish","type":"product","link":"https:\/\/simplesmile.com\/fi\/produkt\/simplesmile-teeth-whitening-x4-expert-kit\/","title":{"rendered":"SIMPLESMILE\u00ae Teeth Whitening X4 EXPERT KIT"},"content":{"rendered":"<p>Expert Kit on t\u00e4ydellinen hampaiden valkaisusarja, joka valkaisee tehokkaasti hampaita kotona nopeasti, helposti ja hell\u00e4varaisesti. Se sis\u00e4lt\u00e4\u00e4 10 ml Triple Boost Max -hampaidenvalkaisugeeli\u00e4, jota k\u00e4ytet\u00e4\u00e4n yhdess\u00e4 mukana toimitettujen suun lastojen kanssa, jotka on suunniteltu erikseen kuuman veden avulla. Geeli sis\u00e4lt\u00e4\u00e4 useita vaikuttavia aineita, mukaan lukien PAP, natriumbikarbonaatti ja kookosp\u00e4hkin\u00e4 sulfaatti, jotka yhdess\u00e4 puhdistavat ja valkaisevat hampaat tehokkaasti. PAP on orgaaninen ainesosa, joka johtaa korkeaan hapettumisasteeseen. Hapetus on v\u00e4ltt\u00e4m\u00e4t\u00f6nt\u00e4 valkaisuprosessille, koska se neutraloi orgaaniset sidokset, jotka aiheuttavat hampaiden v\u00e4rimuutoksia. Expert Kit -hampaidenvalkaisugeeli on 100% peroksiditon, ei \u00e4rsyt\u00e4 tai muita ep\u00e4miellytt\u00e4vi\u00e4 sivuvaikutuksia hampaissa tai ikeniss\u00e4. Pakkaus sis\u00e4lt\u00e4\u00e4 Expert Kit X4 -hampaiden valkaisugeeli\u00e4 (10 ml), 3 x taipuvia suupaloja, applikaattorin ja k\u00e4ytt\u00f6ohjeet. * Phthalimidoperoxycaproic acid<\/p>\n","protected":false},"excerpt":{"rendered":"<p>Expert Kit on t\u00e4ydellinen hampaiden valkaisusarja, joka valkaisee tehokkaasti hampaita kotona nopeasti, helposti ja hell\u00e4varaisesti. Se sis\u00e4lt\u00e4\u00e4 10 ml Triple Boost Max -hampaidenvalkaisugeeli\u00e4, jota k\u00e4ytet\u00e4\u00e4n yhdess\u00e4 mukana toimitettujen suun lastojen kanssa, jotka on suunniteltu erikseen kuuman veden avulla. Geeli sis\u00e4lt\u00e4\u00e4 useita vaikuttavia aineita, mukaan lukien PAP, natriumbikarbonaatti ja kookosp\u00e4hkin\u00e4 sulfaatti, jotka yhdess\u00e4 puhdistavat ja valkaisevat [&hellip;]<\/p>\n","protected":false},"featured_media":1203,"comment_status":"open","ping_status":"closed","template":"","meta":{"_acf_changed":false,"om_disable_all_campaigns":false,"_monsterinsights_skip_tracking":false,"_monsterinsights_sitenote_active":false,"_monsterinsights_sitenote_note":"","_monsterinsights_sitenote_category":0},"product_brand":[],"product_cat":[55],"product_tag":[],"class_list":{"0":"post-1108","1":"product","2":"type-product","3":"status-publish","4":"has-post-thumbnail","6":"product_cat-kompletta-kit-fi","8":"first","9":"instock","10":"sale","11":"taxable","12":"shipping-taxable","13":"purchasable","14":"product-type-simple"},"acf":[],"aioseo_notices":[],"shsp-ext":{"main":{},"variations":[]},"yoast_head":"<!-- This site is optimized with the Yoast SEO plugin v27.2 - https:\/\/yoast.com\/product\/yoast-seo-wordpress\/ -->\n<title>SIMPLESMILE\u00ae Teeth Whitening X4 EXPERT KIT - SimpleSmile<\/title>\n<meta name=\"robots\" content=\"index, follow, max-snippet:-1, max-image-preview:large, max-video-preview:-1\" \/>\n<link rel=\"canonical\" href=\"https:\/\/simplesmile.com\/fi\/produkt\/simplesmile-teeth-whitening-x4-expert-kit\/\" \/>\n<meta property=\"og:locale\" content=\"fi_FI\" \/>\n<meta property=\"og:type\" content=\"article\" \/>\n<meta property=\"og:title\" content=\"SIMPLESMILE\u00ae Teeth Whitening X4 EXPERT KIT - SimpleSmile\" \/>\n<meta property=\"og:description\" content=\"Expert Kit on t\u00e4ydellinen hampaiden valkaisusarja, joka valkaisee tehokkaasti hampaita kotona nopeasti, helposti ja hell\u00e4varaisesti. Se sis\u00e4lt\u00e4\u00e4 10 ml Triple Boost Max -hampaidenvalkaisugeeli\u00e4, jota k\u00e4ytet\u00e4\u00e4n yhdess\u00e4 mukana toimitettujen suun lastojen kanssa, jotka on suunniteltu erikseen kuuman veden avulla. Geeli sis\u00e4lt\u00e4\u00e4 useita vaikuttavia aineita, mukaan lukien PAP, natriumbikarbonaatti ja kookosp\u00e4hkin\u00e4 sulfaatti, jotka yhdess\u00e4 puhdistavat ja valkaisevat [&hellip;]\" \/>\n<meta property=\"og:url\" content=\"https:\/\/simplesmile.com\/fi\/produkt\/simplesmile-teeth-whitening-x4-expert-kit\/\" \/>\n<meta property=\"og:site_name\" content=\"SimpleSmile\" \/>\n<meta property=\"article:modified_time\" content=\"2024-07-29T11:20:26+00:00\" \/>\n<meta property=\"og:image\" content=\"https:\/\/simplesmile.com\/wp-content\/uploads\/2020\/11\/Simplesmile-Expert-Kit.jpg\" \/>\n\t<meta property=\"og:image:width\" content=\"1417\" \/>\n\t<meta property=\"og:image:height\" content=\"1063\" \/>\n\t<meta property=\"og:image:type\" content=\"image\/jpeg\" \/>\n<meta name=\"twitter:card\" content=\"summary_large_image\" \/>\n<meta name=\"twitter:label1\" content=\"Arvioitu lukuaika\" \/>\n\t<meta name=\"twitter:data1\" content=\"1 minuutti\" \/>\n<script type=\"application\/ld+json\" class=\"yoast-schema-graph\">{\"@context\":\"https:\/\/schema.org\",\"@graph\":[{\"@type\":\"WebPage\",\"@id\":\"https:\/\/simplesmile.com\/fi\/produkt\/simplesmile-teeth-whitening-x4-expert-kit\/\",\"url\":\"https:\/\/simplesmile.com\/fi\/produkt\/simplesmile-teeth-whitening-x4-expert-kit\/\",\"name\":\"SIMPLESMILE\u00ae Teeth Whitening X4 EXPERT KIT - SimpleSmile\",\"isPartOf\":{\"@id\":\"https:\/\/simplesmile.com\/sv\/#website\"},\"primaryImageOfPage\":{\"@id\":\"https:\/\/simplesmile.com\/fi\/produkt\/simplesmile-teeth-whitening-x4-expert-kit\/#primaryimage\"},\"image\":{\"@id\":\"https:\/\/simplesmile.com\/fi\/produkt\/simplesmile-teeth-whitening-x4-expert-kit\/#primaryimage\"},\"thumbnailUrl\":\"https:\/\/simplesmile.com\/wp-content\/uploads\/2020\/11\/Simplesmile-Expert-Kit.jpg\",\"datePublished\":\"2020-11-19T10:21:17+00:00\",\"dateModified\":\"2024-07-29T11:20:26+00:00\",\"breadcrumb\":{\"@id\":\"https:\/\/simplesmile.com\/fi\/produkt\/simplesmile-teeth-whitening-x4-expert-kit\/#breadcrumb\"},\"inLanguage\":\"fi\",\"potentialAction\":[{\"@type\":\"ReadAction\",\"target\":[\"https:\/\/simplesmile.com\/fi\/produkt\/simplesmile-teeth-whitening-x4-expert-kit\/\"]}]},{\"@type\":\"ImageObject\",\"inLanguage\":\"fi\",\"@id\":\"https:\/\/simplesmile.com\/fi\/produkt\/simplesmile-teeth-whitening-x4-expert-kit\/#primaryimage\",\"url\":\"https:\/\/simplesmile.com\/wp-content\/uploads\/2020\/11\/Simplesmile-Expert-Kit.jpg\",\"contentUrl\":\"https:\/\/simplesmile.com\/wp-content\/uploads\/2020\/11\/Simplesmile-Expert-Kit.jpg\",\"width\":1417,\"height\":1063},{\"@type\":\"BreadcrumbList\",\"@id\":\"https:\/\/simplesmile.com\/fi\/produkt\/simplesmile-teeth-whitening-x4-expert-kit\/#breadcrumb\",\"itemListElement\":[{\"@type\":\"ListItem\",\"position\":1,\"name\":\"Home\",\"item\":\"https:\/\/simplesmile.com\/fi\/\"},{\"@type\":\"ListItem\",\"position\":2,\"name\":\"Webbutik\",\"item\":\"https:\/\/simplesmile.com\/sv\/butik\/\"},{\"@type\":\"ListItem\",\"position\":3,\"name\":\"SIMPLESMILE\u00ae Teeth Whitening X4 EXPERT KIT\"}]},{\"@type\":\"WebSite\",\"@id\":\"https:\/\/simplesmile.com\/sv\/#website\",\"url\":\"https:\/\/simplesmile.com\/sv\/\",\"name\":\"SimpleSmile\",\"description\":\"Vitare t\u00e4nder med garanterat resultat\",\"potentialAction\":[{\"@type\":\"SearchAction\",\"target\":{\"@type\":\"EntryPoint\",\"urlTemplate\":\"https:\/\/simplesmile.com\/sv\/?s={search_term_string}\"},\"query-input\":{\"@type\":\"PropertyValueSpecification\",\"valueRequired\":true,\"valueName\":\"search_term_string\"}}],\"inLanguage\":\"fi\"}]}<\/script>\n<!-- \/ Yoast SEO plugin. -->","yoast_head_json":{"title":"SIMPLESMILE\u00ae Teeth Whitening X4 EXPERT KIT - SimpleSmile","robots":{"index":"index","follow":"follow","max-snippet":"max-snippet:-1","max-image-preview":"max-image-preview:large","max-video-preview":"max-video-preview:-1"},"canonical":"https:\/\/simplesmile.com\/fi\/produkt\/simplesmile-teeth-whitening-x4-expert-kit\/","og_locale":"fi_FI","og_type":"article","og_title":"SIMPLESMILE\u00ae Teeth Whitening X4 EXPERT KIT - SimpleSmile","og_description":"Expert Kit on t\u00e4ydellinen hampaiden valkaisusarja, joka valkaisee tehokkaasti hampaita kotona nopeasti, helposti ja hell\u00e4varaisesti. Se sis\u00e4lt\u00e4\u00e4 10 ml Triple Boost Max -hampaidenvalkaisugeeli\u00e4, jota k\u00e4ytet\u00e4\u00e4n yhdess\u00e4 mukana toimitettujen suun lastojen kanssa, jotka on suunniteltu erikseen kuuman veden avulla. Geeli sis\u00e4lt\u00e4\u00e4 useita vaikuttavia aineita, mukaan lukien PAP, natriumbikarbonaatti ja kookosp\u00e4hkin\u00e4 sulfaatti, jotka yhdess\u00e4 puhdistavat ja valkaisevat [&hellip;]","og_url":"https:\/\/simplesmile.com\/fi\/produkt\/simplesmile-teeth-whitening-x4-expert-kit\/","og_site_name":"SimpleSmile","article_modified_time":"2024-07-29T11:20:26+00:00","og_image":[{"width":1417,"height":1063,"url":"https:\/\/simplesmile.com\/wp-content\/uploads\/2020\/11\/Simplesmile-Expert-Kit.jpg","type":"image\/jpeg"}],"twitter_card":"summary_large_image","twitter_misc":{"Arvioitu lukuaika":"1 minuutti"},"schema":{"@context":"https:\/\/schema.org","@graph":[{"@type":"WebPage","@id":"https:\/\/simplesmile.com\/fi\/produkt\/simplesmile-teeth-whitening-x4-expert-kit\/","url":"https:\/\/simplesmile.com\/fi\/produkt\/simplesmile-teeth-whitening-x4-expert-kit\/","name":"SIMPLESMILE\u00ae Teeth Whitening X4 EXPERT KIT - SimpleSmile","isPartOf":{"@id":"https:\/\/simplesmile.com\/sv\/#website"},"primaryImageOfPage":{"@id":"https:\/\/simplesmile.com\/fi\/produkt\/simplesmile-teeth-whitening-x4-expert-kit\/#primaryimage"},"image":{"@id":"https:\/\/simplesmile.com\/fi\/produkt\/simplesmile-teeth-whitening-x4-expert-kit\/#primaryimage"},"thumbnailUrl":"https:\/\/simplesmile.com\/wp-content\/uploads\/2020\/11\/Simplesmile-Expert-Kit.jpg","datePublished":"2020-11-19T10:21:17+00:00","dateModified":"2024-07-29T11:20:26+00:00","breadcrumb":{"@id":"https:\/\/simplesmile.com\/fi\/produkt\/simplesmile-teeth-whitening-x4-expert-kit\/#breadcrumb"},"inLanguage":"fi","potentialAction":[{"@type":"ReadAction","target":["https:\/\/simplesmile.com\/fi\/produkt\/simplesmile-teeth-whitening-x4-expert-kit\/"]}]},{"@type":"ImageObject","inLanguage":"fi","@id":"https:\/\/simplesmile.com\/fi\/produkt\/simplesmile-teeth-whitening-x4-expert-kit\/#primaryimage","url":"https:\/\/simplesmile.com\/wp-content\/uploads\/2020\/11\/Simplesmile-Expert-Kit.jpg","contentUrl":"https:\/\/simplesmile.com\/wp-content\/uploads\/2020\/11\/Simplesmile-Expert-Kit.jpg","width":1417,"height":1063},{"@type":"BreadcrumbList","@id":"https:\/\/simplesmile.com\/fi\/produkt\/simplesmile-teeth-whitening-x4-expert-kit\/#breadcrumb","itemListElement":[{"@type":"ListItem","position":1,"name":"Home","item":"https:\/\/simplesmile.com\/fi\/"},{"@type":"ListItem","position":2,"name":"Webbutik","item":"https:\/\/simplesmile.com\/sv\/butik\/"},{"@type":"ListItem","position":3,"name":"SIMPLESMILE\u00ae Teeth Whitening X4 EXPERT KIT"}]},{"@type":"WebSite","@id":"https:\/\/simplesmile.com\/sv\/#website","url":"https:\/\/simplesmile.com\/sv\/","name":"SimpleSmile","description":"Vitare t\u00e4nder med garanterat resultat","potentialAction":[{"@type":"SearchAction","target":{"@type":"EntryPoint","urlTemplate":"https:\/\/simplesmile.com\/sv\/?s={search_term_string}"},"query-input":{"@type":"PropertyValueSpecification","valueRequired":true,"valueName":"search_term_string"}}],"inLanguage":"fi"}]}},"_links":{"self":[{"href":"https:\/\/simplesmile.com\/fi\/wp-json\/wp\/v2\/product\/1108","targetHints":{"allow":["GET"]}}],"collection":[{"href":"https:\/\/simplesmile.com\/fi\/wp-json\/wp\/v2\/product"}],"about":[{"href":"https:\/\/simplesmile.com\/fi\/wp-json\/wp\/v2\/types\/product"}],"replies":[{"embeddable":true,"href":"https:\/\/simplesmile.com\/fi\/wp-json\/wp\/v2\/comments?post=1108"}],"wp:featuredmedia":[{"embeddable":true,"href":"https:\/\/simplesmile.com\/fi\/wp-json\/wp\/v2\/media\/1203"}],"wp:attachment":[{"href":"https:\/\/simplesmile.com\/fi\/wp-json\/wp\/v2\/media?parent=1108"}],"wp:term":[{"taxonomy":"product_brand","embeddable":true,"href":"https:\/\/simplesmile.com\/fi\/wp-json\/wp\/v2\/product_brand?post=1108"},{"taxonomy":"product_cat","embeddable":true,"href":"https:\/\/simplesmile.com\/fi\/wp-json\/wp\/v2\/product_cat?post=1108"},{"taxonomy":"product_tag","embeddable":true,"href":"https:\/\/simplesmile.com\/fi\/wp-json\/wp\/v2\/product_tag?post=1108"}],"curies":[{"name":"wp","href":"https:\/\/api.w.org\/{rel}","templated":true}]}}