{"id":1110,"date":"2020-11-19T10:34:44","date_gmt":"2020-11-19T09:34:44","guid":{"rendered":"https:\/\/simplesmile.hemsida.eu\/produkt\/simplesmile-teeth-whitening-x4-expert-pen\/"},"modified":"2021-04-13T09:26:40","modified_gmt":"2021-04-13T07:26:40","slug":"simplesmile-teeth-whitening-x4-expert-pen","status":"publish","type":"product","link":"https:\/\/simplesmile.com\/fi\/produkt\/simplesmile-teeth-whitening-x4-expert-pen\/","title":{"rendered":"SIMPLESMILE\u00ae Teeth Whitening X4 EXPERT PEN"},"content":{"rendered":"<p>Se on helppo ottaa mukaasi, on hell\u00e4varainen hampaille ja ikenille ja voi Levit\u00e4 niin usein kuin haluat.<br \/>\nTouch-Up-kyn\u00e4ll\u00e4 harjaat valkaisugeeli tasaisesti hampaan pinnan p\u00e4\u00e4lle parantaaksesi tehokkaasti hampaiden valkaisun tulosta tai jos haluat vahvistaa valkaisua yhdell\u00e4 tai useammalla yksitt\u00e4isell\u00e4 hampaalla.<br \/>\nKyn\u00e4n geeli sis\u00e4lt\u00e4\u00e4 useita aktiivisia ainesosia, mukaan lukien PAP, natriumbikarbonaatti ja kookosp\u00e4hkin\u00e4 sulfaatti, jotka yhdess\u00e4 puhdistavat ja valkaisevat hampaat tehokkaasti. Pakkaus sis\u00e4lt\u00e4\u00e4 1 x Expert Pen (2 ml), joka riitt\u00e4\u00e4 noin. 25 hoitoa, s\u00e4vyopas ja k\u00e4ytt\u00f6ohjeet.<\/p>\n","protected":false},"excerpt":{"rendered":"<p>Se on helppo ottaa mukaasi, on hell\u00e4varainen hampaille ja ikenille ja voi Levit\u00e4 niin usein kuin haluat. Touch-Up-kyn\u00e4ll\u00e4 harjaat valkaisugeeli tasaisesti hampaan pinnan p\u00e4\u00e4lle parantaaksesi tehokkaasti hampaiden valkaisun tulosta tai jos haluat vahvistaa valkaisua yhdell\u00e4 tai useammalla yksitt\u00e4isell\u00e4 hampaalla. Kyn\u00e4n geeli sis\u00e4lt\u00e4\u00e4 useita aktiivisia ainesosia, mukaan lukien PAP, natriumbikarbonaatti ja kookosp\u00e4hkin\u00e4 sulfaatti, jotka yhdess\u00e4 puhdistavat [&hellip;]<\/p>\n","protected":false},"featured_media":1227,"comment_status":"open","ping_status":"closed","template":"","meta":{"_acf_changed":false,"om_disable_all_campaigns":false,"_monsterinsights_skip_tracking":false,"_monsterinsights_sitenote_active":false,"_monsterinsights_sitenote_note":"","_monsterinsights_sitenote_category":0},"product_brand":[],"product_cat":[49],"product_tag":[],"class_list":{"0":"post-1110","1":"product","2":"type-product","3":"status-publish","4":"has-post-thumbnail","6":"product_cat-ovrigt-fi","8":"first","9":"outofstock","10":"taxable","11":"shipping-taxable","12":"purchasable","13":"product-type-simple"},"acf":[],"aioseo_notices":[],"shsp-ext":{"main":{},"variations":[]},"yoast_head":"<!-- This site is optimized with the Yoast SEO plugin v27.2 - https:\/\/yoast.com\/product\/yoast-seo-wordpress\/ -->\n<title>SIMPLESMILE\u00ae Teeth Whitening X4 EXPERT PEN - SimpleSmile<\/title>\n<meta name=\"robots\" content=\"index, follow, max-snippet:-1, max-image-preview:large, max-video-preview:-1\" \/>\n<link rel=\"canonical\" href=\"https:\/\/simplesmile.com\/fi\/produkt\/simplesmile-teeth-whitening-x4-expert-pen\/\" \/>\n<meta property=\"og:locale\" content=\"fi_FI\" \/>\n<meta property=\"og:type\" content=\"article\" \/>\n<meta property=\"og:title\" content=\"SIMPLESMILE\u00ae Teeth Whitening X4 EXPERT PEN - SimpleSmile\" \/>\n<meta property=\"og:description\" content=\"Se on helppo ottaa mukaasi, on hell\u00e4varainen hampaille ja ikenille ja voi Levit\u00e4 niin usein kuin haluat. Touch-Up-kyn\u00e4ll\u00e4 harjaat valkaisugeeli tasaisesti hampaan pinnan p\u00e4\u00e4lle parantaaksesi tehokkaasti hampaiden valkaisun tulosta tai jos haluat vahvistaa valkaisua yhdell\u00e4 tai useammalla yksitt\u00e4isell\u00e4 hampaalla. Kyn\u00e4n geeli sis\u00e4lt\u00e4\u00e4 useita aktiivisia ainesosia, mukaan lukien PAP, natriumbikarbonaatti ja kookosp\u00e4hkin\u00e4 sulfaatti, jotka yhdess\u00e4 puhdistavat [&hellip;]\" \/>\n<meta property=\"og:url\" content=\"https:\/\/simplesmile.com\/fi\/produkt\/simplesmile-teeth-whitening-x4-expert-pen\/\" \/>\n<meta property=\"og:site_name\" content=\"SimpleSmile\" \/>\n<meta property=\"article:modified_time\" content=\"2021-04-13T07:26:40+00:00\" \/>\n<meta property=\"og:image\" content=\"https:\/\/simplesmile.com\/wp-content\/uploads\/2020\/11\/Simplesmile-Expert-Pen.jpg\" \/>\n\t<meta property=\"og:image:width\" content=\"1417\" \/>\n\t<meta property=\"og:image:height\" content=\"1063\" \/>\n\t<meta property=\"og:image:type\" content=\"image\/jpeg\" \/>\n<meta name=\"twitter:card\" content=\"summary_large_image\" \/>\n<script type=\"application\/ld+json\" class=\"yoast-schema-graph\">{\"@context\":\"https:\/\/schema.org\",\"@graph\":[{\"@type\":\"WebPage\",\"@id\":\"https:\/\/simplesmile.com\/fi\/produkt\/simplesmile-teeth-whitening-x4-expert-pen\/\",\"url\":\"https:\/\/simplesmile.com\/fi\/produkt\/simplesmile-teeth-whitening-x4-expert-pen\/\",\"name\":\"SIMPLESMILE\u00ae Teeth Whitening X4 EXPERT PEN - SimpleSmile\",\"isPartOf\":{\"@id\":\"https:\/\/simplesmile.com\/sv\/#website\"},\"primaryImageOfPage\":{\"@id\":\"https:\/\/simplesmile.com\/fi\/produkt\/simplesmile-teeth-whitening-x4-expert-pen\/#primaryimage\"},\"image\":{\"@id\":\"https:\/\/simplesmile.com\/fi\/produkt\/simplesmile-teeth-whitening-x4-expert-pen\/#primaryimage\"},\"thumbnailUrl\":\"https:\/\/simplesmile.com\/wp-content\/uploads\/2020\/11\/Simplesmile-Expert-Pen.jpg\",\"datePublished\":\"2020-11-19T09:34:44+00:00\",\"dateModified\":\"2021-04-13T07:26:40+00:00\",\"breadcrumb\":{\"@id\":\"https:\/\/simplesmile.com\/fi\/produkt\/simplesmile-teeth-whitening-x4-expert-pen\/#breadcrumb\"},\"inLanguage\":\"fi\",\"potentialAction\":[{\"@type\":\"ReadAction\",\"target\":[\"https:\/\/simplesmile.com\/fi\/produkt\/simplesmile-teeth-whitening-x4-expert-pen\/\"]}]},{\"@type\":\"ImageObject\",\"inLanguage\":\"fi\",\"@id\":\"https:\/\/simplesmile.com\/fi\/produkt\/simplesmile-teeth-whitening-x4-expert-pen\/#primaryimage\",\"url\":\"https:\/\/simplesmile.com\/wp-content\/uploads\/2020\/11\/Simplesmile-Expert-Pen.jpg\",\"contentUrl\":\"https:\/\/simplesmile.com\/wp-content\/uploads\/2020\/11\/Simplesmile-Expert-Pen.jpg\",\"width\":1417,\"height\":1063},{\"@type\":\"BreadcrumbList\",\"@id\":\"https:\/\/simplesmile.com\/fi\/produkt\/simplesmile-teeth-whitening-x4-expert-pen\/#breadcrumb\",\"itemListElement\":[{\"@type\":\"ListItem\",\"position\":1,\"name\":\"Home\",\"item\":\"https:\/\/simplesmile.com\/fi\/\"},{\"@type\":\"ListItem\",\"position\":2,\"name\":\"Webbutik\",\"item\":\"https:\/\/simplesmile.com\/sv\/butik\/\"},{\"@type\":\"ListItem\",\"position\":3,\"name\":\"SIMPLESMILE\u00ae Teeth Whitening X4 EXPERT PEN\"}]},{\"@type\":\"WebSite\",\"@id\":\"https:\/\/simplesmile.com\/sv\/#website\",\"url\":\"https:\/\/simplesmile.com\/sv\/\",\"name\":\"SimpleSmile\",\"description\":\"Vitare t\u00e4nder med garanterat resultat\",\"potentialAction\":[{\"@type\":\"SearchAction\",\"target\":{\"@type\":\"EntryPoint\",\"urlTemplate\":\"https:\/\/simplesmile.com\/sv\/?s={search_term_string}\"},\"query-input\":{\"@type\":\"PropertyValueSpecification\",\"valueRequired\":true,\"valueName\":\"search_term_string\"}}],\"inLanguage\":\"fi\"}]}<\/script>\n<!-- \/ Yoast SEO plugin. -->","yoast_head_json":{"title":"SIMPLESMILE\u00ae Teeth Whitening X4 EXPERT PEN - SimpleSmile","robots":{"index":"index","follow":"follow","max-snippet":"max-snippet:-1","max-image-preview":"max-image-preview:large","max-video-preview":"max-video-preview:-1"},"canonical":"https:\/\/simplesmile.com\/fi\/produkt\/simplesmile-teeth-whitening-x4-expert-pen\/","og_locale":"fi_FI","og_type":"article","og_title":"SIMPLESMILE\u00ae Teeth Whitening X4 EXPERT PEN - SimpleSmile","og_description":"Se on helppo ottaa mukaasi, on hell\u00e4varainen hampaille ja ikenille ja voi Levit\u00e4 niin usein kuin haluat. Touch-Up-kyn\u00e4ll\u00e4 harjaat valkaisugeeli tasaisesti hampaan pinnan p\u00e4\u00e4lle parantaaksesi tehokkaasti hampaiden valkaisun tulosta tai jos haluat vahvistaa valkaisua yhdell\u00e4 tai useammalla yksitt\u00e4isell\u00e4 hampaalla. Kyn\u00e4n geeli sis\u00e4lt\u00e4\u00e4 useita aktiivisia ainesosia, mukaan lukien PAP, natriumbikarbonaatti ja kookosp\u00e4hkin\u00e4 sulfaatti, jotka yhdess\u00e4 puhdistavat [&hellip;]","og_url":"https:\/\/simplesmile.com\/fi\/produkt\/simplesmile-teeth-whitening-x4-expert-pen\/","og_site_name":"SimpleSmile","article_modified_time":"2021-04-13T07:26:40+00:00","og_image":[{"width":1417,"height":1063,"url":"https:\/\/simplesmile.com\/wp-content\/uploads\/2020\/11\/Simplesmile-Expert-Pen.jpg","type":"image\/jpeg"}],"twitter_card":"summary_large_image","schema":{"@context":"https:\/\/schema.org","@graph":[{"@type":"WebPage","@id":"https:\/\/simplesmile.com\/fi\/produkt\/simplesmile-teeth-whitening-x4-expert-pen\/","url":"https:\/\/simplesmile.com\/fi\/produkt\/simplesmile-teeth-whitening-x4-expert-pen\/","name":"SIMPLESMILE\u00ae Teeth Whitening X4 EXPERT PEN - SimpleSmile","isPartOf":{"@id":"https:\/\/simplesmile.com\/sv\/#website"},"primaryImageOfPage":{"@id":"https:\/\/simplesmile.com\/fi\/produkt\/simplesmile-teeth-whitening-x4-expert-pen\/#primaryimage"},"image":{"@id":"https:\/\/simplesmile.com\/fi\/produkt\/simplesmile-teeth-whitening-x4-expert-pen\/#primaryimage"},"thumbnailUrl":"https:\/\/simplesmile.com\/wp-content\/uploads\/2020\/11\/Simplesmile-Expert-Pen.jpg","datePublished":"2020-11-19T09:34:44+00:00","dateModified":"2021-04-13T07:26:40+00:00","breadcrumb":{"@id":"https:\/\/simplesmile.com\/fi\/produkt\/simplesmile-teeth-whitening-x4-expert-pen\/#breadcrumb"},"inLanguage":"fi","potentialAction":[{"@type":"ReadAction","target":["https:\/\/simplesmile.com\/fi\/produkt\/simplesmile-teeth-whitening-x4-expert-pen\/"]}]},{"@type":"ImageObject","inLanguage":"fi","@id":"https:\/\/simplesmile.com\/fi\/produkt\/simplesmile-teeth-whitening-x4-expert-pen\/#primaryimage","url":"https:\/\/simplesmile.com\/wp-content\/uploads\/2020\/11\/Simplesmile-Expert-Pen.jpg","contentUrl":"https:\/\/simplesmile.com\/wp-content\/uploads\/2020\/11\/Simplesmile-Expert-Pen.jpg","width":1417,"height":1063},{"@type":"BreadcrumbList","@id":"https:\/\/simplesmile.com\/fi\/produkt\/simplesmile-teeth-whitening-x4-expert-pen\/#breadcrumb","itemListElement":[{"@type":"ListItem","position":1,"name":"Home","item":"https:\/\/simplesmile.com\/fi\/"},{"@type":"ListItem","position":2,"name":"Webbutik","item":"https:\/\/simplesmile.com\/sv\/butik\/"},{"@type":"ListItem","position":3,"name":"SIMPLESMILE\u00ae Teeth Whitening X4 EXPERT PEN"}]},{"@type":"WebSite","@id":"https:\/\/simplesmile.com\/sv\/#website","url":"https:\/\/simplesmile.com\/sv\/","name":"SimpleSmile","description":"Vitare t\u00e4nder med garanterat resultat","potentialAction":[{"@type":"SearchAction","target":{"@type":"EntryPoint","urlTemplate":"https:\/\/simplesmile.com\/sv\/?s={search_term_string}"},"query-input":{"@type":"PropertyValueSpecification","valueRequired":true,"valueName":"search_term_string"}}],"inLanguage":"fi"}]}},"_links":{"self":[{"href":"https:\/\/simplesmile.com\/fi\/wp-json\/wp\/v2\/product\/1110","targetHints":{"allow":["GET"]}}],"collection":[{"href":"https:\/\/simplesmile.com\/fi\/wp-json\/wp\/v2\/product"}],"about":[{"href":"https:\/\/simplesmile.com\/fi\/wp-json\/wp\/v2\/types\/product"}],"replies":[{"embeddable":true,"href":"https:\/\/simplesmile.com\/fi\/wp-json\/wp\/v2\/comments?post=1110"}],"wp:featuredmedia":[{"embeddable":true,"href":"https:\/\/simplesmile.com\/fi\/wp-json\/wp\/v2\/media\/1227"}],"wp:attachment":[{"href":"https:\/\/simplesmile.com\/fi\/wp-json\/wp\/v2\/media?parent=1110"}],"wp:term":[{"taxonomy":"product_brand","embeddable":true,"href":"https:\/\/simplesmile.com\/fi\/wp-json\/wp\/v2\/product_brand?post=1110"},{"taxonomy":"product_cat","embeddable":true,"href":"https:\/\/simplesmile.com\/fi\/wp-json\/wp\/v2\/product_cat?post=1110"},{"taxonomy":"product_tag","embeddable":true,"href":"https:\/\/simplesmile.com\/fi\/wp-json\/wp\/v2\/product_tag?post=1110"}],"curies":[{"name":"wp","href":"https:\/\/api.w.org\/{rel}","templated":true}]}}