{"id":1112,"date":"2020-11-24T09:49:50","date_gmt":"2020-11-24T08:49:50","guid":{"rendered":"https:\/\/simplesmile.hemsida.eu\/produkt\/simplesmile-dual-foam\/"},"modified":"2025-01-20T00:16:10","modified_gmt":"2025-01-19T23:16:10","slug":"simplesmile-dual-foam","status":"publish","type":"product","link":"https:\/\/simplesmile.com\/fi\/produkt\/simplesmile-dual-foam\/","title":{"rendered":"SIMPLESMILE\u00ae Dual Foam"},"content":{"rendered":"<p>Hoito koostuu kahdesta vaiheesta, jotka sek\u00e4 puhdistavat ett\u00e4 valkaisevat hampaat ja ovat t\u00e4ydellinen vaihtoehto niille, jotka eiv\u00e4t halua tai voi k\u00e4sittele hampaiden valkaisua hampaiden valkaisugeelill\u00e4 ja henkseleill\u00e4.<\/p>\n<p>Vaihe 1 Puhdistus: Harjaa hampaita 1 minuutin ajan, jotta ne ovat puhtaita ja raikkaita puhdistusvaahdon kanssa. Saat todella mukavan tunteen todella kiilt\u00e4vist\u00e4 ja puhtaista hampaista. Huuhtele.<\/p>\n<p>Vaihe 2 Valkaisu: Harjaa hampaita uudelleen 2 minuutin ajan kevyell\u00e4 k\u00e4dell\u00e4, jotta hampaiden valkaiseva vaahto toimii. \u00c4l\u00e4 huuhtele.<\/p>\n<p>Kaksoisvaahto riitt\u00e4\u00e4 kahdelle harjalle p\u00e4iv\u00e4ss\u00e4 noin kolmen viikon ajan, ja t\u00e4n\u00e4 aikana sinun ei tulisi mieluiten k\u00e4ytt\u00e4\u00e4 tavallista hammastahnaa. Dual Foam ei sis\u00e4ll\u00e4 hioma-aineita, ja sit\u00e4 voidaan k\u00e4ytt\u00e4\u00e4 sek\u00e4 s\u00e4hk\u00f6hammasharjan ett\u00e4 manuaalisen hammasharjan kanssa. Pakkaus sis\u00e4lt\u00e4\u00e4 1 x puhdistusvaahtoa (50 ml), 1 x valkaisuvaahtoa (50 ml), s\u00e4vyoppaan ja k\u00e4ytt\u00f6ohjeet.<\/p>\n","protected":false},"excerpt":{"rendered":"<p>Hoito koostuu kahdesta vaiheesta, jotka sek\u00e4 puhdistavat ett\u00e4 valkaisevat hampaat ja ovat t\u00e4ydellinen vaihtoehto niille, jotka eiv\u00e4t halua tai voi k\u00e4sittele hampaiden valkaisua hampaiden valkaisugeelill\u00e4 ja henkseleill\u00e4. Vaihe 1 Puhdistus: Harjaa hampaita 1 minuutin ajan, jotta ne ovat puhtaita ja raikkaita puhdistusvaahdon kanssa. Saat todella mukavan tunteen todella kiilt\u00e4vist\u00e4 ja puhtaista hampaista. Huuhtele. Vaihe 2 [&hellip;]<\/p>\n","protected":false},"featured_media":1156,"comment_status":"open","ping_status":"closed","template":"","meta":{"_acf_changed":false,"om_disable_all_campaigns":false,"_monsterinsights_skip_tracking":false,"_monsterinsights_sitenote_active":false,"_monsterinsights_sitenote_note":"","_monsterinsights_sitenote_category":0},"product_brand":[],"product_cat":[49],"product_tag":[],"class_list":{"0":"post-1112","1":"product","2":"type-product","3":"status-publish","4":"has-post-thumbnail","6":"product_cat-ovrigt-fi","8":"first","9":"outofstock","10":"taxable","11":"shipping-taxable","12":"purchasable","13":"product-type-simple"},"acf":[],"aioseo_notices":[],"shsp-ext":{"main":{},"variations":[]},"yoast_head":"<!-- This site is optimized with the Yoast SEO plugin v27.2 - https:\/\/yoast.com\/product\/yoast-seo-wordpress\/ -->\n<title>SIMPLESMILE\u00ae Dual Foam - SimpleSmile<\/title>\n<meta name=\"robots\" content=\"index, follow, max-snippet:-1, max-image-preview:large, max-video-preview:-1\" \/>\n<link rel=\"canonical\" href=\"https:\/\/simplesmile.com\/fi\/produkt\/simplesmile-dual-foam\/\" \/>\n<meta property=\"og:locale\" content=\"fi_FI\" \/>\n<meta property=\"og:type\" content=\"article\" \/>\n<meta property=\"og:title\" content=\"SIMPLESMILE\u00ae Dual Foam - SimpleSmile\" \/>\n<meta property=\"og:description\" content=\"Hoito koostuu kahdesta vaiheesta, jotka sek\u00e4 puhdistavat ett\u00e4 valkaisevat hampaat ja ovat t\u00e4ydellinen vaihtoehto niille, jotka eiv\u00e4t halua tai voi k\u00e4sittele hampaiden valkaisua hampaiden valkaisugeelill\u00e4 ja henkseleill\u00e4. Vaihe 1 Puhdistus: Harjaa hampaita 1 minuutin ajan, jotta ne ovat puhtaita ja raikkaita puhdistusvaahdon kanssa. Saat todella mukavan tunteen todella kiilt\u00e4vist\u00e4 ja puhtaista hampaista. Huuhtele. Vaihe 2 [&hellip;]\" \/>\n<meta property=\"og:url\" content=\"https:\/\/simplesmile.com\/fi\/produkt\/simplesmile-dual-foam\/\" \/>\n<meta property=\"og:site_name\" content=\"SimpleSmile\" \/>\n<meta property=\"article:modified_time\" content=\"2025-01-19T23:16:10+00:00\" \/>\n<meta property=\"og:image\" content=\"https:\/\/simplesmile.com\/wp-content\/uploads\/2020\/10\/SS1310_Dual_Foam_Simplesmile-1.jpg\" \/>\n\t<meta property=\"og:image:width\" content=\"1134\" \/>\n\t<meta property=\"og:image:height\" content=\"850\" \/>\n\t<meta property=\"og:image:type\" content=\"image\/jpeg\" \/>\n<meta name=\"twitter:card\" content=\"summary_large_image\" \/>\n<meta name=\"twitter:label1\" content=\"Arvioitu lukuaika\" \/>\n\t<meta name=\"twitter:data1\" content=\"1 minuutti\" \/>\n<script type=\"application\/ld+json\" class=\"yoast-schema-graph\">{\"@context\":\"https:\/\/schema.org\",\"@graph\":[{\"@type\":\"WebPage\",\"@id\":\"https:\/\/simplesmile.com\/fi\/produkt\/simplesmile-dual-foam\/\",\"url\":\"https:\/\/simplesmile.com\/fi\/produkt\/simplesmile-dual-foam\/\",\"name\":\"SIMPLESMILE\u00ae Dual Foam - SimpleSmile\",\"isPartOf\":{\"@id\":\"https:\/\/simplesmile.com\/sv\/#website\"},\"primaryImageOfPage\":{\"@id\":\"https:\/\/simplesmile.com\/fi\/produkt\/simplesmile-dual-foam\/#primaryimage\"},\"image\":{\"@id\":\"https:\/\/simplesmile.com\/fi\/produkt\/simplesmile-dual-foam\/#primaryimage\"},\"thumbnailUrl\":\"https:\/\/simplesmile.com\/wp-content\/uploads\/2020\/10\/SS1310_Dual_Foam_Simplesmile-1.jpg\",\"datePublished\":\"2020-11-24T08:49:50+00:00\",\"dateModified\":\"2025-01-19T23:16:10+00:00\",\"breadcrumb\":{\"@id\":\"https:\/\/simplesmile.com\/fi\/produkt\/simplesmile-dual-foam\/#breadcrumb\"},\"inLanguage\":\"fi\",\"potentialAction\":[{\"@type\":\"ReadAction\",\"target\":[\"https:\/\/simplesmile.com\/fi\/produkt\/simplesmile-dual-foam\/\"]}]},{\"@type\":\"ImageObject\",\"inLanguage\":\"fi\",\"@id\":\"https:\/\/simplesmile.com\/fi\/produkt\/simplesmile-dual-foam\/#primaryimage\",\"url\":\"https:\/\/simplesmile.com\/wp-content\/uploads\/2020\/10\/SS1310_Dual_Foam_Simplesmile-1.jpg\",\"contentUrl\":\"https:\/\/simplesmile.com\/wp-content\/uploads\/2020\/10\/SS1310_Dual_Foam_Simplesmile-1.jpg\",\"width\":1134,\"height\":850},{\"@type\":\"BreadcrumbList\",\"@id\":\"https:\/\/simplesmile.com\/fi\/produkt\/simplesmile-dual-foam\/#breadcrumb\",\"itemListElement\":[{\"@type\":\"ListItem\",\"position\":1,\"name\":\"Home\",\"item\":\"https:\/\/simplesmile.com\/fi\/\"},{\"@type\":\"ListItem\",\"position\":2,\"name\":\"Webbutik\",\"item\":\"https:\/\/simplesmile.com\/sv\/butik\/\"},{\"@type\":\"ListItem\",\"position\":3,\"name\":\"SIMPLESMILE\u00ae Dual Foam\"}]},{\"@type\":\"WebSite\",\"@id\":\"https:\/\/simplesmile.com\/sv\/#website\",\"url\":\"https:\/\/simplesmile.com\/sv\/\",\"name\":\"SimpleSmile\",\"description\":\"Vitare t\u00e4nder med garanterat resultat\",\"potentialAction\":[{\"@type\":\"SearchAction\",\"target\":{\"@type\":\"EntryPoint\",\"urlTemplate\":\"https:\/\/simplesmile.com\/sv\/?s={search_term_string}\"},\"query-input\":{\"@type\":\"PropertyValueSpecification\",\"valueRequired\":true,\"valueName\":\"search_term_string\"}}],\"inLanguage\":\"fi\"}]}<\/script>\n<!-- \/ Yoast SEO plugin. -->","yoast_head_json":{"title":"SIMPLESMILE\u00ae Dual Foam - SimpleSmile","robots":{"index":"index","follow":"follow","max-snippet":"max-snippet:-1","max-image-preview":"max-image-preview:large","max-video-preview":"max-video-preview:-1"},"canonical":"https:\/\/simplesmile.com\/fi\/produkt\/simplesmile-dual-foam\/","og_locale":"fi_FI","og_type":"article","og_title":"SIMPLESMILE\u00ae Dual Foam - SimpleSmile","og_description":"Hoito koostuu kahdesta vaiheesta, jotka sek\u00e4 puhdistavat ett\u00e4 valkaisevat hampaat ja ovat t\u00e4ydellinen vaihtoehto niille, jotka eiv\u00e4t halua tai voi k\u00e4sittele hampaiden valkaisua hampaiden valkaisugeelill\u00e4 ja henkseleill\u00e4. Vaihe 1 Puhdistus: Harjaa hampaita 1 minuutin ajan, jotta ne ovat puhtaita ja raikkaita puhdistusvaahdon kanssa. Saat todella mukavan tunteen todella kiilt\u00e4vist\u00e4 ja puhtaista hampaista. Huuhtele. Vaihe 2 [&hellip;]","og_url":"https:\/\/simplesmile.com\/fi\/produkt\/simplesmile-dual-foam\/","og_site_name":"SimpleSmile","article_modified_time":"2025-01-19T23:16:10+00:00","og_image":[{"width":1134,"height":850,"url":"https:\/\/simplesmile.com\/wp-content\/uploads\/2020\/10\/SS1310_Dual_Foam_Simplesmile-1.jpg","type":"image\/jpeg"}],"twitter_card":"summary_large_image","twitter_misc":{"Arvioitu lukuaika":"1 minuutti"},"schema":{"@context":"https:\/\/schema.org","@graph":[{"@type":"WebPage","@id":"https:\/\/simplesmile.com\/fi\/produkt\/simplesmile-dual-foam\/","url":"https:\/\/simplesmile.com\/fi\/produkt\/simplesmile-dual-foam\/","name":"SIMPLESMILE\u00ae Dual Foam - SimpleSmile","isPartOf":{"@id":"https:\/\/simplesmile.com\/sv\/#website"},"primaryImageOfPage":{"@id":"https:\/\/simplesmile.com\/fi\/produkt\/simplesmile-dual-foam\/#primaryimage"},"image":{"@id":"https:\/\/simplesmile.com\/fi\/produkt\/simplesmile-dual-foam\/#primaryimage"},"thumbnailUrl":"https:\/\/simplesmile.com\/wp-content\/uploads\/2020\/10\/SS1310_Dual_Foam_Simplesmile-1.jpg","datePublished":"2020-11-24T08:49:50+00:00","dateModified":"2025-01-19T23:16:10+00:00","breadcrumb":{"@id":"https:\/\/simplesmile.com\/fi\/produkt\/simplesmile-dual-foam\/#breadcrumb"},"inLanguage":"fi","potentialAction":[{"@type":"ReadAction","target":["https:\/\/simplesmile.com\/fi\/produkt\/simplesmile-dual-foam\/"]}]},{"@type":"ImageObject","inLanguage":"fi","@id":"https:\/\/simplesmile.com\/fi\/produkt\/simplesmile-dual-foam\/#primaryimage","url":"https:\/\/simplesmile.com\/wp-content\/uploads\/2020\/10\/SS1310_Dual_Foam_Simplesmile-1.jpg","contentUrl":"https:\/\/simplesmile.com\/wp-content\/uploads\/2020\/10\/SS1310_Dual_Foam_Simplesmile-1.jpg","width":1134,"height":850},{"@type":"BreadcrumbList","@id":"https:\/\/simplesmile.com\/fi\/produkt\/simplesmile-dual-foam\/#breadcrumb","itemListElement":[{"@type":"ListItem","position":1,"name":"Home","item":"https:\/\/simplesmile.com\/fi\/"},{"@type":"ListItem","position":2,"name":"Webbutik","item":"https:\/\/simplesmile.com\/sv\/butik\/"},{"@type":"ListItem","position":3,"name":"SIMPLESMILE\u00ae Dual Foam"}]},{"@type":"WebSite","@id":"https:\/\/simplesmile.com\/sv\/#website","url":"https:\/\/simplesmile.com\/sv\/","name":"SimpleSmile","description":"Vitare t\u00e4nder med garanterat resultat","potentialAction":[{"@type":"SearchAction","target":{"@type":"EntryPoint","urlTemplate":"https:\/\/simplesmile.com\/sv\/?s={search_term_string}"},"query-input":{"@type":"PropertyValueSpecification","valueRequired":true,"valueName":"search_term_string"}}],"inLanguage":"fi"}]}},"_links":{"self":[{"href":"https:\/\/simplesmile.com\/fi\/wp-json\/wp\/v2\/product\/1112","targetHints":{"allow":["GET"]}}],"collection":[{"href":"https:\/\/simplesmile.com\/fi\/wp-json\/wp\/v2\/product"}],"about":[{"href":"https:\/\/simplesmile.com\/fi\/wp-json\/wp\/v2\/types\/product"}],"replies":[{"embeddable":true,"href":"https:\/\/simplesmile.com\/fi\/wp-json\/wp\/v2\/comments?post=1112"}],"wp:featuredmedia":[{"embeddable":true,"href":"https:\/\/simplesmile.com\/fi\/wp-json\/wp\/v2\/media\/1156"}],"wp:attachment":[{"href":"https:\/\/simplesmile.com\/fi\/wp-json\/wp\/v2\/media?parent=1112"}],"wp:term":[{"taxonomy":"product_brand","embeddable":true,"href":"https:\/\/simplesmile.com\/fi\/wp-json\/wp\/v2\/product_brand?post=1112"},{"taxonomy":"product_cat","embeddable":true,"href":"https:\/\/simplesmile.com\/fi\/wp-json\/wp\/v2\/product_cat?post=1112"},{"taxonomy":"product_tag","embeddable":true,"href":"https:\/\/simplesmile.com\/fi\/wp-json\/wp\/v2\/product_tag?post=1112"}],"curies":[{"name":"wp","href":"https:\/\/api.w.org\/{rel}","templated":true}]}}