{"id":2489,"date":"2023-11-01T08:40:40","date_gmt":"2023-11-01T07:40:40","guid":{"rendered":"https:\/\/simplesmile.com\/produkt\/simplesmile-multifunctional-super-white-toothpaste-75-ml\/"},"modified":"2025-06-24T10:33:32","modified_gmt":"2025-06-24T08:33:32","slug":"simplesmile-multifunctional-super-white-toothpaste-75-ml","status":"publish","type":"product","link":"https:\/\/simplesmile.com\/fi\/produkt\/simplesmile-multifunctional-super-white-toothpaste-75-ml\/","title":{"rendered":"SimpleSmile\u00ae Multifunctional SUPER WHITE HAMMASTAHNA, 75 ml"},"content":{"rendered":"<p>Supervalkoinen hammastahna on t\u00e4ynn\u00e4 monia uusia ainesosia, joita kukaan ei ole koskaan aiemmin sis\u00e4llytt\u00e4nyt hammastahnoihin \u2013 kuten ainutlaatuinen White Charcoal imem\u00e4\u00e4n myrkkyj\u00e4 ja huonoja hajuja, hyaluronihappo anti-inflammatorisen ikenien terveydelle ja C-vitamiini yleist\u00e4 vahvuutta varten. . Ehdottomasti t\u00e4rkein ainesosa valkoisempien hampaiden aikaansaamiseksi on PAP, josta kirjoitamme lis\u00e4\u00e4 alla.<\/p>\n<p>PAP on uusi peroksidi, jonka EU on hyv\u00e4ksynyt suunhoitotuotteisiin. Se on OTC-valkaisugeeli, joka sis\u00e4lt\u00e4\u00e4 aktiivisina aineina ftalimidoperoksikapronihappoa (PAP) ja granaattiomenan hedelm\u00e4uutetta ja jolla on korkea hapetuspotentiaali aktiivisen hapen vapautuessa. yhteensopiva EU Cosmetic PAP on asetuksen (EY) 1223\/2009 mukainen. Meill\u00e4 on pitk\u00e4 kokemus ftalimidoperoksikapronihaposta (PAP) hampaidenvalkaisugeeleiss\u00e4mme, mik\u00e4 on sek\u00e4 tehokasta ett\u00e4 hell\u00e4varaista. Hammastahnassamme on 4 %, mik\u00e4 on korkea pitoisuus.<\/p>\n<p>PAP on eritt\u00e4in turvallinen k\u00e4ytt\u00e4\u00e4. On osoitettu valkaisevan tehokkaasti hampaan sis\u00e4- tai ulkorakennetta vahingoittamatta.<\/p>\n<p>Hampaiden valkaisuun lis\u00e4\u00e4 kalsiumperoksidia. Se liuottaa hampaan pinnalla (pinnoista) olevan proteiinin, joka houkuttelee tahroja hampaan pintaan ja pit\u00e4\u00e4 ne kapseloituina. Kun proteiini on liuennut, kaikki tahrat ja v\u00e4riaineet tulevat sen mukana ja irtoavat hell\u00e4varaisesti hampaista. T\u00e4m\u00e4 ilman kovia ainesosia, kuten vetyperoksidia. Kalsiumperoksidin hitaasti happea vapauttavat ominaisuudet tekev\u00e4t siit\u00e4 my\u00f6s ihanteellisen ja kustannustehokkaan luonnollisen hampaiden valkaisuvaihtoehdon. Simplesmile SuperWhite -hammastahnan p\u00e4ivitt\u00e4inen k\u00e4ytt\u00f6 viikkojen ja kuukausien ajan. P\u00e4ivitt\u00e4isess\u00e4 k\u00e4yt\u00f6ss\u00e4 on tasainen valkaisuvaikutus ilman voimakkaita hankausaineita tai voimakkaita puhdistusaineita.<\/p>\n<p>Lis\u00e4ksi meill\u00e4 on korkea pitoisuus ftalimidoperoksikapronihappoa (PAP), joka on turvallisempi vaihtoehto perinteisille valkaisuaineille ja aktiiviselle valkaisuaineelle.<\/p>\n<p>(PAP), orgaaninen perhappo, joka sis\u00e4lt\u00e4\u00e4 suuren hapettumispotentiaalin, koska saatavilla on hapen sivuketjuja, jotka voidaan pilkkoa suun ja hedelm\u00e4n entsyymien l\u00e4sn\u00e4 ollessa. Hapetus on v\u00e4ltt\u00e4m\u00e4t\u00f6nt\u00e4 valkaisuprosessille, koska se neutraloi orgaaniset kaksoissidokset. Lis\u00e4ksi Super White &amp; Fresh -hammastahnaamme ei ole testattu el\u00e4imill\u00e4 (cruelty free), sulfaattiton, 98 % luonnollinen ja vegaaninen.<\/p>\n<p><strong>Supersmile Superwhite \u00e4r:<\/strong><\/p>\n<ul>\n<li>Sulfaatti Fi<\/li>\n<li>Parabeeniton<\/li>\n<li>Ei testattu el\u00e4imill\u00e4<\/li>\n<li>Vegaani<\/li>\n<li>97 % luonnollisia ainesosia<\/li>\n<li>T\u00e4ysin vapaa mikrokipsist\u00e4<\/li>\n<\/ul>\n","protected":false},"excerpt":{"rendered":"<p>It ensures clean, visibly whiter teeth, strengthens the enamel, freshens the breath, and protects against plaque and cavities. Uses the purest and safest ingredients. This is Your toothpaste.<\/p>\n<p>This is a toothpaste for every taste, need and moment; it comes flavored in fresh real Spearmint<\/p>\n","protected":false},"featured_media":2469,"comment_status":"open","ping_status":"closed","template":"","meta":{"_acf_changed":false,"om_disable_all_campaigns":false,"_monsterinsights_skip_tracking":false,"_monsterinsights_sitenote_active":false,"_monsterinsights_sitenote_note":"","_monsterinsights_sitenote_category":0},"product_brand":[],"product_cat":[55,49],"product_tag":[],"class_list":{"0":"post-2489","1":"product","2":"type-product","3":"status-publish","4":"has-post-thumbnail","6":"product_cat-kompletta-kit-fi","7":"product_cat-ovrigt-fi","9":"first","10":"instock","11":"taxable","12":"shipping-taxable","13":"purchasable","14":"product-type-simple"},"acf":[],"aioseo_notices":[],"shsp-ext":{"main":{},"variations":[]},"yoast_head":"<!-- This site is optimized with the Yoast SEO plugin v27.2 - https:\/\/yoast.com\/product\/yoast-seo-wordpress\/ -->\n<title>SimpleSmile\u00ae Multifunctional SUPER WHITE HAMMASTAHNA, 75 ml - SimpleSmile<\/title>\n<meta name=\"robots\" content=\"index, follow, max-snippet:-1, max-image-preview:large, max-video-preview:-1\" \/>\n<link rel=\"canonical\" href=\"https:\/\/simplesmile.com\/fi\/produkt\/simplesmile-multifunctional-super-white-toothpaste-75-ml\/\" \/>\n<meta property=\"og:locale\" content=\"fi_FI\" \/>\n<meta property=\"og:type\" content=\"article\" \/>\n<meta property=\"og:title\" content=\"SimpleSmile\u00ae Multifunctional SUPER WHITE HAMMASTAHNA, 75 ml - SimpleSmile\" \/>\n<meta property=\"og:description\" content=\"It ensures clean, visibly whiter teeth, strengthens the enamel, freshens the breath, and protects against plaque and cavities. Uses the purest and safest ingredients. This is Your toothpaste.  This is a toothpaste for every taste, need and moment; it comes flavored in fresh real Spearmint\" \/>\n<meta property=\"og:url\" content=\"https:\/\/simplesmile.com\/fi\/produkt\/simplesmile-multifunctional-super-white-toothpaste-75-ml\/\" \/>\n<meta property=\"og:site_name\" content=\"SimpleSmile\" \/>\n<meta property=\"article:modified_time\" content=\"2025-06-24T08:33:32+00:00\" \/>\n<meta property=\"og:image\" content=\"https:\/\/simplesmile.com\/wp-content\/uploads\/2023\/11\/SimpleSmile\u00ae-SUPERWHITE-box-tube.jpeg\" \/>\n\t<meta property=\"og:image:width\" content=\"480\" \/>\n\t<meta property=\"og:image:height\" content=\"640\" \/>\n\t<meta property=\"og:image:type\" content=\"image\/jpeg\" \/>\n<meta name=\"twitter:card\" content=\"summary_large_image\" \/>\n<meta name=\"twitter:label1\" content=\"Arvioitu lukuaika\" \/>\n\t<meta name=\"twitter:data1\" content=\"2 minuuttia\" \/>\n<script type=\"application\/ld+json\" class=\"yoast-schema-graph\">{\"@context\":\"https:\/\/schema.org\",\"@graph\":[{\"@type\":\"WebPage\",\"@id\":\"https:\/\/simplesmile.com\/fi\/produkt\/simplesmile-multifunctional-super-white-toothpaste-75-ml\/\",\"url\":\"https:\/\/simplesmile.com\/fi\/produkt\/simplesmile-multifunctional-super-white-toothpaste-75-ml\/\",\"name\":\"SimpleSmile\u00ae Multifunctional SUPER WHITE HAMMASTAHNA, 75 ml - SimpleSmile\",\"isPartOf\":{\"@id\":\"https:\/\/simplesmile.com\/sv\/#website\"},\"primaryImageOfPage\":{\"@id\":\"https:\/\/simplesmile.com\/fi\/produkt\/simplesmile-multifunctional-super-white-toothpaste-75-ml\/#primaryimage\"},\"image\":{\"@id\":\"https:\/\/simplesmile.com\/fi\/produkt\/simplesmile-multifunctional-super-white-toothpaste-75-ml\/#primaryimage\"},\"thumbnailUrl\":\"https:\/\/simplesmile.com\/wp-content\/uploads\/2023\/11\/SimpleSmile\u00ae-SUPERWHITE-box-tube.jpeg\",\"datePublished\":\"2023-11-01T07:40:40+00:00\",\"dateModified\":\"2025-06-24T08:33:32+00:00\",\"breadcrumb\":{\"@id\":\"https:\/\/simplesmile.com\/fi\/produkt\/simplesmile-multifunctional-super-white-toothpaste-75-ml\/#breadcrumb\"},\"inLanguage\":\"fi\",\"potentialAction\":[{\"@type\":\"ReadAction\",\"target\":[\"https:\/\/simplesmile.com\/fi\/produkt\/simplesmile-multifunctional-super-white-toothpaste-75-ml\/\"]}]},{\"@type\":\"ImageObject\",\"inLanguage\":\"fi\",\"@id\":\"https:\/\/simplesmile.com\/fi\/produkt\/simplesmile-multifunctional-super-white-toothpaste-75-ml\/#primaryimage\",\"url\":\"https:\/\/simplesmile.com\/wp-content\/uploads\/2023\/11\/SimpleSmile\u00ae-SUPERWHITE-box-tube.jpeg\",\"contentUrl\":\"https:\/\/simplesmile.com\/wp-content\/uploads\/2023\/11\/SimpleSmile\u00ae-SUPERWHITE-box-tube.jpeg\",\"width\":480,\"height\":640},{\"@type\":\"BreadcrumbList\",\"@id\":\"https:\/\/simplesmile.com\/fi\/produkt\/simplesmile-multifunctional-super-white-toothpaste-75-ml\/#breadcrumb\",\"itemListElement\":[{\"@type\":\"ListItem\",\"position\":1,\"name\":\"Home\",\"item\":\"https:\/\/simplesmile.com\/fi\/\"},{\"@type\":\"ListItem\",\"position\":2,\"name\":\"Webbutik\",\"item\":\"https:\/\/simplesmile.com\/sv\/butik\/\"},{\"@type\":\"ListItem\",\"position\":3,\"name\":\"SimpleSmile\u00ae Multifunctional SUPER WHITE HAMMASTAHNA, 75 ml\"}]},{\"@type\":\"WebSite\",\"@id\":\"https:\/\/simplesmile.com\/sv\/#website\",\"url\":\"https:\/\/simplesmile.com\/sv\/\",\"name\":\"SimpleSmile\",\"description\":\"Vitare t\u00e4nder med garanterat resultat\",\"potentialAction\":[{\"@type\":\"SearchAction\",\"target\":{\"@type\":\"EntryPoint\",\"urlTemplate\":\"https:\/\/simplesmile.com\/sv\/?s={search_term_string}\"},\"query-input\":{\"@type\":\"PropertyValueSpecification\",\"valueRequired\":true,\"valueName\":\"search_term_string\"}}],\"inLanguage\":\"fi\"}]}<\/script>\n<!-- \/ Yoast SEO plugin. -->","yoast_head_json":{"title":"SimpleSmile\u00ae Multifunctional SUPER WHITE HAMMASTAHNA, 75 ml - SimpleSmile","robots":{"index":"index","follow":"follow","max-snippet":"max-snippet:-1","max-image-preview":"max-image-preview:large","max-video-preview":"max-video-preview:-1"},"canonical":"https:\/\/simplesmile.com\/fi\/produkt\/simplesmile-multifunctional-super-white-toothpaste-75-ml\/","og_locale":"fi_FI","og_type":"article","og_title":"SimpleSmile\u00ae Multifunctional SUPER WHITE HAMMASTAHNA, 75 ml - SimpleSmile","og_description":"It ensures clean, visibly whiter teeth, strengthens the enamel, freshens the breath, and protects against plaque and cavities. Uses the purest and safest ingredients. This is Your toothpaste.  This is a toothpaste for every taste, need and moment; it comes flavored in fresh real Spearmint","og_url":"https:\/\/simplesmile.com\/fi\/produkt\/simplesmile-multifunctional-super-white-toothpaste-75-ml\/","og_site_name":"SimpleSmile","article_modified_time":"2025-06-24T08:33:32+00:00","og_image":[{"width":480,"height":640,"url":"https:\/\/simplesmile.com\/wp-content\/uploads\/2023\/11\/SimpleSmile\u00ae-SUPERWHITE-box-tube.jpeg","type":"image\/jpeg"}],"twitter_card":"summary_large_image","twitter_misc":{"Arvioitu lukuaika":"2 minuuttia"},"schema":{"@context":"https:\/\/schema.org","@graph":[{"@type":"WebPage","@id":"https:\/\/simplesmile.com\/fi\/produkt\/simplesmile-multifunctional-super-white-toothpaste-75-ml\/","url":"https:\/\/simplesmile.com\/fi\/produkt\/simplesmile-multifunctional-super-white-toothpaste-75-ml\/","name":"SimpleSmile\u00ae Multifunctional SUPER WHITE HAMMASTAHNA, 75 ml - SimpleSmile","isPartOf":{"@id":"https:\/\/simplesmile.com\/sv\/#website"},"primaryImageOfPage":{"@id":"https:\/\/simplesmile.com\/fi\/produkt\/simplesmile-multifunctional-super-white-toothpaste-75-ml\/#primaryimage"},"image":{"@id":"https:\/\/simplesmile.com\/fi\/produkt\/simplesmile-multifunctional-super-white-toothpaste-75-ml\/#primaryimage"},"thumbnailUrl":"https:\/\/simplesmile.com\/wp-content\/uploads\/2023\/11\/SimpleSmile\u00ae-SUPERWHITE-box-tube.jpeg","datePublished":"2023-11-01T07:40:40+00:00","dateModified":"2025-06-24T08:33:32+00:00","breadcrumb":{"@id":"https:\/\/simplesmile.com\/fi\/produkt\/simplesmile-multifunctional-super-white-toothpaste-75-ml\/#breadcrumb"},"inLanguage":"fi","potentialAction":[{"@type":"ReadAction","target":["https:\/\/simplesmile.com\/fi\/produkt\/simplesmile-multifunctional-super-white-toothpaste-75-ml\/"]}]},{"@type":"ImageObject","inLanguage":"fi","@id":"https:\/\/simplesmile.com\/fi\/produkt\/simplesmile-multifunctional-super-white-toothpaste-75-ml\/#primaryimage","url":"https:\/\/simplesmile.com\/wp-content\/uploads\/2023\/11\/SimpleSmile\u00ae-SUPERWHITE-box-tube.jpeg","contentUrl":"https:\/\/simplesmile.com\/wp-content\/uploads\/2023\/11\/SimpleSmile\u00ae-SUPERWHITE-box-tube.jpeg","width":480,"height":640},{"@type":"BreadcrumbList","@id":"https:\/\/simplesmile.com\/fi\/produkt\/simplesmile-multifunctional-super-white-toothpaste-75-ml\/#breadcrumb","itemListElement":[{"@type":"ListItem","position":1,"name":"Home","item":"https:\/\/simplesmile.com\/fi\/"},{"@type":"ListItem","position":2,"name":"Webbutik","item":"https:\/\/simplesmile.com\/sv\/butik\/"},{"@type":"ListItem","position":3,"name":"SimpleSmile\u00ae Multifunctional SUPER WHITE HAMMASTAHNA, 75 ml"}]},{"@type":"WebSite","@id":"https:\/\/simplesmile.com\/sv\/#website","url":"https:\/\/simplesmile.com\/sv\/","name":"SimpleSmile","description":"Vitare t\u00e4nder med garanterat resultat","potentialAction":[{"@type":"SearchAction","target":{"@type":"EntryPoint","urlTemplate":"https:\/\/simplesmile.com\/sv\/?s={search_term_string}"},"query-input":{"@type":"PropertyValueSpecification","valueRequired":true,"valueName":"search_term_string"}}],"inLanguage":"fi"}]}},"_links":{"self":[{"href":"https:\/\/simplesmile.com\/fi\/wp-json\/wp\/v2\/product\/2489","targetHints":{"allow":["GET"]}}],"collection":[{"href":"https:\/\/simplesmile.com\/fi\/wp-json\/wp\/v2\/product"}],"about":[{"href":"https:\/\/simplesmile.com\/fi\/wp-json\/wp\/v2\/types\/product"}],"replies":[{"embeddable":true,"href":"https:\/\/simplesmile.com\/fi\/wp-json\/wp\/v2\/comments?post=2489"}],"wp:featuredmedia":[{"embeddable":true,"href":"https:\/\/simplesmile.com\/fi\/wp-json\/wp\/v2\/media\/2469"}],"wp:attachment":[{"href":"https:\/\/simplesmile.com\/fi\/wp-json\/wp\/v2\/media?parent=2489"}],"wp:term":[{"taxonomy":"product_brand","embeddable":true,"href":"https:\/\/simplesmile.com\/fi\/wp-json\/wp\/v2\/product_brand?post=2489"},{"taxonomy":"product_cat","embeddable":true,"href":"https:\/\/simplesmile.com\/fi\/wp-json\/wp\/v2\/product_cat?post=2489"},{"taxonomy":"product_tag","embeddable":true,"href":"https:\/\/simplesmile.com\/fi\/wp-json\/wp\/v2\/product_tag?post=2489"}],"curies":[{"name":"wp","href":"https:\/\/api.w.org\/{rel}","templated":true}]}}