{"id":1001,"date":"2020-11-24T09:49:50","date_gmt":"2020-11-24T08:49:50","guid":{"rendered":"https:\/\/simplesmile.hemsida.eu\/produkt\/simplesmile-dual-foam\/"},"modified":"2024-06-08T11:45:35","modified_gmt":"2024-06-08T09:45:35","slug":"simplesmile-dual-foam","status":"publish","type":"product","link":"https:\/\/simplesmile.com\/no\/produkt\/simplesmile-dual-foam\/","title":{"rendered":"SIMPLESMILE\u00ae Dual Foam"},"content":{"rendered":"<p>Simplesmile\u00ae Dual Foam er et tannblekende skum som brukes som tannkrem. Under behandlingen erstatter Dual Foam din vanlige tannkrem. Behandlingen best\u00e5r av to trinn som b\u00e5de renser og bleker tennene og er et perfekt alternativ for de som ikke vil eller kan h\u00e5ndter tannbleking med tannbleking gel og munnstykker. Pensle tennene som vanlig med Dual Foam i 3 minutter b\u00e5de morgen og kveld.<\/p>\n<p>Trinn 1 Rengj\u00f8ring: Pensle tennene i 1 minutt slik at de er rene og friske med rengj\u00f8ringsskummet. Du f\u00e5r en veldig fin f\u00f8lelse av virkelig blanke og rene tenner. Skylle.<\/p>\n<p>Trinn 2 Bleking: B\u00f8rst tennene igjen i 2 minutter med en lett h\u00e5nd slik at tannblekeskum fungerer. Ikke skyll.<\/p>\n<p>Dual Foam er nok for to b\u00f8rster per dag i omtrent tre uker, og i l\u00f8pet av denne tiden b\u00f8r du helst ikke bruke vanlig tannkrem.\u00a0Dual Foam inneholder ingen slipemidler og kan brukes med b\u00e5de elektrisk tannb\u00f8rste og manuell tannb\u00f8rste.<\/p>\n<p>Pakken inneholder 1 x Cleaning Foam (50 ml), 1 x Whitening Foam (50 ml), skyggelinje og bruksanvisning.<\/p>\n","protected":false},"excerpt":{"rendered":"<p>Simplesmile\u00ae Dual Foam er et tannblekende skum, et perfekt alternativ for de som ikke vil eller kan h\u00e5ndter tannbleking med tannbleking gel og munnstykker. Pakken inneholder 1 x Cleaning Foam (50 ml), 1 x Whitening Foam (50 ml), skyggelinje og bruksanvisning.<\/p>\n","protected":false},"featured_media":1157,"comment_status":"open","ping_status":"closed","template":"","meta":{"_acf_changed":false,"om_disable_all_campaigns":false,"_monsterinsights_skip_tracking":false,"_monsterinsights_sitenote_active":false,"_monsterinsights_sitenote_note":"","_monsterinsights_sitenote_category":0},"product_brand":[],"product_cat":[50],"product_tag":[],"class_list":{"0":"post-1001","1":"product","2":"type-product","3":"status-publish","4":"has-post-thumbnail","6":"product_cat-ovrigt-no","8":"first","9":"outofstock","10":"taxable","11":"shipping-taxable","12":"purchasable","13":"product-type-simple"},"acf":[],"aioseo_notices":[],"shsp-ext":{"main":{},"variations":[]},"yoast_head":"<!-- This site is optimized with the Yoast SEO plugin v27.2 - https:\/\/yoast.com\/product\/yoast-seo-wordpress\/ -->\n<title>SIMPLESMILE\u00ae Dual Foam - SimpleSmile<\/title>\n<meta name=\"robots\" content=\"index, follow, max-snippet:-1, max-image-preview:large, max-video-preview:-1\" \/>\n<link rel=\"canonical\" href=\"https:\/\/simplesmile.com\/no\/produkt\/simplesmile-dual-foam\/\" \/>\n<meta property=\"og:locale\" content=\"nb_NO\" \/>\n<meta property=\"og:type\" content=\"article\" \/>\n<meta property=\"og:title\" content=\"SIMPLESMILE\u00ae Dual Foam - SimpleSmile\" \/>\n<meta property=\"og:description\" content=\"Simplesmile\u00ae Dual Foam er et tannblekende skum, et perfekt alternativ for de som ikke vil eller kan h\u00e5ndter tannbleking med tannbleking gel og munnstykker. Pakken inneholder 1 x Cleaning Foam (50 ml), 1 x Whitening Foam (50 ml), skyggelinje og bruksanvisning.\" \/>\n<meta property=\"og:url\" content=\"https:\/\/simplesmile.com\/no\/produkt\/simplesmile-dual-foam\/\" \/>\n<meta property=\"og:site_name\" content=\"SimpleSmile\" \/>\n<meta property=\"article:modified_time\" content=\"2024-06-08T09:45:35+00:00\" \/>\n<meta property=\"og:image\" content=\"https:\/\/simplesmile.com\/wp-content\/uploads\/2020\/10\/SS1310_Dual_Foam_Simplesmile-1.jpg\" \/>\n\t<meta property=\"og:image:width\" content=\"1134\" \/>\n\t<meta property=\"og:image:height\" content=\"850\" \/>\n\t<meta property=\"og:image:type\" content=\"image\/jpeg\" \/>\n<meta name=\"twitter:card\" content=\"summary_large_image\" \/>\n<meta name=\"twitter:label1\" content=\"Ansl. lesetid\" \/>\n\t<meta name=\"twitter:data1\" content=\"1 minutt\" \/>\n<script type=\"application\/ld+json\" class=\"yoast-schema-graph\">{\"@context\":\"https:\/\/schema.org\",\"@graph\":[{\"@type\":\"WebPage\",\"@id\":\"https:\/\/simplesmile.com\/no\/produkt\/simplesmile-dual-foam\/\",\"url\":\"https:\/\/simplesmile.com\/no\/produkt\/simplesmile-dual-foam\/\",\"name\":\"SIMPLESMILE\u00ae Dual Foam - SimpleSmile\",\"isPartOf\":{\"@id\":\"https:\/\/simplesmile.com\/sv\/#website\"},\"primaryImageOfPage\":{\"@id\":\"https:\/\/simplesmile.com\/no\/produkt\/simplesmile-dual-foam\/#primaryimage\"},\"image\":{\"@id\":\"https:\/\/simplesmile.com\/no\/produkt\/simplesmile-dual-foam\/#primaryimage\"},\"thumbnailUrl\":\"https:\/\/simplesmile.com\/wp-content\/uploads\/2020\/10\/SS1310_Dual_Foam_Simplesmile-1.jpg\",\"datePublished\":\"2020-11-24T08:49:50+00:00\",\"dateModified\":\"2024-06-08T09:45:35+00:00\",\"breadcrumb\":{\"@id\":\"https:\/\/simplesmile.com\/no\/produkt\/simplesmile-dual-foam\/#breadcrumb\"},\"inLanguage\":\"nb-NO\",\"potentialAction\":[{\"@type\":\"ReadAction\",\"target\":[\"https:\/\/simplesmile.com\/no\/produkt\/simplesmile-dual-foam\/\"]}]},{\"@type\":\"ImageObject\",\"inLanguage\":\"nb-NO\",\"@id\":\"https:\/\/simplesmile.com\/no\/produkt\/simplesmile-dual-foam\/#primaryimage\",\"url\":\"https:\/\/simplesmile.com\/wp-content\/uploads\/2020\/10\/SS1310_Dual_Foam_Simplesmile-1.jpg\",\"contentUrl\":\"https:\/\/simplesmile.com\/wp-content\/uploads\/2020\/10\/SS1310_Dual_Foam_Simplesmile-1.jpg\",\"width\":1134,\"height\":850},{\"@type\":\"BreadcrumbList\",\"@id\":\"https:\/\/simplesmile.com\/no\/produkt\/simplesmile-dual-foam\/#breadcrumb\",\"itemListElement\":[{\"@type\":\"ListItem\",\"position\":1,\"name\":\"Home\",\"item\":\"https:\/\/simplesmile.com\/no\/\"},{\"@type\":\"ListItem\",\"position\":2,\"name\":\"Webbutik\",\"item\":\"https:\/\/simplesmile.com\/sv\/butik\/\"},{\"@type\":\"ListItem\",\"position\":3,\"name\":\"SIMPLESMILE\u00ae Dual Foam\"}]},{\"@type\":\"WebSite\",\"@id\":\"https:\/\/simplesmile.com\/sv\/#website\",\"url\":\"https:\/\/simplesmile.com\/sv\/\",\"name\":\"SimpleSmile\",\"description\":\"Vitare t\u00e4nder med garanterat resultat\",\"potentialAction\":[{\"@type\":\"SearchAction\",\"target\":{\"@type\":\"EntryPoint\",\"urlTemplate\":\"https:\/\/simplesmile.com\/sv\/?s={search_term_string}\"},\"query-input\":{\"@type\":\"PropertyValueSpecification\",\"valueRequired\":true,\"valueName\":\"search_term_string\"}}],\"inLanguage\":\"nb-NO\"}]}<\/script>\n<!-- \/ Yoast SEO plugin. -->","yoast_head_json":{"title":"SIMPLESMILE\u00ae Dual Foam - SimpleSmile","robots":{"index":"index","follow":"follow","max-snippet":"max-snippet:-1","max-image-preview":"max-image-preview:large","max-video-preview":"max-video-preview:-1"},"canonical":"https:\/\/simplesmile.com\/no\/produkt\/simplesmile-dual-foam\/","og_locale":"nb_NO","og_type":"article","og_title":"SIMPLESMILE\u00ae Dual Foam - SimpleSmile","og_description":"Simplesmile\u00ae Dual Foam er et tannblekende skum, et perfekt alternativ for de som ikke vil eller kan h\u00e5ndter tannbleking med tannbleking gel og munnstykker. Pakken inneholder 1 x Cleaning Foam (50 ml), 1 x Whitening Foam (50 ml), skyggelinje og bruksanvisning.","og_url":"https:\/\/simplesmile.com\/no\/produkt\/simplesmile-dual-foam\/","og_site_name":"SimpleSmile","article_modified_time":"2024-06-08T09:45:35+00:00","og_image":[{"width":1134,"height":850,"url":"https:\/\/simplesmile.com\/wp-content\/uploads\/2020\/10\/SS1310_Dual_Foam_Simplesmile-1.jpg","type":"image\/jpeg"}],"twitter_card":"summary_large_image","twitter_misc":{"Ansl. lesetid":"1 minutt"},"schema":{"@context":"https:\/\/schema.org","@graph":[{"@type":"WebPage","@id":"https:\/\/simplesmile.com\/no\/produkt\/simplesmile-dual-foam\/","url":"https:\/\/simplesmile.com\/no\/produkt\/simplesmile-dual-foam\/","name":"SIMPLESMILE\u00ae Dual Foam - SimpleSmile","isPartOf":{"@id":"https:\/\/simplesmile.com\/sv\/#website"},"primaryImageOfPage":{"@id":"https:\/\/simplesmile.com\/no\/produkt\/simplesmile-dual-foam\/#primaryimage"},"image":{"@id":"https:\/\/simplesmile.com\/no\/produkt\/simplesmile-dual-foam\/#primaryimage"},"thumbnailUrl":"https:\/\/simplesmile.com\/wp-content\/uploads\/2020\/10\/SS1310_Dual_Foam_Simplesmile-1.jpg","datePublished":"2020-11-24T08:49:50+00:00","dateModified":"2024-06-08T09:45:35+00:00","breadcrumb":{"@id":"https:\/\/simplesmile.com\/no\/produkt\/simplesmile-dual-foam\/#breadcrumb"},"inLanguage":"nb-NO","potentialAction":[{"@type":"ReadAction","target":["https:\/\/simplesmile.com\/no\/produkt\/simplesmile-dual-foam\/"]}]},{"@type":"ImageObject","inLanguage":"nb-NO","@id":"https:\/\/simplesmile.com\/no\/produkt\/simplesmile-dual-foam\/#primaryimage","url":"https:\/\/simplesmile.com\/wp-content\/uploads\/2020\/10\/SS1310_Dual_Foam_Simplesmile-1.jpg","contentUrl":"https:\/\/simplesmile.com\/wp-content\/uploads\/2020\/10\/SS1310_Dual_Foam_Simplesmile-1.jpg","width":1134,"height":850},{"@type":"BreadcrumbList","@id":"https:\/\/simplesmile.com\/no\/produkt\/simplesmile-dual-foam\/#breadcrumb","itemListElement":[{"@type":"ListItem","position":1,"name":"Home","item":"https:\/\/simplesmile.com\/no\/"},{"@type":"ListItem","position":2,"name":"Webbutik","item":"https:\/\/simplesmile.com\/sv\/butik\/"},{"@type":"ListItem","position":3,"name":"SIMPLESMILE\u00ae Dual Foam"}]},{"@type":"WebSite","@id":"https:\/\/simplesmile.com\/sv\/#website","url":"https:\/\/simplesmile.com\/sv\/","name":"SimpleSmile","description":"Vitare t\u00e4nder med garanterat resultat","potentialAction":[{"@type":"SearchAction","target":{"@type":"EntryPoint","urlTemplate":"https:\/\/simplesmile.com\/sv\/?s={search_term_string}"},"query-input":{"@type":"PropertyValueSpecification","valueRequired":true,"valueName":"search_term_string"}}],"inLanguage":"nb-NO"}]}},"_links":{"self":[{"href":"https:\/\/simplesmile.com\/no\/wp-json\/wp\/v2\/product\/1001","targetHints":{"allow":["GET"]}}],"collection":[{"href":"https:\/\/simplesmile.com\/no\/wp-json\/wp\/v2\/product"}],"about":[{"href":"https:\/\/simplesmile.com\/no\/wp-json\/wp\/v2\/types\/product"}],"replies":[{"embeddable":true,"href":"https:\/\/simplesmile.com\/no\/wp-json\/wp\/v2\/comments?post=1001"}],"wp:featuredmedia":[{"embeddable":true,"href":"https:\/\/simplesmile.com\/no\/wp-json\/wp\/v2\/media\/1157"}],"wp:attachment":[{"href":"https:\/\/simplesmile.com\/no\/wp-json\/wp\/v2\/media?parent=1001"}],"wp:term":[{"taxonomy":"product_brand","embeddable":true,"href":"https:\/\/simplesmile.com\/no\/wp-json\/wp\/v2\/product_brand?post=1001"},{"taxonomy":"product_cat","embeddable":true,"href":"https:\/\/simplesmile.com\/no\/wp-json\/wp\/v2\/product_cat?post=1001"},{"taxonomy":"product_tag","embeddable":true,"href":"https:\/\/simplesmile.com\/no\/wp-json\/wp\/v2\/product_tag?post=1001"}],"curies":[{"name":"wp","href":"https:\/\/api.w.org\/{rel}","templated":true}]}}