{"id":2490,"date":"2023-11-01T08:40:40","date_gmt":"2023-11-01T07:40:40","guid":{"rendered":"https:\/\/simplesmile.com\/produkt\/simplesmile-multifunctional-super-white-toothpaste-75-ml\/"},"modified":"2024-03-24T17:43:00","modified_gmt":"2024-03-24T16:43:00","slug":"simplesmile-multifunctional-super-white-toothpaste-75-ml","status":"publish","type":"product","link":"https:\/\/simplesmile.com\/no\/produkt\/simplesmile-multifunctional-super-white-toothpaste-75-ml\/","title":{"rendered":"SimpleSmile\u00ae Multifunctional SUPER WHITE TANNKREM, 75 ml"},"content":{"rendered":"<p>SuperWhite fra SimpleSmile er en tannkrem fylt med nye ingredienser som ingen noen gang har inkludert i en tannkrem f\u00f8r \u2013 for eksempel unikt hvitt kull for \u00e5 absorbere giftstoffer og d\u00e5rlig lukt, hyaluronsyre for anti-inflammatorisk tannkj\u00f8tthelse og vitamin C for generell styrke bare for \u00e5 nevne noen.<\/p>\n<p>For \u00e5 bleke tenner Kalsiumperoksid oppl\u00f8ses, proteinpellikkelen p\u00e5 tennene som tiltrekker flekker til tannoverflaten og holder dem fanget. N\u00e5r proteinpellikkelen er oppl\u00f8st, fjernes alle flekkene som fester seg til pellikkelen forsiktig fra tennene uten harde ingredienser som hydrogenperoksid. Kalsiumperoksids langsomme oksygenfrigj\u00f8rende egenskaper gj\u00f8r det ogs\u00e5 til et ideelt, kostnadseffektivt, hyllestabilt og naturlig alternativ for bleking av tenner. Daglig bruk av tannkremen i uker og m\u00e5neder, den lille mengden oksygen som frigj\u00f8res, har en jevn blekende effekt uten sterke slipemidler eller sterke vaskemidler.<\/p>\n<p>I tillegg har vi en h\u00f8y konsentrasjon av ftalimidoperoksykapronsyre (PAP) som er et tryggere alternativ til tradisjonelle blekeingredienser og det aktive blekemiddelet. PAP har vist seg \u00e5 bleke effektivt uten \u00e5 for\u00e5rsake skade p\u00e5 tannens indre eller ytre struktur.<\/p>\n<p>PAP er en ny, ikke-peroksid OTC-blekegel som inneholder ftalimidoperoksykapronsyre (PAP) og granateplefruktekstrakt som aktive ingredienser og har et h\u00f8yt potensial for oksidasjon med frigj\u00f8ring av aktivt oksygen. i samsvar med EU Cosmetic PAP er i samsvar med forordning (EC) 1223\/2009. Phthalimido peroxy capronsyre (PAP) kjemisk struktur:<\/p>\n<p>Den kjemiske strukturen: phthalimido peroxy capronsyre (PAP) har tre (3) oksygensidekjeder og en oksygen\/hydroksylterminal, som kan frigj\u00f8res som oksygen-singletter, ved kombinasjonen av spyttenzymer og granateplefruktenzymer (fra ekstrakt) som virker p\u00e5<\/p>\n<p>PAP. Disse oksygen-singlets kan brukes til \u00e5 bryte karbon-dobbeltbindingene til flekkmolekyler, og dermed gj\u00f8re dem mindre fargede og til slutt blekende tenner.<\/p>\n<p>(PAP), en organisk persyre som inneholder et h\u00f8yt potensial for oksidasjon p\u00e5 grunn av tilgjengeligheten av oksygensidekjeder som kan spaltes i n\u00e6rv\u00e6r av orale og fruktenzymer. Oksidasjon er n\u00f8dvendig for blekeprosedyren da den n\u00f8ytraliserer organiske dobbeltbindinger. Ytterligere har v\u00e5r Super White &amp; Fresh tannkrem ikke blitt testet p\u00e5 dyr (cruelty free), sulfatfri, 98% naturlig og vegansk.<\/p>\n<p>Hvordan \u00e5 bruke:<\/p>\n<p>Slik bruker du: B\u00f8rst tennene daglig om morgenen og om kvelden i minst 2 minutter med SimpleSmile\u00ae SuperWhite tannkrem og tilsett en slurk vann og virvl rundt i ytterligere 30 sekunder.<\/p>\n<p>Beste forfriskende f\u00f8lelsen noensinne!<\/p>\n<p><strong>Supersmile SuperWhite er:<\/strong><\/p>\n<ul>\n<li>Sulfatfri<\/li>\n<li>Uten parabener<\/li>\n<li>Ikke testet p\u00e5 dyr<\/li>\n<li>Vegansk<\/li>\n<li>97% naturlige ingredienser<\/li>\n<li>Helt fri for Microplaster<\/li>\n<\/ul>\n","protected":false},"excerpt":{"rendered":"<p>It ensures clean, visibly whiter teeth, strengthens the enamel, freshens the breath, and protects against plaque and cavities. Uses the purest and safest ingredients. This is Your toothpaste.<\/p>\n<p>This is a toothpaste for every taste, need and moment; it comes flavored in fresh real Spearmint<\/p>\n","protected":false},"featured_media":2470,"comment_status":"open","ping_status":"closed","template":"","meta":{"_acf_changed":false,"om_disable_all_campaigns":false,"_monsterinsights_skip_tracking":false,"_monsterinsights_sitenote_active":false,"_monsterinsights_sitenote_note":"","_monsterinsights_sitenote_category":0},"product_brand":[],"product_cat":[56,50],"product_tag":[],"class_list":{"0":"post-2490","1":"product","2":"type-product","3":"status-publish","4":"has-post-thumbnail","6":"product_cat-kompletta-kit-no","7":"product_cat-ovrigt-no","9":"first","10":"instock","11":"taxable","12":"shipping-taxable","13":"purchasable","14":"product-type-simple"},"acf":[],"aioseo_notices":[],"shsp-ext":{"main":{},"variations":[]},"yoast_head":"<!-- This site is optimized with the Yoast SEO plugin v27.2 - https:\/\/yoast.com\/product\/yoast-seo-wordpress\/ -->\n<title>SimpleSmile\u00ae Multifunctional SUPER WHITE TANNKREM, 75 ml - SimpleSmile<\/title>\n<meta name=\"robots\" content=\"index, follow, max-snippet:-1, max-image-preview:large, max-video-preview:-1\" \/>\n<link rel=\"canonical\" href=\"https:\/\/simplesmile.com\/no\/produkt\/simplesmile-multifunctional-super-white-toothpaste-75-ml\/\" \/>\n<meta property=\"og:locale\" content=\"nb_NO\" \/>\n<meta property=\"og:type\" content=\"article\" \/>\n<meta property=\"og:title\" content=\"SimpleSmile\u00ae Multifunctional SUPER WHITE TANNKREM, 75 ml - SimpleSmile\" \/>\n<meta property=\"og:description\" content=\"It ensures clean, visibly whiter teeth, strengthens the enamel, freshens the breath, and protects against plaque and cavities. Uses the purest and safest ingredients. This is Your toothpaste.  This is a toothpaste for every taste, need and moment; it comes flavored in fresh real Spearmint\" \/>\n<meta property=\"og:url\" content=\"https:\/\/simplesmile.com\/no\/produkt\/simplesmile-multifunctional-super-white-toothpaste-75-ml\/\" \/>\n<meta property=\"og:site_name\" content=\"SimpleSmile\" \/>\n<meta property=\"article:modified_time\" content=\"2024-03-24T16:43:00+00:00\" \/>\n<meta property=\"og:image\" content=\"https:\/\/simplesmile.com\/wp-content\/uploads\/2023\/11\/SimpleSmile\u00ae-SUPERWHITE-box-tube.jpeg\" \/>\n\t<meta property=\"og:image:width\" content=\"480\" \/>\n\t<meta property=\"og:image:height\" content=\"640\" \/>\n\t<meta property=\"og:image:type\" content=\"image\/jpeg\" \/>\n<meta name=\"twitter:card\" content=\"summary_large_image\" \/>\n<meta name=\"twitter:label1\" content=\"Ansl. lesetid\" \/>\n\t<meta name=\"twitter:data1\" content=\"2 minutter\" \/>\n<script type=\"application\/ld+json\" class=\"yoast-schema-graph\">{\"@context\":\"https:\/\/schema.org\",\"@graph\":[{\"@type\":\"WebPage\",\"@id\":\"https:\/\/simplesmile.com\/no\/produkt\/simplesmile-multifunctional-super-white-toothpaste-75-ml\/\",\"url\":\"https:\/\/simplesmile.com\/no\/produkt\/simplesmile-multifunctional-super-white-toothpaste-75-ml\/\",\"name\":\"SimpleSmile\u00ae Multifunctional SUPER WHITE TANNKREM, 75 ml - SimpleSmile\",\"isPartOf\":{\"@id\":\"https:\/\/simplesmile.com\/sv\/#website\"},\"primaryImageOfPage\":{\"@id\":\"https:\/\/simplesmile.com\/no\/produkt\/simplesmile-multifunctional-super-white-toothpaste-75-ml\/#primaryimage\"},\"image\":{\"@id\":\"https:\/\/simplesmile.com\/no\/produkt\/simplesmile-multifunctional-super-white-toothpaste-75-ml\/#primaryimage\"},\"thumbnailUrl\":\"https:\/\/simplesmile.com\/wp-content\/uploads\/2023\/11\/SimpleSmile\u00ae-SUPERWHITE-box-tube.jpeg\",\"datePublished\":\"2023-11-01T07:40:40+00:00\",\"dateModified\":\"2024-03-24T16:43:00+00:00\",\"breadcrumb\":{\"@id\":\"https:\/\/simplesmile.com\/no\/produkt\/simplesmile-multifunctional-super-white-toothpaste-75-ml\/#breadcrumb\"},\"inLanguage\":\"nb-NO\",\"potentialAction\":[{\"@type\":\"ReadAction\",\"target\":[\"https:\/\/simplesmile.com\/no\/produkt\/simplesmile-multifunctional-super-white-toothpaste-75-ml\/\"]}]},{\"@type\":\"ImageObject\",\"inLanguage\":\"nb-NO\",\"@id\":\"https:\/\/simplesmile.com\/no\/produkt\/simplesmile-multifunctional-super-white-toothpaste-75-ml\/#primaryimage\",\"url\":\"https:\/\/simplesmile.com\/wp-content\/uploads\/2023\/11\/SimpleSmile\u00ae-SUPERWHITE-box-tube.jpeg\",\"contentUrl\":\"https:\/\/simplesmile.com\/wp-content\/uploads\/2023\/11\/SimpleSmile\u00ae-SUPERWHITE-box-tube.jpeg\",\"width\":480,\"height\":640},{\"@type\":\"BreadcrumbList\",\"@id\":\"https:\/\/simplesmile.com\/no\/produkt\/simplesmile-multifunctional-super-white-toothpaste-75-ml\/#breadcrumb\",\"itemListElement\":[{\"@type\":\"ListItem\",\"position\":1,\"name\":\"Home\",\"item\":\"https:\/\/simplesmile.com\/no\/\"},{\"@type\":\"ListItem\",\"position\":2,\"name\":\"Webbutik\",\"item\":\"https:\/\/simplesmile.com\/sv\/butik\/\"},{\"@type\":\"ListItem\",\"position\":3,\"name\":\"SimpleSmile\u00ae Multifunctional SUPER WHITE TANNKREM, 75 ml\"}]},{\"@type\":\"WebSite\",\"@id\":\"https:\/\/simplesmile.com\/sv\/#website\",\"url\":\"https:\/\/simplesmile.com\/sv\/\",\"name\":\"SimpleSmile\",\"description\":\"Vitare t\u00e4nder med garanterat resultat\",\"potentialAction\":[{\"@type\":\"SearchAction\",\"target\":{\"@type\":\"EntryPoint\",\"urlTemplate\":\"https:\/\/simplesmile.com\/sv\/?s={search_term_string}\"},\"query-input\":{\"@type\":\"PropertyValueSpecification\",\"valueRequired\":true,\"valueName\":\"search_term_string\"}}],\"inLanguage\":\"nb-NO\"}]}<\/script>\n<!-- \/ Yoast SEO plugin. -->","yoast_head_json":{"title":"SimpleSmile\u00ae Multifunctional SUPER WHITE TANNKREM, 75 ml - SimpleSmile","robots":{"index":"index","follow":"follow","max-snippet":"max-snippet:-1","max-image-preview":"max-image-preview:large","max-video-preview":"max-video-preview:-1"},"canonical":"https:\/\/simplesmile.com\/no\/produkt\/simplesmile-multifunctional-super-white-toothpaste-75-ml\/","og_locale":"nb_NO","og_type":"article","og_title":"SimpleSmile\u00ae Multifunctional SUPER WHITE TANNKREM, 75 ml - SimpleSmile","og_description":"It ensures clean, visibly whiter teeth, strengthens the enamel, freshens the breath, and protects against plaque and cavities. Uses the purest and safest ingredients. This is Your toothpaste.  This is a toothpaste for every taste, need and moment; it comes flavored in fresh real Spearmint","og_url":"https:\/\/simplesmile.com\/no\/produkt\/simplesmile-multifunctional-super-white-toothpaste-75-ml\/","og_site_name":"SimpleSmile","article_modified_time":"2024-03-24T16:43:00+00:00","og_image":[{"width":480,"height":640,"url":"https:\/\/simplesmile.com\/wp-content\/uploads\/2023\/11\/SimpleSmile\u00ae-SUPERWHITE-box-tube.jpeg","type":"image\/jpeg"}],"twitter_card":"summary_large_image","twitter_misc":{"Ansl. lesetid":"2 minutter"},"schema":{"@context":"https:\/\/schema.org","@graph":[{"@type":"WebPage","@id":"https:\/\/simplesmile.com\/no\/produkt\/simplesmile-multifunctional-super-white-toothpaste-75-ml\/","url":"https:\/\/simplesmile.com\/no\/produkt\/simplesmile-multifunctional-super-white-toothpaste-75-ml\/","name":"SimpleSmile\u00ae Multifunctional SUPER WHITE TANNKREM, 75 ml - SimpleSmile","isPartOf":{"@id":"https:\/\/simplesmile.com\/sv\/#website"},"primaryImageOfPage":{"@id":"https:\/\/simplesmile.com\/no\/produkt\/simplesmile-multifunctional-super-white-toothpaste-75-ml\/#primaryimage"},"image":{"@id":"https:\/\/simplesmile.com\/no\/produkt\/simplesmile-multifunctional-super-white-toothpaste-75-ml\/#primaryimage"},"thumbnailUrl":"https:\/\/simplesmile.com\/wp-content\/uploads\/2023\/11\/SimpleSmile\u00ae-SUPERWHITE-box-tube.jpeg","datePublished":"2023-11-01T07:40:40+00:00","dateModified":"2024-03-24T16:43:00+00:00","breadcrumb":{"@id":"https:\/\/simplesmile.com\/no\/produkt\/simplesmile-multifunctional-super-white-toothpaste-75-ml\/#breadcrumb"},"inLanguage":"nb-NO","potentialAction":[{"@type":"ReadAction","target":["https:\/\/simplesmile.com\/no\/produkt\/simplesmile-multifunctional-super-white-toothpaste-75-ml\/"]}]},{"@type":"ImageObject","inLanguage":"nb-NO","@id":"https:\/\/simplesmile.com\/no\/produkt\/simplesmile-multifunctional-super-white-toothpaste-75-ml\/#primaryimage","url":"https:\/\/simplesmile.com\/wp-content\/uploads\/2023\/11\/SimpleSmile\u00ae-SUPERWHITE-box-tube.jpeg","contentUrl":"https:\/\/simplesmile.com\/wp-content\/uploads\/2023\/11\/SimpleSmile\u00ae-SUPERWHITE-box-tube.jpeg","width":480,"height":640},{"@type":"BreadcrumbList","@id":"https:\/\/simplesmile.com\/no\/produkt\/simplesmile-multifunctional-super-white-toothpaste-75-ml\/#breadcrumb","itemListElement":[{"@type":"ListItem","position":1,"name":"Home","item":"https:\/\/simplesmile.com\/no\/"},{"@type":"ListItem","position":2,"name":"Webbutik","item":"https:\/\/simplesmile.com\/sv\/butik\/"},{"@type":"ListItem","position":3,"name":"SimpleSmile\u00ae Multifunctional SUPER WHITE TANNKREM, 75 ml"}]},{"@type":"WebSite","@id":"https:\/\/simplesmile.com\/sv\/#website","url":"https:\/\/simplesmile.com\/sv\/","name":"SimpleSmile","description":"Vitare t\u00e4nder med garanterat resultat","potentialAction":[{"@type":"SearchAction","target":{"@type":"EntryPoint","urlTemplate":"https:\/\/simplesmile.com\/sv\/?s={search_term_string}"},"query-input":{"@type":"PropertyValueSpecification","valueRequired":true,"valueName":"search_term_string"}}],"inLanguage":"nb-NO"}]}},"_links":{"self":[{"href":"https:\/\/simplesmile.com\/no\/wp-json\/wp\/v2\/product\/2490","targetHints":{"allow":["GET"]}}],"collection":[{"href":"https:\/\/simplesmile.com\/no\/wp-json\/wp\/v2\/product"}],"about":[{"href":"https:\/\/simplesmile.com\/no\/wp-json\/wp\/v2\/types\/product"}],"replies":[{"embeddable":true,"href":"https:\/\/simplesmile.com\/no\/wp-json\/wp\/v2\/comments?post=2490"}],"wp:featuredmedia":[{"embeddable":true,"href":"https:\/\/simplesmile.com\/no\/wp-json\/wp\/v2\/media\/2470"}],"wp:attachment":[{"href":"https:\/\/simplesmile.com\/no\/wp-json\/wp\/v2\/media?parent=2490"}],"wp:term":[{"taxonomy":"product_brand","embeddable":true,"href":"https:\/\/simplesmile.com\/no\/wp-json\/wp\/v2\/product_brand?post=2490"},{"taxonomy":"product_cat","embeddable":true,"href":"https:\/\/simplesmile.com\/no\/wp-json\/wp\/v2\/product_cat?post=2490"},{"taxonomy":"product_tag","embeddable":true,"href":"https:\/\/simplesmile.com\/no\/wp-json\/wp\/v2\/product_tag?post=2490"}],"curies":[{"name":"wp","href":"https:\/\/api.w.org\/{rel}","templated":true}]}}