{"id":973,"date":"2020-10-20T15:12:46","date_gmt":"2020-10-20T13:12:46","guid":{"rendered":"https:\/\/simplesmile.hemsida.eu\/produkt\/simplesmile-start-kit\/"},"modified":"2024-10-13T07:40:44","modified_gmt":"2024-10-13T05:40:44","slug":"simplesmile-start-kit","status":"publish","type":"product","link":"https:\/\/simplesmile.com\/no\/produkt\/simplesmile-start-kit\/","title":{"rendered":"SIMPLESMILE\u00ae Start Kit"},"content":{"rendered":"<p>Simplesmile\u00ae Start Kit gir en 100% peroksydfri tannbleking, helt uten irritasjon eller andre bivirkninger i tenner og tannkj\u00f8tt. Tannblekningsgel i startpakken er basert p\u00e5 en teknologi med en aktiv blekingsingrediens (32% bikarbonat) som sammen med rengj\u00f8ringsstoffene fjerner misfarging og gir en hvitere tannflate.<br \/>\nDe medf\u00f8lgende munnskinnene er tilpasset den respektive raden av tenner og gir optimal kontakt mellom tannblekningsgel og tennene for best effekt.<\/p>\n<p>Behandlingen tar bare 15 minutter, og gelen er nok til ca. 10 applikasjoner. Vi anbefaler at du fullf\u00f8rer hele forl\u00f8pet til gelen er ferdig og deretter gjentar om n\u00f8dvendig, v\u00e5r anbefaling er \u00e5 fullf\u00f8re et komplett behandlingsregime omtrent hver tredje m\u00e5ned. Skinnene kan rengj\u00f8res og lagres til neste gang.<\/p>\n<p>Pakken inneholder tannblekningsgel med en frisk melonsmak (10 ml), 3 formbare munnskinner, en skyggeveiledning og bruksanvisning.<\/p>\n<p>Simplesmile\u00ae er et trygt og velpr\u00f8vd produkt som overholder alle regler og lover ang\u00e5ende tannblekingsprodukter. Testet og godkjent av en tannlege.<\/p>\n","protected":false},"excerpt":{"rendered":"<p>Simplesmile\u00ae Start Kit er v\u00e5r popul\u00e6re bestselger med alt du trenger for \u00e5 raskt, enkelt og effektivt f\u00e5 et hvitere smil. Pakken inneholder Start Kit tannblekningsgel (10 ml), 3 formbare munnskinner, en skyggeveiledning og bruksanvisning.<\/p>\n","protected":false},"featured_media":1251,"comment_status":"open","ping_status":"closed","template":"","meta":{"_acf_changed":false,"om_disable_all_campaigns":false,"_monsterinsights_skip_tracking":false,"_monsterinsights_sitenote_active":false,"_monsterinsights_sitenote_note":"","_monsterinsights_sitenote_category":0},"product_brand":[],"product_cat":[56],"product_tag":[],"class_list":{"0":"post-973","1":"product","2":"type-product","3":"status-publish","4":"has-post-thumbnail","6":"product_cat-kompletta-kit-no","8":"first","9":"instock","10":"taxable","11":"shipping-taxable","12":"purchasable","13":"product-type-simple"},"acf":[],"aioseo_notices":[],"shsp-ext":{"main":{},"variations":[]},"yoast_head":"<!-- This site is optimized with the Yoast SEO plugin v27.2 - https:\/\/yoast.com\/product\/yoast-seo-wordpress\/ -->\n<title>SIMPLESMILE\u00ae Start Kit - SimpleSmile<\/title>\n<meta name=\"robots\" content=\"index, follow, max-snippet:-1, max-image-preview:large, max-video-preview:-1\" \/>\n<link rel=\"canonical\" href=\"https:\/\/simplesmile.com\/no\/produkt\/simplesmile-start-kit\/\" \/>\n<meta property=\"og:locale\" content=\"nb_NO\" \/>\n<meta property=\"og:type\" content=\"article\" \/>\n<meta property=\"og:title\" content=\"SIMPLESMILE\u00ae Start Kit - SimpleSmile\" \/>\n<meta property=\"og:description\" content=\"Simplesmile\u00ae Start Kit er v\u00e5r popul\u00e6re bestselger med alt du trenger for \u00e5 raskt, enkelt og effektivt f\u00e5 et hvitere smil. Pakken inneholder Start Kit tannblekningsgel (10 ml), 3 formbare munnskinner, en skyggeveiledning og bruksanvisning.\" \/>\n<meta property=\"og:url\" content=\"https:\/\/simplesmile.com\/no\/produkt\/simplesmile-start-kit\/\" \/>\n<meta property=\"og:site_name\" content=\"SimpleSmile\" \/>\n<meta property=\"article:modified_time\" content=\"2024-10-13T05:40:44+00:00\" \/>\n<meta property=\"og:image\" content=\"https:\/\/simplesmile.com\/wp-content\/uploads\/2020\/10\/SS1200_start_kit-3.jpg\" \/>\n\t<meta property=\"og:image:width\" content=\"1026\" \/>\n\t<meta property=\"og:image:height\" content=\"769\" \/>\n\t<meta property=\"og:image:type\" content=\"image\/jpeg\" \/>\n<meta name=\"twitter:card\" content=\"summary_large_image\" \/>\n<meta name=\"twitter:label1\" content=\"Ansl. lesetid\" \/>\n\t<meta name=\"twitter:data1\" content=\"1 minutt\" \/>\n<script type=\"application\/ld+json\" class=\"yoast-schema-graph\">{\"@context\":\"https:\/\/schema.org\",\"@graph\":[{\"@type\":\"WebPage\",\"@id\":\"https:\/\/simplesmile.com\/no\/produkt\/simplesmile-start-kit\/\",\"url\":\"https:\/\/simplesmile.com\/no\/produkt\/simplesmile-start-kit\/\",\"name\":\"SIMPLESMILE\u00ae Start Kit - SimpleSmile\",\"isPartOf\":{\"@id\":\"https:\/\/simplesmile.com\/sv\/#website\"},\"primaryImageOfPage\":{\"@id\":\"https:\/\/simplesmile.com\/no\/produkt\/simplesmile-start-kit\/#primaryimage\"},\"image\":{\"@id\":\"https:\/\/simplesmile.com\/no\/produkt\/simplesmile-start-kit\/#primaryimage\"},\"thumbnailUrl\":\"https:\/\/simplesmile.com\/wp-content\/uploads\/2020\/10\/SS1200_start_kit-3.jpg\",\"datePublished\":\"2020-10-20T13:12:46+00:00\",\"dateModified\":\"2024-10-13T05:40:44+00:00\",\"breadcrumb\":{\"@id\":\"https:\/\/simplesmile.com\/no\/produkt\/simplesmile-start-kit\/#breadcrumb\"},\"inLanguage\":\"nb-NO\",\"potentialAction\":[{\"@type\":\"ReadAction\",\"target\":[\"https:\/\/simplesmile.com\/no\/produkt\/simplesmile-start-kit\/\"]}]},{\"@type\":\"ImageObject\",\"inLanguage\":\"nb-NO\",\"@id\":\"https:\/\/simplesmile.com\/no\/produkt\/simplesmile-start-kit\/#primaryimage\",\"url\":\"https:\/\/simplesmile.com\/wp-content\/uploads\/2020\/10\/SS1200_start_kit-3.jpg\",\"contentUrl\":\"https:\/\/simplesmile.com\/wp-content\/uploads\/2020\/10\/SS1200_start_kit-3.jpg\",\"width\":1026,\"height\":769},{\"@type\":\"BreadcrumbList\",\"@id\":\"https:\/\/simplesmile.com\/no\/produkt\/simplesmile-start-kit\/#breadcrumb\",\"itemListElement\":[{\"@type\":\"ListItem\",\"position\":1,\"name\":\"Home\",\"item\":\"https:\/\/simplesmile.com\/no\/\"},{\"@type\":\"ListItem\",\"position\":2,\"name\":\"Webbutik\",\"item\":\"https:\/\/simplesmile.com\/sv\/butik\/\"},{\"@type\":\"ListItem\",\"position\":3,\"name\":\"SIMPLESMILE\u00ae Start Kit\"}]},{\"@type\":\"WebSite\",\"@id\":\"https:\/\/simplesmile.com\/sv\/#website\",\"url\":\"https:\/\/simplesmile.com\/sv\/\",\"name\":\"SimpleSmile\",\"description\":\"Vitare t\u00e4nder med garanterat resultat\",\"potentialAction\":[{\"@type\":\"SearchAction\",\"target\":{\"@type\":\"EntryPoint\",\"urlTemplate\":\"https:\/\/simplesmile.com\/sv\/?s={search_term_string}\"},\"query-input\":{\"@type\":\"PropertyValueSpecification\",\"valueRequired\":true,\"valueName\":\"search_term_string\"}}],\"inLanguage\":\"nb-NO\"}]}<\/script>\n<!-- \/ Yoast SEO plugin. -->","yoast_head_json":{"title":"SIMPLESMILE\u00ae Start Kit - SimpleSmile","robots":{"index":"index","follow":"follow","max-snippet":"max-snippet:-1","max-image-preview":"max-image-preview:large","max-video-preview":"max-video-preview:-1"},"canonical":"https:\/\/simplesmile.com\/no\/produkt\/simplesmile-start-kit\/","og_locale":"nb_NO","og_type":"article","og_title":"SIMPLESMILE\u00ae Start Kit - SimpleSmile","og_description":"Simplesmile\u00ae Start Kit er v\u00e5r popul\u00e6re bestselger med alt du trenger for \u00e5 raskt, enkelt og effektivt f\u00e5 et hvitere smil. Pakken inneholder Start Kit tannblekningsgel (10 ml), 3 formbare munnskinner, en skyggeveiledning og bruksanvisning.","og_url":"https:\/\/simplesmile.com\/no\/produkt\/simplesmile-start-kit\/","og_site_name":"SimpleSmile","article_modified_time":"2024-10-13T05:40:44+00:00","og_image":[{"width":1026,"height":769,"url":"https:\/\/simplesmile.com\/wp-content\/uploads\/2020\/10\/SS1200_start_kit-3.jpg","type":"image\/jpeg"}],"twitter_card":"summary_large_image","twitter_misc":{"Ansl. lesetid":"1 minutt"},"schema":{"@context":"https:\/\/schema.org","@graph":[{"@type":"WebPage","@id":"https:\/\/simplesmile.com\/no\/produkt\/simplesmile-start-kit\/","url":"https:\/\/simplesmile.com\/no\/produkt\/simplesmile-start-kit\/","name":"SIMPLESMILE\u00ae Start Kit - SimpleSmile","isPartOf":{"@id":"https:\/\/simplesmile.com\/sv\/#website"},"primaryImageOfPage":{"@id":"https:\/\/simplesmile.com\/no\/produkt\/simplesmile-start-kit\/#primaryimage"},"image":{"@id":"https:\/\/simplesmile.com\/no\/produkt\/simplesmile-start-kit\/#primaryimage"},"thumbnailUrl":"https:\/\/simplesmile.com\/wp-content\/uploads\/2020\/10\/SS1200_start_kit-3.jpg","datePublished":"2020-10-20T13:12:46+00:00","dateModified":"2024-10-13T05:40:44+00:00","breadcrumb":{"@id":"https:\/\/simplesmile.com\/no\/produkt\/simplesmile-start-kit\/#breadcrumb"},"inLanguage":"nb-NO","potentialAction":[{"@type":"ReadAction","target":["https:\/\/simplesmile.com\/no\/produkt\/simplesmile-start-kit\/"]}]},{"@type":"ImageObject","inLanguage":"nb-NO","@id":"https:\/\/simplesmile.com\/no\/produkt\/simplesmile-start-kit\/#primaryimage","url":"https:\/\/simplesmile.com\/wp-content\/uploads\/2020\/10\/SS1200_start_kit-3.jpg","contentUrl":"https:\/\/simplesmile.com\/wp-content\/uploads\/2020\/10\/SS1200_start_kit-3.jpg","width":1026,"height":769},{"@type":"BreadcrumbList","@id":"https:\/\/simplesmile.com\/no\/produkt\/simplesmile-start-kit\/#breadcrumb","itemListElement":[{"@type":"ListItem","position":1,"name":"Home","item":"https:\/\/simplesmile.com\/no\/"},{"@type":"ListItem","position":2,"name":"Webbutik","item":"https:\/\/simplesmile.com\/sv\/butik\/"},{"@type":"ListItem","position":3,"name":"SIMPLESMILE\u00ae Start Kit"}]},{"@type":"WebSite","@id":"https:\/\/simplesmile.com\/sv\/#website","url":"https:\/\/simplesmile.com\/sv\/","name":"SimpleSmile","description":"Vitare t\u00e4nder med garanterat resultat","potentialAction":[{"@type":"SearchAction","target":{"@type":"EntryPoint","urlTemplate":"https:\/\/simplesmile.com\/sv\/?s={search_term_string}"},"query-input":{"@type":"PropertyValueSpecification","valueRequired":true,"valueName":"search_term_string"}}],"inLanguage":"nb-NO"}]}},"_links":{"self":[{"href":"https:\/\/simplesmile.com\/no\/wp-json\/wp\/v2\/product\/973","targetHints":{"allow":["GET"]}}],"collection":[{"href":"https:\/\/simplesmile.com\/no\/wp-json\/wp\/v2\/product"}],"about":[{"href":"https:\/\/simplesmile.com\/no\/wp-json\/wp\/v2\/types\/product"}],"replies":[{"embeddable":true,"href":"https:\/\/simplesmile.com\/no\/wp-json\/wp\/v2\/comments?post=973"}],"wp:featuredmedia":[{"embeddable":true,"href":"https:\/\/simplesmile.com\/no\/wp-json\/wp\/v2\/media\/1251"}],"wp:attachment":[{"href":"https:\/\/simplesmile.com\/no\/wp-json\/wp\/v2\/media?parent=973"}],"wp:term":[{"taxonomy":"product_brand","embeddable":true,"href":"https:\/\/simplesmile.com\/no\/wp-json\/wp\/v2\/product_brand?post=973"},{"taxonomy":"product_cat","embeddable":true,"href":"https:\/\/simplesmile.com\/no\/wp-json\/wp\/v2\/product_cat?post=973"},{"taxonomy":"product_tag","embeddable":true,"href":"https:\/\/simplesmile.com\/no\/wp-json\/wp\/v2\/product_tag?post=973"}],"curies":[{"name":"wp","href":"https:\/\/api.w.org\/{rel}","templated":true}]}}