{"id":996,"date":"2020-11-19T11:21:17","date_gmt":"2020-11-19T10:21:17","guid":{"rendered":"https:\/\/simplesmile.hemsida.eu\/produkt\/simplesmile-teeth-whitening-x4-expert-kit\/"},"modified":"2024-07-29T13:20:28","modified_gmt":"2024-07-29T11:20:28","slug":"simplesmile-teeth-whitening-x4-expert-kit","status":"publish","type":"product","link":"https:\/\/simplesmile.com\/no\/produkt\/simplesmile-teeth-whitening-x4-expert-kit\/","title":{"rendered":"SIMPLESMILE\u00ae Expert Kit"},"content":{"rendered":"<p>Expert Kit er et komplett tannblekingssett for effektiv bleking av tenner hjemme raskt, enkelt og forsiktig. Den inneholder 10 ml Triple Boost Max tannblekingsgel, som brukes sammen med de medf\u00f8lgende munnskinnene som er designet individuelt ved hjelp av varmt vann.<\/p>\n<p>Gelen inneholder flere aktive ingredienser, inkludert PAP, natriumbikarbonat og kokosn\u00f8tsulfat som fungerer sammen for \u00e5 effektivt rense og bleke tennene. PAP er en organisk ingrediens som resulterer i en h\u00f8y grad av oksidasjon. Oksidering er n\u00f8dvendig for blekeprosessen fordi den n\u00f8ytraliserer organiske bindinger som for\u00e5rsaker misfarging i tennene.<\/p>\n<p>Expert Kit tannblekningsgel er 100% peroksydfri, ingen irritasjoner eller andre ubehagelige bivirkninger i tenner eller tannkj\u00f8tt.<\/p>\n<p>Pakken inneholder Expert Kit X4 tannblekningsgel (10 ml), 3 x formbare munnskinner, applikator og bruksanvisning.<\/p>\n<p>*Phthalimidoperoxycaproic acid<\/p>\n","protected":false},"excerpt":{"rendered":"<p>Simplesmile\u00ae Expert Kit inneholder v\u00e5r mest effektive tannblekningsgel for maksimale resultater i tannbleking. Pakken inneholder Expert Kit X4 tannblekningsgel (10 ml), 3 x formbare munnskinner, applikator og bruksanvisning.<\/p>\n","protected":false},"featured_media":1204,"comment_status":"open","ping_status":"closed","template":"","meta":{"_acf_changed":false,"om_disable_all_campaigns":false,"_monsterinsights_skip_tracking":false,"_monsterinsights_sitenote_active":false,"_monsterinsights_sitenote_note":"","_monsterinsights_sitenote_category":0},"product_brand":[],"product_cat":[56],"product_tag":[],"class_list":{"0":"post-996","1":"product","2":"type-product","3":"status-publish","4":"has-post-thumbnail","6":"product_cat-kompletta-kit-no","8":"first","9":"instock","10":"sale","11":"taxable","12":"shipping-taxable","13":"purchasable","14":"product-type-simple"},"acf":[],"aioseo_notices":[],"shsp-ext":{"main":{},"variations":[]},"yoast_head":"<!-- This site is optimized with the Yoast SEO plugin v27.2 - https:\/\/yoast.com\/product\/yoast-seo-wordpress\/ -->\n<title>SIMPLESMILE\u00ae Expert Kit - SimpleSmile<\/title>\n<meta name=\"robots\" content=\"index, follow, max-snippet:-1, max-image-preview:large, max-video-preview:-1\" \/>\n<link rel=\"canonical\" href=\"https:\/\/simplesmile.com\/no\/produkt\/simplesmile-teeth-whitening-x4-expert-kit\/\" \/>\n<meta property=\"og:locale\" content=\"nb_NO\" \/>\n<meta property=\"og:type\" content=\"article\" \/>\n<meta property=\"og:title\" content=\"SIMPLESMILE\u00ae Expert Kit - SimpleSmile\" \/>\n<meta property=\"og:description\" content=\"Simplesmile\u00ae Expert Kit inneholder v\u00e5r mest effektive tannblekningsgel for maksimale resultater i tannbleking. Pakken inneholder Expert Kit X4 tannblekningsgel (10 ml), 3 x formbare munnskinner, applikator og bruksanvisning.\" \/>\n<meta property=\"og:url\" content=\"https:\/\/simplesmile.com\/no\/produkt\/simplesmile-teeth-whitening-x4-expert-kit\/\" \/>\n<meta property=\"og:site_name\" content=\"SimpleSmile\" \/>\n<meta property=\"article:modified_time\" content=\"2024-07-29T11:20:28+00:00\" \/>\n<meta property=\"og:image\" content=\"https:\/\/simplesmile.com\/wp-content\/uploads\/2020\/11\/Simplesmile-Expert-Kit.jpg\" \/>\n\t<meta property=\"og:image:width\" content=\"1417\" \/>\n\t<meta property=\"og:image:height\" content=\"1063\" \/>\n\t<meta property=\"og:image:type\" content=\"image\/jpeg\" \/>\n<meta name=\"twitter:card\" content=\"summary_large_image\" \/>\n<meta name=\"twitter:label1\" content=\"Ansl. lesetid\" \/>\n\t<meta name=\"twitter:data1\" content=\"1 minutt\" \/>\n<script type=\"application\/ld+json\" class=\"yoast-schema-graph\">{\"@context\":\"https:\/\/schema.org\",\"@graph\":[{\"@type\":\"WebPage\",\"@id\":\"https:\/\/simplesmile.com\/no\/produkt\/simplesmile-teeth-whitening-x4-expert-kit\/\",\"url\":\"https:\/\/simplesmile.com\/no\/produkt\/simplesmile-teeth-whitening-x4-expert-kit\/\",\"name\":\"SIMPLESMILE\u00ae Expert Kit - SimpleSmile\",\"isPartOf\":{\"@id\":\"https:\/\/simplesmile.com\/sv\/#website\"},\"primaryImageOfPage\":{\"@id\":\"https:\/\/simplesmile.com\/no\/produkt\/simplesmile-teeth-whitening-x4-expert-kit\/#primaryimage\"},\"image\":{\"@id\":\"https:\/\/simplesmile.com\/no\/produkt\/simplesmile-teeth-whitening-x4-expert-kit\/#primaryimage\"},\"thumbnailUrl\":\"https:\/\/simplesmile.com\/wp-content\/uploads\/2020\/11\/Simplesmile-Expert-Kit.jpg\",\"datePublished\":\"2020-11-19T10:21:17+00:00\",\"dateModified\":\"2024-07-29T11:20:28+00:00\",\"breadcrumb\":{\"@id\":\"https:\/\/simplesmile.com\/no\/produkt\/simplesmile-teeth-whitening-x4-expert-kit\/#breadcrumb\"},\"inLanguage\":\"nb-NO\",\"potentialAction\":[{\"@type\":\"ReadAction\",\"target\":[\"https:\/\/simplesmile.com\/no\/produkt\/simplesmile-teeth-whitening-x4-expert-kit\/\"]}]},{\"@type\":\"ImageObject\",\"inLanguage\":\"nb-NO\",\"@id\":\"https:\/\/simplesmile.com\/no\/produkt\/simplesmile-teeth-whitening-x4-expert-kit\/#primaryimage\",\"url\":\"https:\/\/simplesmile.com\/wp-content\/uploads\/2020\/11\/Simplesmile-Expert-Kit.jpg\",\"contentUrl\":\"https:\/\/simplesmile.com\/wp-content\/uploads\/2020\/11\/Simplesmile-Expert-Kit.jpg\",\"width\":1417,\"height\":1063},{\"@type\":\"BreadcrumbList\",\"@id\":\"https:\/\/simplesmile.com\/no\/produkt\/simplesmile-teeth-whitening-x4-expert-kit\/#breadcrumb\",\"itemListElement\":[{\"@type\":\"ListItem\",\"position\":1,\"name\":\"Home\",\"item\":\"https:\/\/simplesmile.com\/no\/\"},{\"@type\":\"ListItem\",\"position\":2,\"name\":\"Webbutik\",\"item\":\"https:\/\/simplesmile.com\/sv\/butik\/\"},{\"@type\":\"ListItem\",\"position\":3,\"name\":\"SIMPLESMILE\u00ae Expert Kit\"}]},{\"@type\":\"WebSite\",\"@id\":\"https:\/\/simplesmile.com\/sv\/#website\",\"url\":\"https:\/\/simplesmile.com\/sv\/\",\"name\":\"SimpleSmile\",\"description\":\"Vitare t\u00e4nder med garanterat resultat\",\"potentialAction\":[{\"@type\":\"SearchAction\",\"target\":{\"@type\":\"EntryPoint\",\"urlTemplate\":\"https:\/\/simplesmile.com\/sv\/?s={search_term_string}\"},\"query-input\":{\"@type\":\"PropertyValueSpecification\",\"valueRequired\":true,\"valueName\":\"search_term_string\"}}],\"inLanguage\":\"nb-NO\"}]}<\/script>\n<!-- \/ Yoast SEO plugin. -->","yoast_head_json":{"title":"SIMPLESMILE\u00ae Expert Kit - SimpleSmile","robots":{"index":"index","follow":"follow","max-snippet":"max-snippet:-1","max-image-preview":"max-image-preview:large","max-video-preview":"max-video-preview:-1"},"canonical":"https:\/\/simplesmile.com\/no\/produkt\/simplesmile-teeth-whitening-x4-expert-kit\/","og_locale":"nb_NO","og_type":"article","og_title":"SIMPLESMILE\u00ae Expert Kit - SimpleSmile","og_description":"Simplesmile\u00ae Expert Kit inneholder v\u00e5r mest effektive tannblekningsgel for maksimale resultater i tannbleking. Pakken inneholder Expert Kit X4 tannblekningsgel (10 ml), 3 x formbare munnskinner, applikator og bruksanvisning.","og_url":"https:\/\/simplesmile.com\/no\/produkt\/simplesmile-teeth-whitening-x4-expert-kit\/","og_site_name":"SimpleSmile","article_modified_time":"2024-07-29T11:20:28+00:00","og_image":[{"width":1417,"height":1063,"url":"https:\/\/simplesmile.com\/wp-content\/uploads\/2020\/11\/Simplesmile-Expert-Kit.jpg","type":"image\/jpeg"}],"twitter_card":"summary_large_image","twitter_misc":{"Ansl. lesetid":"1 minutt"},"schema":{"@context":"https:\/\/schema.org","@graph":[{"@type":"WebPage","@id":"https:\/\/simplesmile.com\/no\/produkt\/simplesmile-teeth-whitening-x4-expert-kit\/","url":"https:\/\/simplesmile.com\/no\/produkt\/simplesmile-teeth-whitening-x4-expert-kit\/","name":"SIMPLESMILE\u00ae Expert Kit - SimpleSmile","isPartOf":{"@id":"https:\/\/simplesmile.com\/sv\/#website"},"primaryImageOfPage":{"@id":"https:\/\/simplesmile.com\/no\/produkt\/simplesmile-teeth-whitening-x4-expert-kit\/#primaryimage"},"image":{"@id":"https:\/\/simplesmile.com\/no\/produkt\/simplesmile-teeth-whitening-x4-expert-kit\/#primaryimage"},"thumbnailUrl":"https:\/\/simplesmile.com\/wp-content\/uploads\/2020\/11\/Simplesmile-Expert-Kit.jpg","datePublished":"2020-11-19T10:21:17+00:00","dateModified":"2024-07-29T11:20:28+00:00","breadcrumb":{"@id":"https:\/\/simplesmile.com\/no\/produkt\/simplesmile-teeth-whitening-x4-expert-kit\/#breadcrumb"},"inLanguage":"nb-NO","potentialAction":[{"@type":"ReadAction","target":["https:\/\/simplesmile.com\/no\/produkt\/simplesmile-teeth-whitening-x4-expert-kit\/"]}]},{"@type":"ImageObject","inLanguage":"nb-NO","@id":"https:\/\/simplesmile.com\/no\/produkt\/simplesmile-teeth-whitening-x4-expert-kit\/#primaryimage","url":"https:\/\/simplesmile.com\/wp-content\/uploads\/2020\/11\/Simplesmile-Expert-Kit.jpg","contentUrl":"https:\/\/simplesmile.com\/wp-content\/uploads\/2020\/11\/Simplesmile-Expert-Kit.jpg","width":1417,"height":1063},{"@type":"BreadcrumbList","@id":"https:\/\/simplesmile.com\/no\/produkt\/simplesmile-teeth-whitening-x4-expert-kit\/#breadcrumb","itemListElement":[{"@type":"ListItem","position":1,"name":"Home","item":"https:\/\/simplesmile.com\/no\/"},{"@type":"ListItem","position":2,"name":"Webbutik","item":"https:\/\/simplesmile.com\/sv\/butik\/"},{"@type":"ListItem","position":3,"name":"SIMPLESMILE\u00ae Expert Kit"}]},{"@type":"WebSite","@id":"https:\/\/simplesmile.com\/sv\/#website","url":"https:\/\/simplesmile.com\/sv\/","name":"SimpleSmile","description":"Vitare t\u00e4nder med garanterat resultat","potentialAction":[{"@type":"SearchAction","target":{"@type":"EntryPoint","urlTemplate":"https:\/\/simplesmile.com\/sv\/?s={search_term_string}"},"query-input":{"@type":"PropertyValueSpecification","valueRequired":true,"valueName":"search_term_string"}}],"inLanguage":"nb-NO"}]}},"_links":{"self":[{"href":"https:\/\/simplesmile.com\/no\/wp-json\/wp\/v2\/product\/996","targetHints":{"allow":["GET"]}}],"collection":[{"href":"https:\/\/simplesmile.com\/no\/wp-json\/wp\/v2\/product"}],"about":[{"href":"https:\/\/simplesmile.com\/no\/wp-json\/wp\/v2\/types\/product"}],"replies":[{"embeddable":true,"href":"https:\/\/simplesmile.com\/no\/wp-json\/wp\/v2\/comments?post=996"}],"wp:featuredmedia":[{"embeddable":true,"href":"https:\/\/simplesmile.com\/no\/wp-json\/wp\/v2\/media\/1204"}],"wp:attachment":[{"href":"https:\/\/simplesmile.com\/no\/wp-json\/wp\/v2\/media?parent=996"}],"wp:term":[{"taxonomy":"product_brand","embeddable":true,"href":"https:\/\/simplesmile.com\/no\/wp-json\/wp\/v2\/product_brand?post=996"},{"taxonomy":"product_cat","embeddable":true,"href":"https:\/\/simplesmile.com\/no\/wp-json\/wp\/v2\/product_cat?post=996"},{"taxonomy":"product_tag","embeddable":true,"href":"https:\/\/simplesmile.com\/no\/wp-json\/wp\/v2\/product_tag?post=996"}],"curies":[{"name":"wp","href":"https:\/\/api.w.org\/{rel}","templated":true}]}}