{"id":998,"date":"2020-11-19T10:34:44","date_gmt":"2020-11-19T09:34:44","guid":{"rendered":"https:\/\/simplesmile.hemsida.eu\/produkt\/simplesmile-teeth-whitening-x4-expert-pen\/"},"modified":"2024-03-17T07:45:01","modified_gmt":"2024-03-17T06:45:01","slug":"simplesmile-teeth-whitening-x4-expert-pen","status":"publish","type":"product","link":"https:\/\/simplesmile.com\/no\/produkt\/simplesmile-teeth-whitening-x4-expert-pen\/","title":{"rendered":"SIMPLESMILE\u00ae Expert Pen"},"content":{"rendered":"<p>Simplesmile\u00ae Expert Pen tilbyr en enkel m\u00e5te \u00e5 opprettholde tennenes hvithet som et supplement til Simplesmile\u00ae komplette tannblekingssett.\u00a0Den er lett \u00e5 ta med, er sk\u00e5nsom mot tenner og tannkj\u00f8tt og kan p\u00e5f\u00f8res s\u00e5 ofte du vil.<\/p>\n<p>Med Expert Pen b\u00f8rster du blekegelen jevnt over tannoverflaten for effektivt \u00e5 forbedre resultatet av tannbleking, eller hvis du vil styrke blekingen p\u00e5 en eller flere individuelle tenner.<\/p>\n<p>Gelen i pennen inneholder flere aktive ingredienser, inkludert PAP, natriumbikarbonat og kokosn\u00f8tsulfat som fungerer sammen for \u00e5 effektivt rense og bleke tennene.<\/p>\n<p>Pakken inneholder 1 x Expert Pen (2 ml), som er nok til ca. 25 behandlinger, skyggeveiledning og bruksanvisning.<\/p>\n","protected":false},"excerpt":{"rendered":"<p>Simplesmile\u00ae Expert Pen tilbyr en enkel m\u00e5te \u00e5 opprettholde tennenes hvithet, n\u00e5r som helst og hvor som helst. Pakken inneholder 1 x Expert Pen (2 ml), som er nok til ca. 25 behandlinger, skyggeveiledning og bruksanvisning.<\/p>\n","protected":false},"featured_media":1228,"comment_status":"open","ping_status":"closed","template":"","meta":{"_acf_changed":false,"om_disable_all_campaigns":false,"_monsterinsights_skip_tracking":false,"_monsterinsights_sitenote_active":false,"_monsterinsights_sitenote_note":"","_monsterinsights_sitenote_category":0},"product_brand":[],"product_cat":[50],"product_tag":[],"class_list":{"0":"post-998","1":"product","2":"type-product","3":"status-publish","4":"has-post-thumbnail","6":"product_cat-ovrigt-no","8":"first","9":"outofstock","10":"taxable","11":"shipping-taxable","12":"purchasable","13":"product-type-simple"},"acf":[],"aioseo_notices":[],"shsp-ext":{"main":{},"variations":[]},"yoast_head":"<!-- This site is optimized with the Yoast SEO plugin v27.2 - https:\/\/yoast.com\/product\/yoast-seo-wordpress\/ -->\n<title>SIMPLESMILE\u00ae Expert Pen - SimpleSmile<\/title>\n<meta name=\"robots\" content=\"index, follow, max-snippet:-1, max-image-preview:large, max-video-preview:-1\" \/>\n<link rel=\"canonical\" href=\"https:\/\/simplesmile.com\/no\/produkt\/simplesmile-teeth-whitening-x4-expert-pen\/\" \/>\n<meta property=\"og:locale\" content=\"nb_NO\" \/>\n<meta property=\"og:type\" content=\"article\" \/>\n<meta property=\"og:title\" content=\"SIMPLESMILE\u00ae Expert Pen - SimpleSmile\" \/>\n<meta property=\"og:description\" content=\"Simplesmile\u00ae Expert Pen tilbyr en enkel m\u00e5te \u00e5 opprettholde tennenes hvithet, n\u00e5r som helst og hvor som helst. Pakken inneholder 1 x Expert Pen (2 ml), som er nok til ca. 25 behandlinger, skyggeveiledning og bruksanvisning.\" \/>\n<meta property=\"og:url\" content=\"https:\/\/simplesmile.com\/no\/produkt\/simplesmile-teeth-whitening-x4-expert-pen\/\" \/>\n<meta property=\"og:site_name\" content=\"SimpleSmile\" \/>\n<meta property=\"article:modified_time\" content=\"2024-03-17T06:45:01+00:00\" \/>\n<meta property=\"og:image\" content=\"https:\/\/simplesmile.com\/wp-content\/uploads\/2020\/11\/Simplesmile-Expert-Pen.jpg\" \/>\n\t<meta property=\"og:image:width\" content=\"1417\" \/>\n\t<meta property=\"og:image:height\" content=\"1063\" \/>\n\t<meta property=\"og:image:type\" content=\"image\/jpeg\" \/>\n<meta name=\"twitter:card\" content=\"summary_large_image\" \/>\n<meta name=\"twitter:label1\" content=\"Ansl. lesetid\" \/>\n\t<meta name=\"twitter:data1\" content=\"1 minutt\" \/>\n<script type=\"application\/ld+json\" class=\"yoast-schema-graph\">{\"@context\":\"https:\/\/schema.org\",\"@graph\":[{\"@type\":\"WebPage\",\"@id\":\"https:\/\/simplesmile.com\/no\/produkt\/simplesmile-teeth-whitening-x4-expert-pen\/\",\"url\":\"https:\/\/simplesmile.com\/no\/produkt\/simplesmile-teeth-whitening-x4-expert-pen\/\",\"name\":\"SIMPLESMILE\u00ae Expert Pen - SimpleSmile\",\"isPartOf\":{\"@id\":\"https:\/\/simplesmile.com\/sv\/#website\"},\"primaryImageOfPage\":{\"@id\":\"https:\/\/simplesmile.com\/no\/produkt\/simplesmile-teeth-whitening-x4-expert-pen\/#primaryimage\"},\"image\":{\"@id\":\"https:\/\/simplesmile.com\/no\/produkt\/simplesmile-teeth-whitening-x4-expert-pen\/#primaryimage\"},\"thumbnailUrl\":\"https:\/\/simplesmile.com\/wp-content\/uploads\/2020\/11\/Simplesmile-Expert-Pen.jpg\",\"datePublished\":\"2020-11-19T09:34:44+00:00\",\"dateModified\":\"2024-03-17T06:45:01+00:00\",\"breadcrumb\":{\"@id\":\"https:\/\/simplesmile.com\/no\/produkt\/simplesmile-teeth-whitening-x4-expert-pen\/#breadcrumb\"},\"inLanguage\":\"nb-NO\",\"potentialAction\":[{\"@type\":\"ReadAction\",\"target\":[\"https:\/\/simplesmile.com\/no\/produkt\/simplesmile-teeth-whitening-x4-expert-pen\/\"]}]},{\"@type\":\"ImageObject\",\"inLanguage\":\"nb-NO\",\"@id\":\"https:\/\/simplesmile.com\/no\/produkt\/simplesmile-teeth-whitening-x4-expert-pen\/#primaryimage\",\"url\":\"https:\/\/simplesmile.com\/wp-content\/uploads\/2020\/11\/Simplesmile-Expert-Pen.jpg\",\"contentUrl\":\"https:\/\/simplesmile.com\/wp-content\/uploads\/2020\/11\/Simplesmile-Expert-Pen.jpg\",\"width\":1417,\"height\":1063},{\"@type\":\"BreadcrumbList\",\"@id\":\"https:\/\/simplesmile.com\/no\/produkt\/simplesmile-teeth-whitening-x4-expert-pen\/#breadcrumb\",\"itemListElement\":[{\"@type\":\"ListItem\",\"position\":1,\"name\":\"Home\",\"item\":\"https:\/\/simplesmile.com\/no\/\"},{\"@type\":\"ListItem\",\"position\":2,\"name\":\"Webbutik\",\"item\":\"https:\/\/simplesmile.com\/sv\/butik\/\"},{\"@type\":\"ListItem\",\"position\":3,\"name\":\"SIMPLESMILE\u00ae Expert Pen\"}]},{\"@type\":\"WebSite\",\"@id\":\"https:\/\/simplesmile.com\/sv\/#website\",\"url\":\"https:\/\/simplesmile.com\/sv\/\",\"name\":\"SimpleSmile\",\"description\":\"Vitare t\u00e4nder med garanterat resultat\",\"potentialAction\":[{\"@type\":\"SearchAction\",\"target\":{\"@type\":\"EntryPoint\",\"urlTemplate\":\"https:\/\/simplesmile.com\/sv\/?s={search_term_string}\"},\"query-input\":{\"@type\":\"PropertyValueSpecification\",\"valueRequired\":true,\"valueName\":\"search_term_string\"}}],\"inLanguage\":\"nb-NO\"}]}<\/script>\n<!-- \/ Yoast SEO plugin. -->","yoast_head_json":{"title":"SIMPLESMILE\u00ae Expert Pen - SimpleSmile","robots":{"index":"index","follow":"follow","max-snippet":"max-snippet:-1","max-image-preview":"max-image-preview:large","max-video-preview":"max-video-preview:-1"},"canonical":"https:\/\/simplesmile.com\/no\/produkt\/simplesmile-teeth-whitening-x4-expert-pen\/","og_locale":"nb_NO","og_type":"article","og_title":"SIMPLESMILE\u00ae Expert Pen - SimpleSmile","og_description":"Simplesmile\u00ae Expert Pen tilbyr en enkel m\u00e5te \u00e5 opprettholde tennenes hvithet, n\u00e5r som helst og hvor som helst. Pakken inneholder 1 x Expert Pen (2 ml), som er nok til ca. 25 behandlinger, skyggeveiledning og bruksanvisning.","og_url":"https:\/\/simplesmile.com\/no\/produkt\/simplesmile-teeth-whitening-x4-expert-pen\/","og_site_name":"SimpleSmile","article_modified_time":"2024-03-17T06:45:01+00:00","og_image":[{"width":1417,"height":1063,"url":"https:\/\/simplesmile.com\/wp-content\/uploads\/2020\/11\/Simplesmile-Expert-Pen.jpg","type":"image\/jpeg"}],"twitter_card":"summary_large_image","twitter_misc":{"Ansl. lesetid":"1 minutt"},"schema":{"@context":"https:\/\/schema.org","@graph":[{"@type":"WebPage","@id":"https:\/\/simplesmile.com\/no\/produkt\/simplesmile-teeth-whitening-x4-expert-pen\/","url":"https:\/\/simplesmile.com\/no\/produkt\/simplesmile-teeth-whitening-x4-expert-pen\/","name":"SIMPLESMILE\u00ae Expert Pen - SimpleSmile","isPartOf":{"@id":"https:\/\/simplesmile.com\/sv\/#website"},"primaryImageOfPage":{"@id":"https:\/\/simplesmile.com\/no\/produkt\/simplesmile-teeth-whitening-x4-expert-pen\/#primaryimage"},"image":{"@id":"https:\/\/simplesmile.com\/no\/produkt\/simplesmile-teeth-whitening-x4-expert-pen\/#primaryimage"},"thumbnailUrl":"https:\/\/simplesmile.com\/wp-content\/uploads\/2020\/11\/Simplesmile-Expert-Pen.jpg","datePublished":"2020-11-19T09:34:44+00:00","dateModified":"2024-03-17T06:45:01+00:00","breadcrumb":{"@id":"https:\/\/simplesmile.com\/no\/produkt\/simplesmile-teeth-whitening-x4-expert-pen\/#breadcrumb"},"inLanguage":"nb-NO","potentialAction":[{"@type":"ReadAction","target":["https:\/\/simplesmile.com\/no\/produkt\/simplesmile-teeth-whitening-x4-expert-pen\/"]}]},{"@type":"ImageObject","inLanguage":"nb-NO","@id":"https:\/\/simplesmile.com\/no\/produkt\/simplesmile-teeth-whitening-x4-expert-pen\/#primaryimage","url":"https:\/\/simplesmile.com\/wp-content\/uploads\/2020\/11\/Simplesmile-Expert-Pen.jpg","contentUrl":"https:\/\/simplesmile.com\/wp-content\/uploads\/2020\/11\/Simplesmile-Expert-Pen.jpg","width":1417,"height":1063},{"@type":"BreadcrumbList","@id":"https:\/\/simplesmile.com\/no\/produkt\/simplesmile-teeth-whitening-x4-expert-pen\/#breadcrumb","itemListElement":[{"@type":"ListItem","position":1,"name":"Home","item":"https:\/\/simplesmile.com\/no\/"},{"@type":"ListItem","position":2,"name":"Webbutik","item":"https:\/\/simplesmile.com\/sv\/butik\/"},{"@type":"ListItem","position":3,"name":"SIMPLESMILE\u00ae Expert Pen"}]},{"@type":"WebSite","@id":"https:\/\/simplesmile.com\/sv\/#website","url":"https:\/\/simplesmile.com\/sv\/","name":"SimpleSmile","description":"Vitare t\u00e4nder med garanterat resultat","potentialAction":[{"@type":"SearchAction","target":{"@type":"EntryPoint","urlTemplate":"https:\/\/simplesmile.com\/sv\/?s={search_term_string}"},"query-input":{"@type":"PropertyValueSpecification","valueRequired":true,"valueName":"search_term_string"}}],"inLanguage":"nb-NO"}]}},"_links":{"self":[{"href":"https:\/\/simplesmile.com\/no\/wp-json\/wp\/v2\/product\/998","targetHints":{"allow":["GET"]}}],"collection":[{"href":"https:\/\/simplesmile.com\/no\/wp-json\/wp\/v2\/product"}],"about":[{"href":"https:\/\/simplesmile.com\/no\/wp-json\/wp\/v2\/types\/product"}],"replies":[{"embeddable":true,"href":"https:\/\/simplesmile.com\/no\/wp-json\/wp\/v2\/comments?post=998"}],"wp:featuredmedia":[{"embeddable":true,"href":"https:\/\/simplesmile.com\/no\/wp-json\/wp\/v2\/media\/1228"}],"wp:attachment":[{"href":"https:\/\/simplesmile.com\/no\/wp-json\/wp\/v2\/media?parent=998"}],"wp:term":[{"taxonomy":"product_brand","embeddable":true,"href":"https:\/\/simplesmile.com\/no\/wp-json\/wp\/v2\/product_brand?post=998"},{"taxonomy":"product_cat","embeddable":true,"href":"https:\/\/simplesmile.com\/no\/wp-json\/wp\/v2\/product_cat?post=998"},{"taxonomy":"product_tag","embeddable":true,"href":"https:\/\/simplesmile.com\/no\/wp-json\/wp\/v2\/product_tag?post=998"}],"curies":[{"name":"wp","href":"https:\/\/api.w.org\/{rel}","templated":true}]}}