{"id":1777,"date":"2021-04-09T11:01:10","date_gmt":"2021-04-09T09:01:10","guid":{"rendered":"https:\/\/simplesmile.com\/?post_type=product&#038;p=1777"},"modified":"2026-01-12T12:05:55","modified_gmt":"2026-01-12T11:05:55","slug":"simplesmile-start-kit-triple-refill","status":"publish","type":"product","link":"https:\/\/simplesmile.com\/sv\/produkt\/simplesmile-start-kit-triple-refill\/","title":{"rendered":"SIMPLESMILE\u00ae Start Kit Triple Refill"},"content":{"rendered":"<p>Tandblekningsgelen bygger p\u00e5 en teknologi med en aktiv blekande ingrediens (32% bikarbonat) som tillsammans med de reng\u00f6rande substanserna lyfter bort missf\u00e4rgningar och ger en vitare tandyta. F\u00f6r en 100% peroxidfri tandblekning, helt utan ilningar eller andra biverkningar i t\u00e4nder och tandk\u00f6tt. De medf\u00f6ljande munskenorna anpassas efter respektive tandrad och ger en optimal kontakt mellan tandgelen och tandytan f\u00f6r b\u00e4sta effekt.<\/p>\n<p>Behandlingen tar endast 15 minuter och gelerna r\u00e4cker f\u00f6r ca 30 applikationer. Vi rekommenderar att man fullf\u00f6ljer hela kuren tills gelerna \u00e4r slut och d\u00e4refter upprepar vid behov, v\u00e5r rekommendation \u00e4r att genomf\u00f6ra en fullst\u00e4ndig behandlingskur ungef\u00e4r var tredje m\u00e5nad.<\/p>\n<p>F\u00f6rpackningen inneh\u00e5ller 3 st tandblekningsgel med fr\u00e4sch melonsmak (10 ml\/st), en nyansguide samt bruksanvisning.<\/p>\n<p>Simplesmile\u00ae \u00e4r en s\u00e4ker och v\u00e4l bepr\u00f6vad produkt som uppfyller samtliga regler och lagar g\u00e4llande tandblekningsprodukter. Testad och godk\u00e4nd av tandl\u00e4kare.<\/p>\n","protected":false},"excerpt":{"rendered":"<p>Simplesmile\u00ae triple Refill inneh\u00e5ller 3 refill-geler av samma gel som i X1 Start Kit. Kan \u00e4ven anv\u00e4ndas med andra munskenor f\u00f6r tandblekning.<\/p>\n","protected":false},"featured_media":1778,"comment_status":"open","ping_status":"closed","template":"","meta":{"_acf_changed":false,"om_disable_all_campaigns":false,"_monsterinsights_skip_tracking":false,"_monsterinsights_sitenote_active":false,"_monsterinsights_sitenote_note":"","_monsterinsights_sitenote_category":0},"product_brand":[],"product_cat":[41],"product_tag":[],"class_list":{"0":"post-1777","1":"product","2":"type-product","3":"status-publish","4":"has-post-thumbnail","6":"product_cat-refills","8":"first","9":"outofstock","10":"taxable","11":"shipping-taxable","12":"purchasable","13":"product-type-simple"},"acf":[],"aioseo_notices":[],"shsp-ext":{"main":{},"variations":[]},"yoast_head":"<!-- This site is optimized with the Yoast SEO plugin v27.2 - https:\/\/yoast.com\/product\/yoast-seo-wordpress\/ -->\n<title>SIMPLESMILE\u00ae Start Kit Triple Refill - SimpleSmile<\/title>\n<meta name=\"robots\" content=\"index, follow, max-snippet:-1, max-image-preview:large, max-video-preview:-1\" \/>\n<link rel=\"canonical\" href=\"https:\/\/simplesmile.com\/sv\/produkt\/simplesmile-start-kit-triple-refill\/\" \/>\n<meta property=\"og:locale\" content=\"sv_SE\" \/>\n<meta property=\"og:type\" content=\"article\" \/>\n<meta property=\"og:title\" content=\"SIMPLESMILE\u00ae Start Kit Triple Refill - SimpleSmile\" \/>\n<meta property=\"og:description\" content=\"Simplesmile\u00ae triple Refill inneh\u00e5ller 3 refill-geler av samma gel som i X1 Start Kit. Kan \u00e4ven anv\u00e4ndas med andra munskenor f\u00f6r tandblekning.\" \/>\n<meta property=\"og:url\" content=\"https:\/\/simplesmile.com\/sv\/produkt\/simplesmile-start-kit-triple-refill\/\" \/>\n<meta property=\"og:site_name\" content=\"SimpleSmile\" \/>\n<meta property=\"article:modified_time\" content=\"2026-01-12T11:05:55+00:00\" \/>\n<meta property=\"og:image\" content=\"https:\/\/simplesmile.com\/wp-content\/uploads\/2021\/04\/Simplesmile_triple-refill3.jpg\" \/>\n\t<meta property=\"og:image:width\" content=\"850\" \/>\n\t<meta property=\"og:image:height\" content=\"1134\" \/>\n\t<meta property=\"og:image:type\" content=\"image\/jpeg\" \/>\n<meta name=\"twitter:card\" content=\"summary_large_image\" \/>\n<meta name=\"twitter:label1\" content=\"Ber\u00e4knad l\u00e4stid\" \/>\n\t<meta name=\"twitter:data1\" content=\"1 minut\" \/>\n<script type=\"application\/ld+json\" class=\"yoast-schema-graph\">{\"@context\":\"https:\/\/schema.org\",\"@graph\":[{\"@type\":\"WebPage\",\"@id\":\"https:\/\/simplesmile.com\/sv\/produkt\/simplesmile-start-kit-triple-refill\/\",\"url\":\"https:\/\/simplesmile.com\/sv\/produkt\/simplesmile-start-kit-triple-refill\/\",\"name\":\"SIMPLESMILE\u00ae Start Kit Triple Refill - SimpleSmile\",\"isPartOf\":{\"@id\":\"https:\/\/simplesmile.com\/sv\/#website\"},\"primaryImageOfPage\":{\"@id\":\"https:\/\/simplesmile.com\/sv\/produkt\/simplesmile-start-kit-triple-refill\/#primaryimage\"},\"image\":{\"@id\":\"https:\/\/simplesmile.com\/sv\/produkt\/simplesmile-start-kit-triple-refill\/#primaryimage\"},\"thumbnailUrl\":\"https:\/\/simplesmile.com\/wp-content\/uploads\/2021\/04\/Simplesmile_triple-refill3.jpg\",\"datePublished\":\"2021-04-09T09:01:10+00:00\",\"dateModified\":\"2026-01-12T11:05:55+00:00\",\"breadcrumb\":{\"@id\":\"https:\/\/simplesmile.com\/sv\/produkt\/simplesmile-start-kit-triple-refill\/#breadcrumb\"},\"inLanguage\":\"sv-SE\",\"potentialAction\":[{\"@type\":\"ReadAction\",\"target\":[\"https:\/\/simplesmile.com\/sv\/produkt\/simplesmile-start-kit-triple-refill\/\"]}]},{\"@type\":\"ImageObject\",\"inLanguage\":\"sv-SE\",\"@id\":\"https:\/\/simplesmile.com\/sv\/produkt\/simplesmile-start-kit-triple-refill\/#primaryimage\",\"url\":\"https:\/\/simplesmile.com\/wp-content\/uploads\/2021\/04\/Simplesmile_triple-refill3.jpg\",\"contentUrl\":\"https:\/\/simplesmile.com\/wp-content\/uploads\/2021\/04\/Simplesmile_triple-refill3.jpg\",\"width\":850,\"height\":1134,\"caption\":\"Simplesmile triple refill3\"},{\"@type\":\"BreadcrumbList\",\"@id\":\"https:\/\/simplesmile.com\/sv\/produkt\/simplesmile-start-kit-triple-refill\/#breadcrumb\",\"itemListElement\":[{\"@type\":\"ListItem\",\"position\":1,\"name\":\"Home\",\"item\":\"https:\/\/simplesmile.com\/sv\/\"},{\"@type\":\"ListItem\",\"position\":2,\"name\":\"Webbutik\",\"item\":\"https:\/\/simplesmile.com\/sv\/butik\/\"},{\"@type\":\"ListItem\",\"position\":3,\"name\":\"SIMPLESMILE\u00ae Start Kit Triple Refill\"}]},{\"@type\":\"WebSite\",\"@id\":\"https:\/\/simplesmile.com\/sv\/#website\",\"url\":\"https:\/\/simplesmile.com\/sv\/\",\"name\":\"SimpleSmile\",\"description\":\"Vitare t\u00e4nder med garanterat resultat\",\"potentialAction\":[{\"@type\":\"SearchAction\",\"target\":{\"@type\":\"EntryPoint\",\"urlTemplate\":\"https:\/\/simplesmile.com\/sv\/?s={search_term_string}\"},\"query-input\":{\"@type\":\"PropertyValueSpecification\",\"valueRequired\":true,\"valueName\":\"search_term_string\"}}],\"inLanguage\":\"sv-SE\"}]}<\/script>\n<!-- \/ Yoast SEO plugin. -->","yoast_head_json":{"title":"SIMPLESMILE\u00ae Start Kit Triple Refill - SimpleSmile","robots":{"index":"index","follow":"follow","max-snippet":"max-snippet:-1","max-image-preview":"max-image-preview:large","max-video-preview":"max-video-preview:-1"},"canonical":"https:\/\/simplesmile.com\/sv\/produkt\/simplesmile-start-kit-triple-refill\/","og_locale":"sv_SE","og_type":"article","og_title":"SIMPLESMILE\u00ae Start Kit Triple Refill - SimpleSmile","og_description":"Simplesmile\u00ae triple Refill inneh\u00e5ller 3 refill-geler av samma gel som i X1 Start Kit. Kan \u00e4ven anv\u00e4ndas med andra munskenor f\u00f6r tandblekning.","og_url":"https:\/\/simplesmile.com\/sv\/produkt\/simplesmile-start-kit-triple-refill\/","og_site_name":"SimpleSmile","article_modified_time":"2026-01-12T11:05:55+00:00","og_image":[{"width":850,"height":1134,"url":"https:\/\/simplesmile.com\/wp-content\/uploads\/2021\/04\/Simplesmile_triple-refill3.jpg","type":"image\/jpeg"}],"twitter_card":"summary_large_image","twitter_misc":{"Ber\u00e4knad l\u00e4stid":"1 minut"},"schema":{"@context":"https:\/\/schema.org","@graph":[{"@type":"WebPage","@id":"https:\/\/simplesmile.com\/sv\/produkt\/simplesmile-start-kit-triple-refill\/","url":"https:\/\/simplesmile.com\/sv\/produkt\/simplesmile-start-kit-triple-refill\/","name":"SIMPLESMILE\u00ae Start Kit Triple Refill - SimpleSmile","isPartOf":{"@id":"https:\/\/simplesmile.com\/sv\/#website"},"primaryImageOfPage":{"@id":"https:\/\/simplesmile.com\/sv\/produkt\/simplesmile-start-kit-triple-refill\/#primaryimage"},"image":{"@id":"https:\/\/simplesmile.com\/sv\/produkt\/simplesmile-start-kit-triple-refill\/#primaryimage"},"thumbnailUrl":"https:\/\/simplesmile.com\/wp-content\/uploads\/2021\/04\/Simplesmile_triple-refill3.jpg","datePublished":"2021-04-09T09:01:10+00:00","dateModified":"2026-01-12T11:05:55+00:00","breadcrumb":{"@id":"https:\/\/simplesmile.com\/sv\/produkt\/simplesmile-start-kit-triple-refill\/#breadcrumb"},"inLanguage":"sv-SE","potentialAction":[{"@type":"ReadAction","target":["https:\/\/simplesmile.com\/sv\/produkt\/simplesmile-start-kit-triple-refill\/"]}]},{"@type":"ImageObject","inLanguage":"sv-SE","@id":"https:\/\/simplesmile.com\/sv\/produkt\/simplesmile-start-kit-triple-refill\/#primaryimage","url":"https:\/\/simplesmile.com\/wp-content\/uploads\/2021\/04\/Simplesmile_triple-refill3.jpg","contentUrl":"https:\/\/simplesmile.com\/wp-content\/uploads\/2021\/04\/Simplesmile_triple-refill3.jpg","width":850,"height":1134,"caption":"Simplesmile triple refill3"},{"@type":"BreadcrumbList","@id":"https:\/\/simplesmile.com\/sv\/produkt\/simplesmile-start-kit-triple-refill\/#breadcrumb","itemListElement":[{"@type":"ListItem","position":1,"name":"Home","item":"https:\/\/simplesmile.com\/sv\/"},{"@type":"ListItem","position":2,"name":"Webbutik","item":"https:\/\/simplesmile.com\/sv\/butik\/"},{"@type":"ListItem","position":3,"name":"SIMPLESMILE\u00ae Start Kit Triple Refill"}]},{"@type":"WebSite","@id":"https:\/\/simplesmile.com\/sv\/#website","url":"https:\/\/simplesmile.com\/sv\/","name":"SimpleSmile","description":"Vitare t\u00e4nder med garanterat resultat","potentialAction":[{"@type":"SearchAction","target":{"@type":"EntryPoint","urlTemplate":"https:\/\/simplesmile.com\/sv\/?s={search_term_string}"},"query-input":{"@type":"PropertyValueSpecification","valueRequired":true,"valueName":"search_term_string"}}],"inLanguage":"sv-SE"}]}},"_links":{"self":[{"href":"https:\/\/simplesmile.com\/sv\/wp-json\/wp\/v2\/product\/1777","targetHints":{"allow":["GET"]}}],"collection":[{"href":"https:\/\/simplesmile.com\/sv\/wp-json\/wp\/v2\/product"}],"about":[{"href":"https:\/\/simplesmile.com\/sv\/wp-json\/wp\/v2\/types\/product"}],"replies":[{"embeddable":true,"href":"https:\/\/simplesmile.com\/sv\/wp-json\/wp\/v2\/comments?post=1777"}],"wp:featuredmedia":[{"embeddable":true,"href":"https:\/\/simplesmile.com\/sv\/wp-json\/wp\/v2\/media\/1778"}],"wp:attachment":[{"href":"https:\/\/simplesmile.com\/sv\/wp-json\/wp\/v2\/media?parent=1777"}],"wp:term":[{"taxonomy":"product_brand","embeddable":true,"href":"https:\/\/simplesmile.com\/sv\/wp-json\/wp\/v2\/product_brand?post=1777"},{"taxonomy":"product_cat","embeddable":true,"href":"https:\/\/simplesmile.com\/sv\/wp-json\/wp\/v2\/product_cat?post=1777"},{"taxonomy":"product_tag","embeddable":true,"href":"https:\/\/simplesmile.com\/sv\/wp-json\/wp\/v2\/product_tag?post=1777"}],"curies":[{"name":"wp","href":"https:\/\/api.w.org\/{rel}","templated":true}]}}