{"id":232,"date":"2020-10-22T14:45:39","date_gmt":"2020-10-22T12:45:39","guid":{"rendered":"https:\/\/simplesmile.hemsida.eu\/?post_type=product&#038;p=232"},"modified":"2026-05-02T07:34:04","modified_gmt":"2026-05-02T05:34:04","slug":"teeth-whitening-touch-up-pen","status":"publish","type":"product","link":"https:\/\/simplesmile.com\/sv\/produkt\/teeth-whitening-touch-up-pen\/","title":{"rendered":"SIMPLESMILE\u00ae Touch-Up Pen"},"content":{"rendered":"<p>Touch-up pennan erbjuder ett smidigt och snabbt s\u00e4tt att underh\u00e5lla t\u00e4ndernas vithet som ett komplement till Simplesmile\u00ae kompletta tandblekningskit. Den \u00e4r enkel att ta med sig, skonsam mot t\u00e4nder och tandk\u00f6tt samt g\u00e5r att applicera s\u00e5 ofta man \u00f6nskar &#8211; n\u00e4r som helst och var som helst.<\/p>\n<p>En perfekt produkt f\u00f6r att underh\u00e5lla t\u00e4ndernas vithet mellan behandlingstillf\u00e4llen. Du penslar enkelt blekgelen j\u00e4mnt \u00f6ver tandytan f\u00f6r att f\u00f6rb\u00e4ttra resultatet. Det g\u00e5r \u00e4ven utm\u00e4rkt att med hj\u00e4lp av pennan bleka en eller flera t\u00e4nder lite extra.<\/p>\n<p>Tandblekningsgelen i Touch-Up pennan bygger p\u00e5 samma teknik som i X1 Start Kit med den aktiva ingrediensen 32% bikarbonat. Gelen inneh\u00e5ller ocks\u00e5 Aloe Vera som \u00e4r lugnande f\u00f6r tandk\u00f6ttet samt Fluor f\u00f6r att motverka karies. F\u00f6rpackningen inneh\u00e5ller Touch-Up penna (2 ml) som r\u00e4cker till ca 25 behandling, nyansguide samt bruksanvisning.<\/p>\n","protected":false},"excerpt":{"rendered":"<p>Simplesmile\u00ae Touch-up Pen erbjuder ett smidigt och enkelt s\u00e4tt att underh\u00e5lla t\u00e4ndernas vithet. Applicera n\u00e4r som helst och var som helst.\u00a0Du f\u00e5r Touch-Up penna (2 ml) som r\u00e4cker till ca 25 behandling, nyansguide samt bruksanvisning.<\/p>\n","protected":false},"featured_media":1231,"comment_status":"open","ping_status":"closed","template":"","meta":{"_acf_changed":false,"om_disable_all_campaigns":false,"_monsterinsights_skip_tracking":false,"_monsterinsights_sitenote_active":false,"_monsterinsights_sitenote_note":"","_monsterinsights_sitenote_category":0},"product_brand":[],"product_cat":[42],"product_tag":[],"class_list":{"0":"post-232","1":"product","2":"type-product","3":"status-publish","4":"has-post-thumbnail","6":"product_cat-ovrigt","8":"first","9":"outofstock","10":"taxable","11":"shipping-taxable","12":"purchasable","13":"product-type-simple"},"acf":[],"aioseo_notices":[],"shsp-ext":{"main":{},"variations":[]},"yoast_head":"<!-- This site is optimized with the Yoast SEO plugin v27.2 - https:\/\/yoast.com\/product\/yoast-seo-wordpress\/ -->\n<title>SIMPLESMILE\u00ae Touch-Up Pen - SimpleSmile<\/title>\n<meta name=\"robots\" content=\"index, follow, max-snippet:-1, max-image-preview:large, max-video-preview:-1\" \/>\n<link rel=\"canonical\" href=\"https:\/\/simplesmile.com\/sv\/produkt\/teeth-whitening-touch-up-pen\/\" \/>\n<meta property=\"og:locale\" content=\"sv_SE\" \/>\n<meta property=\"og:type\" content=\"article\" \/>\n<meta property=\"og:title\" content=\"SIMPLESMILE\u00ae Touch-Up Pen - SimpleSmile\" \/>\n<meta property=\"og:description\" content=\"Simplesmile\u00ae Touch-up Pen erbjuder ett smidigt och enkelt s\u00e4tt att underh\u00e5lla t\u00e4ndernas vithet. Applicera n\u00e4r som helst och var som helst.\u00a0Du f\u00e5r Touch-Up penna (2 ml) som r\u00e4cker till ca 25 behandling, nyansguide samt bruksanvisning.\" \/>\n<meta property=\"og:url\" content=\"https:\/\/simplesmile.com\/sv\/produkt\/teeth-whitening-touch-up-pen\/\" \/>\n<meta property=\"og:site_name\" content=\"SimpleSmile\" \/>\n<meta property=\"article:modified_time\" content=\"2026-05-02T05:34:04+00:00\" \/>\n<meta property=\"og:image\" content=\"https:\/\/simplesmile.com\/wp-content\/uploads\/2020\/10\/SS1202_Touchup_pen_Simplesmile.jpg\" \/>\n\t<meta property=\"og:image:width\" content=\"850\" \/>\n\t<meta property=\"og:image:height\" content=\"1134\" \/>\n\t<meta property=\"og:image:type\" content=\"image\/jpeg\" \/>\n<meta name=\"twitter:card\" content=\"summary_large_image\" \/>\n<meta name=\"twitter:label1\" content=\"Ber\u00e4knad l\u00e4stid\" \/>\n\t<meta name=\"twitter:data1\" content=\"1 minut\" \/>\n<script type=\"application\/ld+json\" class=\"yoast-schema-graph\">{\"@context\":\"https:\/\/schema.org\",\"@graph\":[{\"@type\":\"WebPage\",\"@id\":\"https:\/\/simplesmile.com\/sv\/produkt\/teeth-whitening-touch-up-pen\/\",\"url\":\"https:\/\/simplesmile.com\/sv\/produkt\/teeth-whitening-touch-up-pen\/\",\"name\":\"SIMPLESMILE\u00ae Touch-Up Pen - SimpleSmile\",\"isPartOf\":{\"@id\":\"https:\/\/simplesmile.com\/sv\/#website\"},\"primaryImageOfPage\":{\"@id\":\"https:\/\/simplesmile.com\/sv\/produkt\/teeth-whitening-touch-up-pen\/#primaryimage\"},\"image\":{\"@id\":\"https:\/\/simplesmile.com\/sv\/produkt\/teeth-whitening-touch-up-pen\/#primaryimage\"},\"thumbnailUrl\":\"https:\/\/simplesmile.com\/wp-content\/uploads\/2020\/10\/SS1202_Touchup_pen_Simplesmile.jpg\",\"datePublished\":\"2020-10-22T12:45:39+00:00\",\"dateModified\":\"2026-05-02T05:34:04+00:00\",\"breadcrumb\":{\"@id\":\"https:\/\/simplesmile.com\/sv\/produkt\/teeth-whitening-touch-up-pen\/#breadcrumb\"},\"inLanguage\":\"sv-SE\",\"potentialAction\":[{\"@type\":\"ReadAction\",\"target\":[\"https:\/\/simplesmile.com\/sv\/produkt\/teeth-whitening-touch-up-pen\/\"]}]},{\"@type\":\"ImageObject\",\"inLanguage\":\"sv-SE\",\"@id\":\"https:\/\/simplesmile.com\/sv\/produkt\/teeth-whitening-touch-up-pen\/#primaryimage\",\"url\":\"https:\/\/simplesmile.com\/wp-content\/uploads\/2020\/10\/SS1202_Touchup_pen_Simplesmile.jpg\",\"contentUrl\":\"https:\/\/simplesmile.com\/wp-content\/uploads\/2020\/10\/SS1202_Touchup_pen_Simplesmile.jpg\",\"width\":850,\"height\":1134,\"caption\":\"SS1202 Touchup pen Simplesmile\"},{\"@type\":\"BreadcrumbList\",\"@id\":\"https:\/\/simplesmile.com\/sv\/produkt\/teeth-whitening-touch-up-pen\/#breadcrumb\",\"itemListElement\":[{\"@type\":\"ListItem\",\"position\":1,\"name\":\"Home\",\"item\":\"https:\/\/simplesmile.com\/sv\/\"},{\"@type\":\"ListItem\",\"position\":2,\"name\":\"Webbutik\",\"item\":\"https:\/\/simplesmile.com\/sv\/butik\/\"},{\"@type\":\"ListItem\",\"position\":3,\"name\":\"SIMPLESMILE\u00ae Touch-Up Pen\"}]},{\"@type\":\"WebSite\",\"@id\":\"https:\/\/simplesmile.com\/sv\/#website\",\"url\":\"https:\/\/simplesmile.com\/sv\/\",\"name\":\"SimpleSmile\",\"description\":\"Vitare t\u00e4nder med garanterat resultat\",\"potentialAction\":[{\"@type\":\"SearchAction\",\"target\":{\"@type\":\"EntryPoint\",\"urlTemplate\":\"https:\/\/simplesmile.com\/sv\/?s={search_term_string}\"},\"query-input\":{\"@type\":\"PropertyValueSpecification\",\"valueRequired\":true,\"valueName\":\"search_term_string\"}}],\"inLanguage\":\"sv-SE\"}]}<\/script>\n<!-- \/ Yoast SEO plugin. -->","yoast_head_json":{"title":"SIMPLESMILE\u00ae Touch-Up Pen - SimpleSmile","robots":{"index":"index","follow":"follow","max-snippet":"max-snippet:-1","max-image-preview":"max-image-preview:large","max-video-preview":"max-video-preview:-1"},"canonical":"https:\/\/simplesmile.com\/sv\/produkt\/teeth-whitening-touch-up-pen\/","og_locale":"sv_SE","og_type":"article","og_title":"SIMPLESMILE\u00ae Touch-Up Pen - SimpleSmile","og_description":"Simplesmile\u00ae Touch-up Pen erbjuder ett smidigt och enkelt s\u00e4tt att underh\u00e5lla t\u00e4ndernas vithet. Applicera n\u00e4r som helst och var som helst.\u00a0Du f\u00e5r Touch-Up penna (2 ml) som r\u00e4cker till ca 25 behandling, nyansguide samt bruksanvisning.","og_url":"https:\/\/simplesmile.com\/sv\/produkt\/teeth-whitening-touch-up-pen\/","og_site_name":"SimpleSmile","article_modified_time":"2026-05-02T05:34:04+00:00","og_image":[{"width":850,"height":1134,"url":"https:\/\/simplesmile.com\/wp-content\/uploads\/2020\/10\/SS1202_Touchup_pen_Simplesmile.jpg","type":"image\/jpeg"}],"twitter_card":"summary_large_image","twitter_misc":{"Ber\u00e4knad l\u00e4stid":"1 minut"},"schema":{"@context":"https:\/\/schema.org","@graph":[{"@type":"WebPage","@id":"https:\/\/simplesmile.com\/sv\/produkt\/teeth-whitening-touch-up-pen\/","url":"https:\/\/simplesmile.com\/sv\/produkt\/teeth-whitening-touch-up-pen\/","name":"SIMPLESMILE\u00ae Touch-Up Pen - SimpleSmile","isPartOf":{"@id":"https:\/\/simplesmile.com\/sv\/#website"},"primaryImageOfPage":{"@id":"https:\/\/simplesmile.com\/sv\/produkt\/teeth-whitening-touch-up-pen\/#primaryimage"},"image":{"@id":"https:\/\/simplesmile.com\/sv\/produkt\/teeth-whitening-touch-up-pen\/#primaryimage"},"thumbnailUrl":"https:\/\/simplesmile.com\/wp-content\/uploads\/2020\/10\/SS1202_Touchup_pen_Simplesmile.jpg","datePublished":"2020-10-22T12:45:39+00:00","dateModified":"2026-05-02T05:34:04+00:00","breadcrumb":{"@id":"https:\/\/simplesmile.com\/sv\/produkt\/teeth-whitening-touch-up-pen\/#breadcrumb"},"inLanguage":"sv-SE","potentialAction":[{"@type":"ReadAction","target":["https:\/\/simplesmile.com\/sv\/produkt\/teeth-whitening-touch-up-pen\/"]}]},{"@type":"ImageObject","inLanguage":"sv-SE","@id":"https:\/\/simplesmile.com\/sv\/produkt\/teeth-whitening-touch-up-pen\/#primaryimage","url":"https:\/\/simplesmile.com\/wp-content\/uploads\/2020\/10\/SS1202_Touchup_pen_Simplesmile.jpg","contentUrl":"https:\/\/simplesmile.com\/wp-content\/uploads\/2020\/10\/SS1202_Touchup_pen_Simplesmile.jpg","width":850,"height":1134,"caption":"SS1202 Touchup pen Simplesmile"},{"@type":"BreadcrumbList","@id":"https:\/\/simplesmile.com\/sv\/produkt\/teeth-whitening-touch-up-pen\/#breadcrumb","itemListElement":[{"@type":"ListItem","position":1,"name":"Home","item":"https:\/\/simplesmile.com\/sv\/"},{"@type":"ListItem","position":2,"name":"Webbutik","item":"https:\/\/simplesmile.com\/sv\/butik\/"},{"@type":"ListItem","position":3,"name":"SIMPLESMILE\u00ae Touch-Up Pen"}]},{"@type":"WebSite","@id":"https:\/\/simplesmile.com\/sv\/#website","url":"https:\/\/simplesmile.com\/sv\/","name":"SimpleSmile","description":"Vitare t\u00e4nder med garanterat resultat","potentialAction":[{"@type":"SearchAction","target":{"@type":"EntryPoint","urlTemplate":"https:\/\/simplesmile.com\/sv\/?s={search_term_string}"},"query-input":{"@type":"PropertyValueSpecification","valueRequired":true,"valueName":"search_term_string"}}],"inLanguage":"sv-SE"}]}},"_links":{"self":[{"href":"https:\/\/simplesmile.com\/sv\/wp-json\/wp\/v2\/product\/232","targetHints":{"allow":["GET"]}}],"collection":[{"href":"https:\/\/simplesmile.com\/sv\/wp-json\/wp\/v2\/product"}],"about":[{"href":"https:\/\/simplesmile.com\/sv\/wp-json\/wp\/v2\/types\/product"}],"replies":[{"embeddable":true,"href":"https:\/\/simplesmile.com\/sv\/wp-json\/wp\/v2\/comments?post=232"}],"wp:featuredmedia":[{"embeddable":true,"href":"https:\/\/simplesmile.com\/sv\/wp-json\/wp\/v2\/media\/1231"}],"wp:attachment":[{"href":"https:\/\/simplesmile.com\/sv\/wp-json\/wp\/v2\/media?parent=232"}],"wp:term":[{"taxonomy":"product_brand","embeddable":true,"href":"https:\/\/simplesmile.com\/sv\/wp-json\/wp\/v2\/product_brand?post=232"},{"taxonomy":"product_cat","embeddable":true,"href":"https:\/\/simplesmile.com\/sv\/wp-json\/wp\/v2\/product_cat?post=232"},{"taxonomy":"product_tag","embeddable":true,"href":"https:\/\/simplesmile.com\/sv\/wp-json\/wp\/v2\/product_tag?post=232"}],"curies":[{"name":"wp","href":"https:\/\/api.w.org\/{rel}","templated":true}]}}