{"id":2465,"date":"2023-11-01T08:40:40","date_gmt":"2023-11-01T07:40:40","guid":{"rendered":"https:\/\/simplesmile.com\/?post_type=product&#038;p=2465"},"modified":"2026-04-26T22:54:42","modified_gmt":"2026-04-26T20:54:42","slug":"simplesmile-multifunctional-super-white-toothpaste-75-ml","status":"publish","type":"product","link":"https:\/\/simplesmile.com\/sv\/produkt\/simplesmile-multifunctional-super-white-toothpaste-75-ml\/","title":{"rendered":"SimpleSmile\u00ae Multifunktionella SUPER WHITE TANDKR\u00c4M 75 ml"},"content":{"rendered":"<p>Superwhite Tandkr\u00e4men \u00e4r laddad med m\u00e5nga nya ingredienser som ingen n\u00e5gonsin har inkluderat i en tandkr\u00e4m tidigare \u2013 som unikt White Charcoal f\u00f6r att absorbera gifter och d\u00e5liga lukter, Hyaluronsyra f\u00f6r antiinflammatorisk tandk\u00f6ttsh\u00e4lsa och C-vitamin f\u00f6r total styrka f\u00f6r att bara n\u00e4mna n\u00e5gra. Den absolut viktigaste ingrediensen f\u00f6r vitare t\u00e4nder \u00e4r PAP som vi skriver mer om nedan.<\/p>\n<p>PAP \u00e4r en ny peroxid godk\u00e4nd av Eu f\u00f6r munv\u00e5rdsprodukter. Det \u00e4r en OTC-blekningsgel som inneh\u00e5ller ftalimidoperoxikapronsyra (PAP) och granat\u00e4pplefruktextrakt som aktiva ingredienser och har en h\u00f6g potential f\u00f6r oxidation med fris\u00e4ttning av aktivt syre. PaP anv\u00e4nds ocks\u00e5 i v\u00e5ra tandblekningsgeler. PAP \u00e4r godk\u00e4nd enligt EU kosmetik f\u00f6rordning (EG) 1223\/2009. Ftalimidoperoxikapronsyra (PAP) har vi l\u00e5ng erfarenhet av i v\u00e5ra tandbleknings geler som \u00e4r b\u00e5de effektiv och skonsam. I v\u00e5r tandkr\u00e4m har vi 4% som \u00e4r en h\u00f6g halt.<\/p>\n<p>PAP \u00e4r mycket s\u00e4ker att anv\u00e4nda. Har visat sig effektivt bleka utan att orsaka n\u00e5gon skada p\u00e5 tandens inre eller yttre struktur.<\/p>\n<p>F\u00f6r ytterligare blekning av t\u00e4nder finns Kalciumperoxid. Det l\u00f6ser proteinet p\u00e5 tandytan\/t\u00e4nderna som drar till sig fl\u00e4ckar till tandytan och h\u00e5ller dem inkapslade. N\u00e4r protein \u00e4r uppl\u00f6st f\u00f6ljer alla fl\u00e4ckar och f\u00e4rg\u00e4mnen med och lossnar f\u00f6rsiktigt\u00a0 fr\u00e5n t\u00e4nderna.\u00a0 Detta utan skarpa ingredienser som v\u00e4teperoxid. Kalciumperoxids l\u00e5ngsamma syrefrig\u00f6rande egenskaper g\u00f6r det ocks\u00e5 till ett idealiskt, kostnadseffektivt naturligt alternativ f\u00f6r blekning av t\u00e4nder. Daglig anv\u00e4ndning av Simplesmile SuperWhite tandkr\u00e4men under veckor och m\u00e5nader. Dagligen anv\u00e4nding har en stadig blekande effekt utan starka slipmedel eller starka reng\u00f6ringsmedel.<\/p>\n<p>Dessutom har vi en h\u00f6g koncentration av ftalimidoperoxikapronsyra (PAP) som \u00e4r ett s\u00e4krare alternativ till traditionella blekningsingredienser och det aktiva blekningsmedlet.<\/p>\n<p>(PAP), en organisk persyra som inneh\u00e5ller en h\u00f6g potential f\u00f6r oxidation p\u00e5 grund av tillg\u00e4ngligheten av syresidokedjor som kan klyvas i n\u00e4rvaro av orala och fruktenzymer. Oxidation \u00e4r n\u00f6dv\u00e4ndig f\u00f6r blekningsprocessen eftersom den neutraliserar organiska dubbelbindningar. Dessutom har v\u00e5r Super White &amp; Fresh-tandkr\u00e4m inte testats p\u00e5 djur (cruelty free), sulfatfri, 98 % naturlig och vegan.<\/p>\n<p><strong>Supersmile Superwhite \u00e4r:<\/strong><\/p>\n<ul>\n<li>Sulfat Fri<\/li>\n<li>Paraben Fri<\/li>\n<li>Ej testad p\u00e5 djur<\/li>\n<li>Vegan<\/li>\n<li>97% naturliga r\u00e5varor<\/li>\n<li>Helt fri fr\u00e5n Microplaster<\/li>\n<\/ul>\n","protected":false},"excerpt":{"rendered":"<p>It ensures clean, visibly whiter teeth, strengthens the enamel, freshens the breath, and protects against plaque and cavities. Uses the purest and safest ingredients. This is Your toothpaste.<\/p>\n<p>This is a toothpaste for every taste, need and moment; it comes flavored in fresh real Spearmint<\/p>\n","protected":false},"featured_media":2466,"comment_status":"open","ping_status":"closed","template":"","meta":{"_acf_changed":false,"om_disable_all_campaigns":false,"_monsterinsights_skip_tracking":false,"_monsterinsights_sitenote_active":false,"_monsterinsights_sitenote_note":"","_monsterinsights_sitenote_category":0},"product_brand":[],"product_cat":[40,42],"product_tag":[],"class_list":{"0":"post-2465","1":"product","2":"type-product","3":"status-publish","4":"has-post-thumbnail","6":"product_cat-kompletta-kit","7":"product_cat-ovrigt","9":"first","10":"instock","11":"taxable","12":"shipping-taxable","13":"purchasable","14":"product-type-simple"},"acf":[],"aioseo_notices":[],"shsp-ext":{"main":{},"variations":[]},"yoast_head":"<!-- This site is optimized with the Yoast SEO plugin v27.2 - https:\/\/yoast.com\/product\/yoast-seo-wordpress\/ -->\n<title>SimpleSmile\u00ae Multifunktionella SUPER WHITE TANDKR\u00c4M 75 ml - SimpleSmile<\/title>\n<meta name=\"robots\" content=\"index, follow, max-snippet:-1, max-image-preview:large, max-video-preview:-1\" \/>\n<link rel=\"canonical\" href=\"https:\/\/simplesmile.com\/sv\/produkt\/simplesmile-multifunctional-super-white-toothpaste-75-ml\/\" \/>\n<meta property=\"og:locale\" content=\"sv_SE\" \/>\n<meta property=\"og:type\" content=\"article\" \/>\n<meta property=\"og:title\" content=\"SimpleSmile\u00ae Multifunktionella SUPER WHITE TANDKR\u00c4M 75 ml - SimpleSmile\" \/>\n<meta property=\"og:description\" content=\"It ensures clean, visibly whiter teeth, strengthens the enamel, freshens the breath, and protects against plaque and cavities. Uses the purest and safest ingredients. This is Your toothpaste.  This is a toothpaste for every taste, need and moment; it comes flavored in fresh real Spearmint\" \/>\n<meta property=\"og:url\" content=\"https:\/\/simplesmile.com\/sv\/produkt\/simplesmile-multifunctional-super-white-toothpaste-75-ml\/\" \/>\n<meta property=\"og:site_name\" content=\"SimpleSmile\" \/>\n<meta property=\"article:modified_time\" content=\"2026-04-26T20:54:42+00:00\" \/>\n<meta property=\"og:image\" content=\"https:\/\/simplesmile.com\/wp-content\/uploads\/2023\/11\/SimpleSmile\u00ae-SUPERWHITE-box-tube.jpeg\" \/>\n\t<meta property=\"og:image:width\" content=\"480\" \/>\n\t<meta property=\"og:image:height\" content=\"640\" \/>\n\t<meta property=\"og:image:type\" content=\"image\/jpeg\" \/>\n<meta name=\"twitter:card\" content=\"summary_large_image\" \/>\n<meta name=\"twitter:label1\" content=\"Ber\u00e4knad l\u00e4stid\" \/>\n\t<meta name=\"twitter:data1\" content=\"2 minuter\" \/>\n<script type=\"application\/ld+json\" class=\"yoast-schema-graph\">{\"@context\":\"https:\/\/schema.org\",\"@graph\":[{\"@type\":\"WebPage\",\"@id\":\"https:\/\/simplesmile.com\/sv\/produkt\/simplesmile-multifunctional-super-white-toothpaste-75-ml\/\",\"url\":\"https:\/\/simplesmile.com\/sv\/produkt\/simplesmile-multifunctional-super-white-toothpaste-75-ml\/\",\"name\":\"SimpleSmile\u00ae Multifunktionella SUPER WHITE TANDKR\u00c4M 75 ml - SimpleSmile\",\"isPartOf\":{\"@id\":\"https:\/\/simplesmile.com\/sv\/#website\"},\"primaryImageOfPage\":{\"@id\":\"https:\/\/simplesmile.com\/sv\/produkt\/simplesmile-multifunctional-super-white-toothpaste-75-ml\/#primaryimage\"},\"image\":{\"@id\":\"https:\/\/simplesmile.com\/sv\/produkt\/simplesmile-multifunctional-super-white-toothpaste-75-ml\/#primaryimage\"},\"thumbnailUrl\":\"https:\/\/simplesmile.com\/wp-content\/uploads\/2023\/11\/SimpleSmile\u00ae-SUPERWHITE-box-tube.jpeg\",\"datePublished\":\"2023-11-01T07:40:40+00:00\",\"dateModified\":\"2026-04-26T20:54:42+00:00\",\"breadcrumb\":{\"@id\":\"https:\/\/simplesmile.com\/sv\/produkt\/simplesmile-multifunctional-super-white-toothpaste-75-ml\/#breadcrumb\"},\"inLanguage\":\"sv-SE\",\"potentialAction\":[{\"@type\":\"ReadAction\",\"target\":[\"https:\/\/simplesmile.com\/sv\/produkt\/simplesmile-multifunctional-super-white-toothpaste-75-ml\/\"]}]},{\"@type\":\"ImageObject\",\"inLanguage\":\"sv-SE\",\"@id\":\"https:\/\/simplesmile.com\/sv\/produkt\/simplesmile-multifunctional-super-white-toothpaste-75-ml\/#primaryimage\",\"url\":\"https:\/\/simplesmile.com\/wp-content\/uploads\/2023\/11\/SimpleSmile\u00ae-SUPERWHITE-box-tube.jpeg\",\"contentUrl\":\"https:\/\/simplesmile.com\/wp-content\/uploads\/2023\/11\/SimpleSmile\u00ae-SUPERWHITE-box-tube.jpeg\",\"width\":480,\"height\":640,\"caption\":\"SimpleSmile\u00ae SUPERWHITE box tube\"},{\"@type\":\"BreadcrumbList\",\"@id\":\"https:\/\/simplesmile.com\/sv\/produkt\/simplesmile-multifunctional-super-white-toothpaste-75-ml\/#breadcrumb\",\"itemListElement\":[{\"@type\":\"ListItem\",\"position\":1,\"name\":\"Home\",\"item\":\"https:\/\/simplesmile.com\/sv\/\"},{\"@type\":\"ListItem\",\"position\":2,\"name\":\"Webbutik\",\"item\":\"https:\/\/simplesmile.com\/sv\/butik\/\"},{\"@type\":\"ListItem\",\"position\":3,\"name\":\"SimpleSmile\u00ae Multifunktionella SUPER WHITE TANDKR\u00c4M 75 ml\"}]},{\"@type\":\"WebSite\",\"@id\":\"https:\/\/simplesmile.com\/sv\/#website\",\"url\":\"https:\/\/simplesmile.com\/sv\/\",\"name\":\"SimpleSmile\",\"description\":\"Vitare t\u00e4nder med garanterat resultat\",\"potentialAction\":[{\"@type\":\"SearchAction\",\"target\":{\"@type\":\"EntryPoint\",\"urlTemplate\":\"https:\/\/simplesmile.com\/sv\/?s={search_term_string}\"},\"query-input\":{\"@type\":\"PropertyValueSpecification\",\"valueRequired\":true,\"valueName\":\"search_term_string\"}}],\"inLanguage\":\"sv-SE\"}]}<\/script>\n<!-- \/ Yoast SEO plugin. -->","yoast_head_json":{"title":"SimpleSmile\u00ae Multifunktionella SUPER WHITE TANDKR\u00c4M 75 ml - SimpleSmile","robots":{"index":"index","follow":"follow","max-snippet":"max-snippet:-1","max-image-preview":"max-image-preview:large","max-video-preview":"max-video-preview:-1"},"canonical":"https:\/\/simplesmile.com\/sv\/produkt\/simplesmile-multifunctional-super-white-toothpaste-75-ml\/","og_locale":"sv_SE","og_type":"article","og_title":"SimpleSmile\u00ae Multifunktionella SUPER WHITE TANDKR\u00c4M 75 ml - SimpleSmile","og_description":"It ensures clean, visibly whiter teeth, strengthens the enamel, freshens the breath, and protects against plaque and cavities. Uses the purest and safest ingredients. This is Your toothpaste.  This is a toothpaste for every taste, need and moment; it comes flavored in fresh real Spearmint","og_url":"https:\/\/simplesmile.com\/sv\/produkt\/simplesmile-multifunctional-super-white-toothpaste-75-ml\/","og_site_name":"SimpleSmile","article_modified_time":"2026-04-26T20:54:42+00:00","og_image":[{"width":480,"height":640,"url":"https:\/\/simplesmile.com\/wp-content\/uploads\/2023\/11\/SimpleSmile\u00ae-SUPERWHITE-box-tube.jpeg","type":"image\/jpeg"}],"twitter_card":"summary_large_image","twitter_misc":{"Ber\u00e4knad l\u00e4stid":"2 minuter"},"schema":{"@context":"https:\/\/schema.org","@graph":[{"@type":"WebPage","@id":"https:\/\/simplesmile.com\/sv\/produkt\/simplesmile-multifunctional-super-white-toothpaste-75-ml\/","url":"https:\/\/simplesmile.com\/sv\/produkt\/simplesmile-multifunctional-super-white-toothpaste-75-ml\/","name":"SimpleSmile\u00ae Multifunktionella SUPER WHITE TANDKR\u00c4M 75 ml - SimpleSmile","isPartOf":{"@id":"https:\/\/simplesmile.com\/sv\/#website"},"primaryImageOfPage":{"@id":"https:\/\/simplesmile.com\/sv\/produkt\/simplesmile-multifunctional-super-white-toothpaste-75-ml\/#primaryimage"},"image":{"@id":"https:\/\/simplesmile.com\/sv\/produkt\/simplesmile-multifunctional-super-white-toothpaste-75-ml\/#primaryimage"},"thumbnailUrl":"https:\/\/simplesmile.com\/wp-content\/uploads\/2023\/11\/SimpleSmile\u00ae-SUPERWHITE-box-tube.jpeg","datePublished":"2023-11-01T07:40:40+00:00","dateModified":"2026-04-26T20:54:42+00:00","breadcrumb":{"@id":"https:\/\/simplesmile.com\/sv\/produkt\/simplesmile-multifunctional-super-white-toothpaste-75-ml\/#breadcrumb"},"inLanguage":"sv-SE","potentialAction":[{"@type":"ReadAction","target":["https:\/\/simplesmile.com\/sv\/produkt\/simplesmile-multifunctional-super-white-toothpaste-75-ml\/"]}]},{"@type":"ImageObject","inLanguage":"sv-SE","@id":"https:\/\/simplesmile.com\/sv\/produkt\/simplesmile-multifunctional-super-white-toothpaste-75-ml\/#primaryimage","url":"https:\/\/simplesmile.com\/wp-content\/uploads\/2023\/11\/SimpleSmile\u00ae-SUPERWHITE-box-tube.jpeg","contentUrl":"https:\/\/simplesmile.com\/wp-content\/uploads\/2023\/11\/SimpleSmile\u00ae-SUPERWHITE-box-tube.jpeg","width":480,"height":640,"caption":"SimpleSmile\u00ae SUPERWHITE box tube"},{"@type":"BreadcrumbList","@id":"https:\/\/simplesmile.com\/sv\/produkt\/simplesmile-multifunctional-super-white-toothpaste-75-ml\/#breadcrumb","itemListElement":[{"@type":"ListItem","position":1,"name":"Home","item":"https:\/\/simplesmile.com\/sv\/"},{"@type":"ListItem","position":2,"name":"Webbutik","item":"https:\/\/simplesmile.com\/sv\/butik\/"},{"@type":"ListItem","position":3,"name":"SimpleSmile\u00ae Multifunktionella SUPER WHITE TANDKR\u00c4M 75 ml"}]},{"@type":"WebSite","@id":"https:\/\/simplesmile.com\/sv\/#website","url":"https:\/\/simplesmile.com\/sv\/","name":"SimpleSmile","description":"Vitare t\u00e4nder med garanterat resultat","potentialAction":[{"@type":"SearchAction","target":{"@type":"EntryPoint","urlTemplate":"https:\/\/simplesmile.com\/sv\/?s={search_term_string}"},"query-input":{"@type":"PropertyValueSpecification","valueRequired":true,"valueName":"search_term_string"}}],"inLanguage":"sv-SE"}]}},"_links":{"self":[{"href":"https:\/\/simplesmile.com\/sv\/wp-json\/wp\/v2\/product\/2465","targetHints":{"allow":["GET"]}}],"collection":[{"href":"https:\/\/simplesmile.com\/sv\/wp-json\/wp\/v2\/product"}],"about":[{"href":"https:\/\/simplesmile.com\/sv\/wp-json\/wp\/v2\/types\/product"}],"replies":[{"embeddable":true,"href":"https:\/\/simplesmile.com\/sv\/wp-json\/wp\/v2\/comments?post=2465"}],"wp:featuredmedia":[{"embeddable":true,"href":"https:\/\/simplesmile.com\/sv\/wp-json\/wp\/v2\/media\/2466"}],"wp:attachment":[{"href":"https:\/\/simplesmile.com\/sv\/wp-json\/wp\/v2\/media?parent=2465"}],"wp:term":[{"taxonomy":"product_brand","embeddable":true,"href":"https:\/\/simplesmile.com\/sv\/wp-json\/wp\/v2\/product_brand?post=2465"},{"taxonomy":"product_cat","embeddable":true,"href":"https:\/\/simplesmile.com\/sv\/wp-json\/wp\/v2\/product_cat?post=2465"},{"taxonomy":"product_tag","embeddable":true,"href":"https:\/\/simplesmile.com\/sv\/wp-json\/wp\/v2\/product_tag?post=2465"}],"curies":[{"name":"wp","href":"https:\/\/api.w.org\/{rel}","templated":true}]}}