{"id":516,"date":"2020-11-19T10:34:44","date_gmt":"2020-11-19T09:34:44","guid":{"rendered":"https:\/\/simplesmile.hemsida.eu\/?post_type=product&#038;p=516"},"modified":"2026-04-24T07:13:37","modified_gmt":"2026-04-24T05:13:37","slug":"teeth-whitening-x4-expert-pen","status":"publish","type":"product","link":"https:\/\/simplesmile.com\/sv\/produkt\/teeth-whitening-x4-expert-pen\/","title":{"rendered":"SIMPLESMILE\u00ae Expert Pen"},"content":{"rendered":"<p>Simplesmile\u00ae Expert Pen erbjuder ett smidigt och enkelt s\u00e4tt att underh\u00e5lla t\u00e4ndernas vithet som ett komplement till Simplesmile\u00ae kompletta tandblekningskit. Den \u00e4r enkel att ta med sig, \u00e4r skonsam mot t\u00e4nder och tandk\u00f6tt samt kan appliceras s\u00e5 ofta man \u00f6nskar.\u00a0Gelen i pennan inneh\u00e5ller flera aktiva ingredienser, d\u00e4ribland PAP, natriumbikarbonat och kokossulfat som arbetar tillsammans f\u00f6r att effektivt reng\u00f6ra och bleka t\u00e4nderna.<\/p>\n<p>Med Expert Pen penslar man blekgelen j\u00e4mnt \u00f6ver tandytan f\u00f6r att effektivt f\u00f6rb\u00e4ttra resultatet av tandblekningen, eller om man vill f\u00f6rst\u00e4rka blekningen av en eller flera enskilda t\u00e4nder.<\/p>\n<p>F\u00f6rpackningen inneh\u00e5ller 1 x Expert Pen (2 ml) som r\u00e4cker till ca. 25 behandlingar, nyansguide samt bruksanvisning.<\/p>\n","protected":false},"excerpt":{"rendered":"<p>Simplesmile\u00ae Expert Pen med v\u00e5r mest effektiva tandblekningsgel erbjuder ett smidigt och enkelt s\u00e4tt att underh\u00e5lla t\u00e4ndernas vithet. Du f\u00e5r 1 x Expert Pen (2 ml) som r\u00e4cker till ca. 25 behandlingar, nyansguide samt bruksanvisning.<\/p>\n","protected":false},"featured_media":1224,"comment_status":"open","ping_status":"closed","template":"","meta":{"_acf_changed":false,"om_disable_all_campaigns":false,"_monsterinsights_skip_tracking":false,"_monsterinsights_sitenote_active":false,"_monsterinsights_sitenote_note":"","_monsterinsights_sitenote_category":0},"product_brand":[],"product_cat":[42],"product_tag":[],"class_list":{"0":"post-516","1":"product","2":"type-product","3":"status-publish","4":"has-post-thumbnail","6":"product_cat-ovrigt","8":"first","9":"outofstock","10":"taxable","11":"shipping-taxable","12":"purchasable","13":"product-type-simple"},"acf":[],"aioseo_notices":[],"shsp-ext":{"main":{},"variations":[]},"yoast_head":"<!-- This site is optimized with the Yoast SEO plugin v27.2 - https:\/\/yoast.com\/product\/yoast-seo-wordpress\/ -->\n<title>SIMPLESMILE\u00ae Expert Pen - SimpleSmile<\/title>\n<meta name=\"robots\" content=\"index, follow, max-snippet:-1, max-image-preview:large, max-video-preview:-1\" \/>\n<link rel=\"canonical\" href=\"https:\/\/simplesmile.com\/sv\/produkt\/teeth-whitening-x4-expert-pen\/\" \/>\n<meta property=\"og:locale\" content=\"sv_SE\" \/>\n<meta property=\"og:type\" content=\"article\" \/>\n<meta property=\"og:title\" content=\"SIMPLESMILE\u00ae Expert Pen - SimpleSmile\" \/>\n<meta property=\"og:description\" content=\"Simplesmile\u00ae Expert Pen med v\u00e5r mest effektiva tandblekningsgel erbjuder ett smidigt och enkelt s\u00e4tt att underh\u00e5lla t\u00e4ndernas vithet. Du f\u00e5r 1 x Expert Pen (2 ml) som r\u00e4cker till ca. 25 behandlingar, nyansguide samt bruksanvisning.\" \/>\n<meta property=\"og:url\" content=\"https:\/\/simplesmile.com\/sv\/produkt\/teeth-whitening-x4-expert-pen\/\" \/>\n<meta property=\"og:site_name\" content=\"SimpleSmile\" \/>\n<meta property=\"article:modified_time\" content=\"2026-04-24T05:13:37+00:00\" \/>\n<meta property=\"og:image\" content=\"https:\/\/simplesmile.com\/wp-content\/uploads\/2020\/11\/Simplesmile-Expert-Pen.jpg\" \/>\n\t<meta property=\"og:image:width\" content=\"1417\" \/>\n\t<meta property=\"og:image:height\" content=\"1063\" \/>\n\t<meta property=\"og:image:type\" content=\"image\/jpeg\" \/>\n<meta name=\"twitter:card\" content=\"summary_large_image\" \/>\n<meta name=\"twitter:label1\" content=\"Ber\u00e4knad l\u00e4stid\" \/>\n\t<meta name=\"twitter:data1\" content=\"1 minut\" \/>\n<script type=\"application\/ld+json\" class=\"yoast-schema-graph\">{\"@context\":\"https:\/\/schema.org\",\"@graph\":[{\"@type\":\"WebPage\",\"@id\":\"https:\/\/simplesmile.com\/sv\/produkt\/teeth-whitening-x4-expert-pen\/\",\"url\":\"https:\/\/simplesmile.com\/sv\/produkt\/teeth-whitening-x4-expert-pen\/\",\"name\":\"SIMPLESMILE\u00ae Expert Pen - SimpleSmile\",\"isPartOf\":{\"@id\":\"https:\/\/simplesmile.com\/sv\/#website\"},\"primaryImageOfPage\":{\"@id\":\"https:\/\/simplesmile.com\/sv\/produkt\/teeth-whitening-x4-expert-pen\/#primaryimage\"},\"image\":{\"@id\":\"https:\/\/simplesmile.com\/sv\/produkt\/teeth-whitening-x4-expert-pen\/#primaryimage\"},\"thumbnailUrl\":\"https:\/\/simplesmile.com\/wp-content\/uploads\/2020\/11\/Simplesmile-Expert-Pen.jpg\",\"datePublished\":\"2020-11-19T09:34:44+00:00\",\"dateModified\":\"2026-04-24T05:13:37+00:00\",\"breadcrumb\":{\"@id\":\"https:\/\/simplesmile.com\/sv\/produkt\/teeth-whitening-x4-expert-pen\/#breadcrumb\"},\"inLanguage\":\"sv-SE\",\"potentialAction\":[{\"@type\":\"ReadAction\",\"target\":[\"https:\/\/simplesmile.com\/sv\/produkt\/teeth-whitening-x4-expert-pen\/\"]}]},{\"@type\":\"ImageObject\",\"inLanguage\":\"sv-SE\",\"@id\":\"https:\/\/simplesmile.com\/sv\/produkt\/teeth-whitening-x4-expert-pen\/#primaryimage\",\"url\":\"https:\/\/simplesmile.com\/wp-content\/uploads\/2020\/11\/Simplesmile-Expert-Pen.jpg\",\"contentUrl\":\"https:\/\/simplesmile.com\/wp-content\/uploads\/2020\/11\/Simplesmile-Expert-Pen.jpg\",\"width\":1417,\"height\":1063,\"caption\":\"Simplesmile Expert Pen\"},{\"@type\":\"BreadcrumbList\",\"@id\":\"https:\/\/simplesmile.com\/sv\/produkt\/teeth-whitening-x4-expert-pen\/#breadcrumb\",\"itemListElement\":[{\"@type\":\"ListItem\",\"position\":1,\"name\":\"Home\",\"item\":\"https:\/\/simplesmile.com\/sv\/\"},{\"@type\":\"ListItem\",\"position\":2,\"name\":\"Webbutik\",\"item\":\"https:\/\/simplesmile.com\/sv\/butik\/\"},{\"@type\":\"ListItem\",\"position\":3,\"name\":\"SIMPLESMILE\u00ae Expert Pen\"}]},{\"@type\":\"WebSite\",\"@id\":\"https:\/\/simplesmile.com\/sv\/#website\",\"url\":\"https:\/\/simplesmile.com\/sv\/\",\"name\":\"SimpleSmile\",\"description\":\"Vitare t\u00e4nder med garanterat resultat\",\"potentialAction\":[{\"@type\":\"SearchAction\",\"target\":{\"@type\":\"EntryPoint\",\"urlTemplate\":\"https:\/\/simplesmile.com\/sv\/?s={search_term_string}\"},\"query-input\":{\"@type\":\"PropertyValueSpecification\",\"valueRequired\":true,\"valueName\":\"search_term_string\"}}],\"inLanguage\":\"sv-SE\"}]}<\/script>\n<!-- \/ Yoast SEO plugin. -->","yoast_head_json":{"title":"SIMPLESMILE\u00ae Expert Pen - SimpleSmile","robots":{"index":"index","follow":"follow","max-snippet":"max-snippet:-1","max-image-preview":"max-image-preview:large","max-video-preview":"max-video-preview:-1"},"canonical":"https:\/\/simplesmile.com\/sv\/produkt\/teeth-whitening-x4-expert-pen\/","og_locale":"sv_SE","og_type":"article","og_title":"SIMPLESMILE\u00ae Expert Pen - SimpleSmile","og_description":"Simplesmile\u00ae Expert Pen med v\u00e5r mest effektiva tandblekningsgel erbjuder ett smidigt och enkelt s\u00e4tt att underh\u00e5lla t\u00e4ndernas vithet. Du f\u00e5r 1 x Expert Pen (2 ml) som r\u00e4cker till ca. 25 behandlingar, nyansguide samt bruksanvisning.","og_url":"https:\/\/simplesmile.com\/sv\/produkt\/teeth-whitening-x4-expert-pen\/","og_site_name":"SimpleSmile","article_modified_time":"2026-04-24T05:13:37+00:00","og_image":[{"width":1417,"height":1063,"url":"https:\/\/simplesmile.com\/wp-content\/uploads\/2020\/11\/Simplesmile-Expert-Pen.jpg","type":"image\/jpeg"}],"twitter_card":"summary_large_image","twitter_misc":{"Ber\u00e4knad l\u00e4stid":"1 minut"},"schema":{"@context":"https:\/\/schema.org","@graph":[{"@type":"WebPage","@id":"https:\/\/simplesmile.com\/sv\/produkt\/teeth-whitening-x4-expert-pen\/","url":"https:\/\/simplesmile.com\/sv\/produkt\/teeth-whitening-x4-expert-pen\/","name":"SIMPLESMILE\u00ae Expert Pen - SimpleSmile","isPartOf":{"@id":"https:\/\/simplesmile.com\/sv\/#website"},"primaryImageOfPage":{"@id":"https:\/\/simplesmile.com\/sv\/produkt\/teeth-whitening-x4-expert-pen\/#primaryimage"},"image":{"@id":"https:\/\/simplesmile.com\/sv\/produkt\/teeth-whitening-x4-expert-pen\/#primaryimage"},"thumbnailUrl":"https:\/\/simplesmile.com\/wp-content\/uploads\/2020\/11\/Simplesmile-Expert-Pen.jpg","datePublished":"2020-11-19T09:34:44+00:00","dateModified":"2026-04-24T05:13:37+00:00","breadcrumb":{"@id":"https:\/\/simplesmile.com\/sv\/produkt\/teeth-whitening-x4-expert-pen\/#breadcrumb"},"inLanguage":"sv-SE","potentialAction":[{"@type":"ReadAction","target":["https:\/\/simplesmile.com\/sv\/produkt\/teeth-whitening-x4-expert-pen\/"]}]},{"@type":"ImageObject","inLanguage":"sv-SE","@id":"https:\/\/simplesmile.com\/sv\/produkt\/teeth-whitening-x4-expert-pen\/#primaryimage","url":"https:\/\/simplesmile.com\/wp-content\/uploads\/2020\/11\/Simplesmile-Expert-Pen.jpg","contentUrl":"https:\/\/simplesmile.com\/wp-content\/uploads\/2020\/11\/Simplesmile-Expert-Pen.jpg","width":1417,"height":1063,"caption":"Simplesmile Expert Pen"},{"@type":"BreadcrumbList","@id":"https:\/\/simplesmile.com\/sv\/produkt\/teeth-whitening-x4-expert-pen\/#breadcrumb","itemListElement":[{"@type":"ListItem","position":1,"name":"Home","item":"https:\/\/simplesmile.com\/sv\/"},{"@type":"ListItem","position":2,"name":"Webbutik","item":"https:\/\/simplesmile.com\/sv\/butik\/"},{"@type":"ListItem","position":3,"name":"SIMPLESMILE\u00ae Expert Pen"}]},{"@type":"WebSite","@id":"https:\/\/simplesmile.com\/sv\/#website","url":"https:\/\/simplesmile.com\/sv\/","name":"SimpleSmile","description":"Vitare t\u00e4nder med garanterat resultat","potentialAction":[{"@type":"SearchAction","target":{"@type":"EntryPoint","urlTemplate":"https:\/\/simplesmile.com\/sv\/?s={search_term_string}"},"query-input":{"@type":"PropertyValueSpecification","valueRequired":true,"valueName":"search_term_string"}}],"inLanguage":"sv-SE"}]}},"_links":{"self":[{"href":"https:\/\/simplesmile.com\/sv\/wp-json\/wp\/v2\/product\/516","targetHints":{"allow":["GET"]}}],"collection":[{"href":"https:\/\/simplesmile.com\/sv\/wp-json\/wp\/v2\/product"}],"about":[{"href":"https:\/\/simplesmile.com\/sv\/wp-json\/wp\/v2\/types\/product"}],"replies":[{"embeddable":true,"href":"https:\/\/simplesmile.com\/sv\/wp-json\/wp\/v2\/comments?post=516"}],"wp:featuredmedia":[{"embeddable":true,"href":"https:\/\/simplesmile.com\/sv\/wp-json\/wp\/v2\/media\/1224"}],"wp:attachment":[{"href":"https:\/\/simplesmile.com\/sv\/wp-json\/wp\/v2\/media?parent=516"}],"wp:term":[{"taxonomy":"product_brand","embeddable":true,"href":"https:\/\/simplesmile.com\/sv\/wp-json\/wp\/v2\/product_brand?post=516"},{"taxonomy":"product_cat","embeddable":true,"href":"https:\/\/simplesmile.com\/sv\/wp-json\/wp\/v2\/product_cat?post=516"},{"taxonomy":"product_tag","embeddable":true,"href":"https:\/\/simplesmile.com\/sv\/wp-json\/wp\/v2\/product_tag?post=516"}],"curies":[{"name":"wp","href":"https:\/\/api.w.org\/{rel}","templated":true}]}}