{"id":550,"date":"2020-11-19T11:33:06","date_gmt":"2020-11-19T10:33:06","guid":{"rendered":"https:\/\/simplesmile.hemsida.eu\/?post_type=product&#038;p=550"},"modified":"2026-04-27T13:49:48","modified_gmt":"2026-04-27T11:49:48","slug":"teeth-whitening-x4-expert-refill","status":"publish","type":"product","link":"https:\/\/simplesmile.com\/sv\/produkt\/teeth-whitening-x4-expert-refill\/","title":{"rendered":"SIMPLESMILE\u00ae Expert Refill"},"content":{"rendered":"<p>Simplesmile\u00ae Expert Refill inneh\u00e5ller tandblekningsgel med Triple Boost Max teknologi som reng\u00f6r med aktiva fl\u00e4ckborttagare samt bleker med natriumbikarbonat och PAP* f\u00f6r \u00f6kad effektivitet. Expert Kit \u00e4r ett komplett tandblekningskit f\u00f6r att effektivt bleka t\u00e4nderna hemma snabbt, enkelt och skonsamt. Den inneh\u00e5ller 10 ml Triple Boost Max tandblekningsgel, som anv\u00e4nds tillsammans med de medf\u00f6ljande munskenorna som utformas individuellt med hj\u00e4lp av varmt vatten.<\/p>\n<p>Gelen inneh\u00e5ller flera aktiva ingredienser, d\u00e4ribland PAP, natriumbikarbonat och kokossulfat som arbetar tillsammans f\u00f6r att effektivt reng\u00f6ra och bleka t\u00e4nderna. PAP \u00e4r en organisk ingrediens som resulterar i en h\u00f6g grad av oxidation. Oxidation \u00e4r n\u00f6dv\u00e4ndig f\u00f6r blekningsprocessen eftersom den neutraliserar organiska bindningar som orsakar missf\u00e4rgningar i t\u00e4nderna.<\/p>\n<p>Expert Kit tandblekningsgel \u00e4r 100% peroxidfri och ger inga ilningar eller andra obehagliga biverkningar i t\u00e4nder eller tandk\u00f6tt.<\/p>\n<p>F\u00f6rpackningen inneh\u00e5ller Expert Kit X4 tandblekningsgel (10 ml) och bruksanvisning.<\/p>\n<p>*Phthalimidoperoxycaproic acid<\/p>\n<p>&nbsp;<\/p>\n","protected":false},"excerpt":{"rendered":"<p>Refillgel till Simplesmile\u00ae Expert Kit. Du f\u00e5r Expert Kit tandblekningsgel (10 ml) samt bruksanvisning.<\/p>\n","protected":false},"featured_media":1184,"comment_status":"open","ping_status":"closed","template":"","meta":{"_acf_changed":false,"om_disable_all_campaigns":false,"_monsterinsights_skip_tracking":false,"_monsterinsights_sitenote_active":false,"_monsterinsights_sitenote_note":"","_monsterinsights_sitenote_category":0},"product_brand":[],"product_cat":[41],"product_tag":[],"class_list":{"0":"post-550","1":"product","2":"type-product","3":"status-publish","4":"has-post-thumbnail","6":"product_cat-refills","8":"first","9":"instock","10":"taxable","11":"shipping-taxable","12":"purchasable","13":"product-type-simple"},"acf":[],"aioseo_notices":[],"shsp-ext":{"main":{},"variations":[]},"yoast_head":"<!-- This site is optimized with the Yoast SEO plugin v27.2 - https:\/\/yoast.com\/product\/yoast-seo-wordpress\/ -->\n<title>SIMPLESMILE\u00ae Expert Refill - SimpleSmile<\/title>\n<meta name=\"robots\" content=\"index, follow, max-snippet:-1, max-image-preview:large, max-video-preview:-1\" \/>\n<link rel=\"canonical\" href=\"https:\/\/simplesmile.com\/sv\/produkt\/teeth-whitening-x4-expert-refill\/\" \/>\n<meta property=\"og:locale\" content=\"sv_SE\" \/>\n<meta property=\"og:type\" content=\"article\" \/>\n<meta property=\"og:title\" content=\"SIMPLESMILE\u00ae Expert Refill - SimpleSmile\" \/>\n<meta property=\"og:description\" content=\"Refillgel till Simplesmile\u00ae Expert Kit. Du f\u00e5r Expert Kit tandblekningsgel (10 ml) samt bruksanvisning.\" \/>\n<meta property=\"og:url\" content=\"https:\/\/simplesmile.com\/sv\/produkt\/teeth-whitening-x4-expert-refill\/\" \/>\n<meta property=\"og:site_name\" content=\"SimpleSmile\" \/>\n<meta property=\"article:modified_time\" content=\"2026-04-27T11:49:48+00:00\" \/>\n<meta property=\"og:image\" content=\"https:\/\/simplesmile.com\/wp-content\/uploads\/2020\/11\/Simplesmile-Expert-Refill.jpg\" \/>\n\t<meta property=\"og:image:width\" content=\"1417\" \/>\n\t<meta property=\"og:image:height\" content=\"1063\" \/>\n\t<meta property=\"og:image:type\" content=\"image\/jpeg\" \/>\n<meta name=\"twitter:card\" content=\"summary_large_image\" \/>\n<meta name=\"twitter:label1\" content=\"Ber\u00e4knad l\u00e4stid\" \/>\n\t<meta name=\"twitter:data1\" content=\"1 minut\" \/>\n<script type=\"application\/ld+json\" class=\"yoast-schema-graph\">{\"@context\":\"https:\/\/schema.org\",\"@graph\":[{\"@type\":\"WebPage\",\"@id\":\"https:\/\/simplesmile.com\/sv\/produkt\/teeth-whitening-x4-expert-refill\/\",\"url\":\"https:\/\/simplesmile.com\/sv\/produkt\/teeth-whitening-x4-expert-refill\/\",\"name\":\"SIMPLESMILE\u00ae Expert Refill - SimpleSmile\",\"isPartOf\":{\"@id\":\"https:\/\/simplesmile.com\/sv\/#website\"},\"primaryImageOfPage\":{\"@id\":\"https:\/\/simplesmile.com\/sv\/produkt\/teeth-whitening-x4-expert-refill\/#primaryimage\"},\"image\":{\"@id\":\"https:\/\/simplesmile.com\/sv\/produkt\/teeth-whitening-x4-expert-refill\/#primaryimage\"},\"thumbnailUrl\":\"https:\/\/simplesmile.com\/wp-content\/uploads\/2020\/11\/Simplesmile-Expert-Refill.jpg\",\"datePublished\":\"2020-11-19T10:33:06+00:00\",\"dateModified\":\"2026-04-27T11:49:48+00:00\",\"breadcrumb\":{\"@id\":\"https:\/\/simplesmile.com\/sv\/produkt\/teeth-whitening-x4-expert-refill\/#breadcrumb\"},\"inLanguage\":\"sv-SE\",\"potentialAction\":[{\"@type\":\"ReadAction\",\"target\":[\"https:\/\/simplesmile.com\/sv\/produkt\/teeth-whitening-x4-expert-refill\/\"]}]},{\"@type\":\"ImageObject\",\"inLanguage\":\"sv-SE\",\"@id\":\"https:\/\/simplesmile.com\/sv\/produkt\/teeth-whitening-x4-expert-refill\/#primaryimage\",\"url\":\"https:\/\/simplesmile.com\/wp-content\/uploads\/2020\/11\/Simplesmile-Expert-Refill.jpg\",\"contentUrl\":\"https:\/\/simplesmile.com\/wp-content\/uploads\/2020\/11\/Simplesmile-Expert-Refill.jpg\",\"width\":1417,\"height\":1063,\"caption\":\"Simplesmile Expert Refill\"},{\"@type\":\"BreadcrumbList\",\"@id\":\"https:\/\/simplesmile.com\/sv\/produkt\/teeth-whitening-x4-expert-refill\/#breadcrumb\",\"itemListElement\":[{\"@type\":\"ListItem\",\"position\":1,\"name\":\"Home\",\"item\":\"https:\/\/simplesmile.com\/sv\/\"},{\"@type\":\"ListItem\",\"position\":2,\"name\":\"Webbutik\",\"item\":\"https:\/\/simplesmile.com\/sv\/butik\/\"},{\"@type\":\"ListItem\",\"position\":3,\"name\":\"SIMPLESMILE\u00ae Expert Refill\"}]},{\"@type\":\"WebSite\",\"@id\":\"https:\/\/simplesmile.com\/sv\/#website\",\"url\":\"https:\/\/simplesmile.com\/sv\/\",\"name\":\"SimpleSmile\",\"description\":\"Vitare t\u00e4nder med garanterat resultat\",\"potentialAction\":[{\"@type\":\"SearchAction\",\"target\":{\"@type\":\"EntryPoint\",\"urlTemplate\":\"https:\/\/simplesmile.com\/sv\/?s={search_term_string}\"},\"query-input\":{\"@type\":\"PropertyValueSpecification\",\"valueRequired\":true,\"valueName\":\"search_term_string\"}}],\"inLanguage\":\"sv-SE\"}]}<\/script>\n<!-- \/ Yoast SEO plugin. -->","yoast_head_json":{"title":"SIMPLESMILE\u00ae Expert Refill - SimpleSmile","robots":{"index":"index","follow":"follow","max-snippet":"max-snippet:-1","max-image-preview":"max-image-preview:large","max-video-preview":"max-video-preview:-1"},"canonical":"https:\/\/simplesmile.com\/sv\/produkt\/teeth-whitening-x4-expert-refill\/","og_locale":"sv_SE","og_type":"article","og_title":"SIMPLESMILE\u00ae Expert Refill - SimpleSmile","og_description":"Refillgel till Simplesmile\u00ae Expert Kit. Du f\u00e5r Expert Kit tandblekningsgel (10 ml) samt bruksanvisning.","og_url":"https:\/\/simplesmile.com\/sv\/produkt\/teeth-whitening-x4-expert-refill\/","og_site_name":"SimpleSmile","article_modified_time":"2026-04-27T11:49:48+00:00","og_image":[{"width":1417,"height":1063,"url":"https:\/\/simplesmile.com\/wp-content\/uploads\/2020\/11\/Simplesmile-Expert-Refill.jpg","type":"image\/jpeg"}],"twitter_card":"summary_large_image","twitter_misc":{"Ber\u00e4knad l\u00e4stid":"1 minut"},"schema":{"@context":"https:\/\/schema.org","@graph":[{"@type":"WebPage","@id":"https:\/\/simplesmile.com\/sv\/produkt\/teeth-whitening-x4-expert-refill\/","url":"https:\/\/simplesmile.com\/sv\/produkt\/teeth-whitening-x4-expert-refill\/","name":"SIMPLESMILE\u00ae Expert Refill - SimpleSmile","isPartOf":{"@id":"https:\/\/simplesmile.com\/sv\/#website"},"primaryImageOfPage":{"@id":"https:\/\/simplesmile.com\/sv\/produkt\/teeth-whitening-x4-expert-refill\/#primaryimage"},"image":{"@id":"https:\/\/simplesmile.com\/sv\/produkt\/teeth-whitening-x4-expert-refill\/#primaryimage"},"thumbnailUrl":"https:\/\/simplesmile.com\/wp-content\/uploads\/2020\/11\/Simplesmile-Expert-Refill.jpg","datePublished":"2020-11-19T10:33:06+00:00","dateModified":"2026-04-27T11:49:48+00:00","breadcrumb":{"@id":"https:\/\/simplesmile.com\/sv\/produkt\/teeth-whitening-x4-expert-refill\/#breadcrumb"},"inLanguage":"sv-SE","potentialAction":[{"@type":"ReadAction","target":["https:\/\/simplesmile.com\/sv\/produkt\/teeth-whitening-x4-expert-refill\/"]}]},{"@type":"ImageObject","inLanguage":"sv-SE","@id":"https:\/\/simplesmile.com\/sv\/produkt\/teeth-whitening-x4-expert-refill\/#primaryimage","url":"https:\/\/simplesmile.com\/wp-content\/uploads\/2020\/11\/Simplesmile-Expert-Refill.jpg","contentUrl":"https:\/\/simplesmile.com\/wp-content\/uploads\/2020\/11\/Simplesmile-Expert-Refill.jpg","width":1417,"height":1063,"caption":"Simplesmile Expert Refill"},{"@type":"BreadcrumbList","@id":"https:\/\/simplesmile.com\/sv\/produkt\/teeth-whitening-x4-expert-refill\/#breadcrumb","itemListElement":[{"@type":"ListItem","position":1,"name":"Home","item":"https:\/\/simplesmile.com\/sv\/"},{"@type":"ListItem","position":2,"name":"Webbutik","item":"https:\/\/simplesmile.com\/sv\/butik\/"},{"@type":"ListItem","position":3,"name":"SIMPLESMILE\u00ae Expert Refill"}]},{"@type":"WebSite","@id":"https:\/\/simplesmile.com\/sv\/#website","url":"https:\/\/simplesmile.com\/sv\/","name":"SimpleSmile","description":"Vitare t\u00e4nder med garanterat resultat","potentialAction":[{"@type":"SearchAction","target":{"@type":"EntryPoint","urlTemplate":"https:\/\/simplesmile.com\/sv\/?s={search_term_string}"},"query-input":{"@type":"PropertyValueSpecification","valueRequired":true,"valueName":"search_term_string"}}],"inLanguage":"sv-SE"}]}},"_links":{"self":[{"href":"https:\/\/simplesmile.com\/sv\/wp-json\/wp\/v2\/product\/550","targetHints":{"allow":["GET"]}}],"collection":[{"href":"https:\/\/simplesmile.com\/sv\/wp-json\/wp\/v2\/product"}],"about":[{"href":"https:\/\/simplesmile.com\/sv\/wp-json\/wp\/v2\/types\/product"}],"replies":[{"embeddable":true,"href":"https:\/\/simplesmile.com\/sv\/wp-json\/wp\/v2\/comments?post=550"}],"wp:featuredmedia":[{"embeddable":true,"href":"https:\/\/simplesmile.com\/sv\/wp-json\/wp\/v2\/media\/1184"}],"wp:attachment":[{"href":"https:\/\/simplesmile.com\/sv\/wp-json\/wp\/v2\/media?parent=550"}],"wp:term":[{"taxonomy":"product_brand","embeddable":true,"href":"https:\/\/simplesmile.com\/sv\/wp-json\/wp\/v2\/product_brand?post=550"},{"taxonomy":"product_cat","embeddable":true,"href":"https:\/\/simplesmile.com\/sv\/wp-json\/wp\/v2\/product_cat?post=550"},{"taxonomy":"product_tag","embeddable":true,"href":"https:\/\/simplesmile.com\/sv\/wp-json\/wp\/v2\/product_tag?post=550"}],"curies":[{"name":"wp","href":"https:\/\/api.w.org\/{rel}","templated":true}]}}